{"id":6676,"date":"2024-09-11T16:42:45","date_gmt":"2024-09-11T13:42:45","guid":{"rendered":"https:\/\/www.makitamarket.com.tr\/site\/urun\/powerwash-powerwash-soguk-yikama-makinasi-300-bar\/"},"modified":"2025-09-21T17:03:05","modified_gmt":"2025-09-21T14:03:05","slug":"powerwash-powerwash-soguk-yikama-makinasi-300-bar","status":"publish","type":"product","link":"https:\/\/www.makitamarket.com.tr\/site\/urun\/powerwash-powerwash-soguk-yikama-makinasi-300-bar\/","title":{"rendered":"Powerwash APW-VQA-300P POWERWASH SO\u011eUK YIKAMA MAK\u0130NASI 300 BAR"},"content":{"rendered":"<div>\n\t<strong>Standart Aksesuarlar :\u00a0<\/strong><\/div>\n<ul>\n<li>\n\t\t90cm tetiksiz tabanca<\/li>\n<li>\n\t\t12m hortum<\/li>\n<\/ul>\n<table>\n<tr>\n<td>Max.Bas\u0131n\u00e7<\/td>\n<td>300 bar<\/td>\n<\/tr>\n<tr>\n<td>Debi<\/td>\n<td>21 lt.\/dk<\/td>\n<\/tr>\n<tr>\n<td>Hortum<\/td>\n<td>12 mt<\/td>\n<\/tr>\n<tr>\n<td>Pompa Tipi<\/td>\n<td>3 Silindirli Seramik Pistonlu<\/td>\n<\/tr>\n<tr>\n<td>Motor G\u00fcc\u00fc<\/td>\n<td>11\/15<\/td>\n<\/tr>\n<tr>\n<td>A\u011f\u0131rl\u0131k<\/td>\n<td>100 kg<\/td>\n<\/tr>\n<tr>\n<td>Voltaj<\/td>\n<td>380V<\/td>\n<\/tr>\n<tr>\n<td>\u00c7al\u0131\u015fma Bas\u0131nc\u0131 (bar)<\/td>\n<td>30-300 Ayarlanabilir<\/td>\n<\/tr>\n<\/table>\n","protected":false},"excerpt":{"rendered":"<div>\n\t<strong>Standart Aksesuarlar :\u00a0<\/strong><\/div>\n<ul>\n<li>\n\t\t90cm tetiksiz tabanca<\/li>\n<li>\n\t\t12m hortum<\/li>\n<\/ul>\n","protected":false},"featured_media":7755,"comment_status":"open","ping_status":"closed","template":"","meta":{"_acf_changed":false},"product_brand":[1489],"product_cat":[15],"product_tag":[],"class_list":{"0":"post-6676","1":"product","2":"type-product","3":"status-publish","4":"has-post-thumbnail","6":"product_brand-powerwash","7":"product_cat-genel","9":"first","10":"outofstock","11":"taxable","12":"shipping-taxable","13":"purchasable","14":"product-type-simple","15":"add-to-wishlist-after_add_to_cart"},"acf":[],"_links":{"self":[{"href":"https:\/\/www.makitamarket.com.tr\/site\/wp-json\/wp\/v2\/product\/6676","targetHints":{"allow":["GET"]}}],"collection":[{"href":"https:\/\/www.makitamarket.com.tr\/site\/wp-json\/wp\/v2\/product"}],"about":[{"href":"https:\/\/www.makitamarket.com.tr\/site\/wp-json\/wp\/v2\/types\/product"}],"replies":[{"embeddable":true,"href":"https:\/\/www.makitamarket.com.tr\/site\/wp-json\/wp\/v2\/comments?post=6676"}],"wp:featuredmedia":[{"embeddable":true,"href":"https:\/\/www.makitamarket.com.tr\/site\/wp-json\/wp\/v2\/media\/7755"}],"wp:attachment":[{"href":"https:\/\/www.makitamarket.com.tr\/site\/wp-json\/wp\/v2\/media?parent=6676"}],"wp:term":[{"taxonomy":"product_brand","embeddable":true,"href":"https:\/\/www.makitamarket.com.tr\/site\/wp-json\/wp\/v2\/product_brand?post=6676"},{"taxonomy":"product_cat","embeddable":true,"href":"https:\/\/www.makitamarket.com.tr\/site\/wp-json\/wp\/v2\/product_cat?post=6676"},{"taxonomy":"product_tag","embeddable":true,"href":"https:\/\/www.makitamarket.com.tr\/site\/wp-json\/wp\/v2\/product_tag?post=6676"}],"curies":[{"name":"wp","href":"https:\/\/api.w.org\/{rel}","templated":true}]}}