{"id":6677,"date":"2024-09-11T16:42:45","date_gmt":"2024-09-11T13:42:45","guid":{"rendered":"https:\/\/www.makitamarket.com.tr\/site\/urun\/powerwash-profesyonel-soguk-sicak-yikama-makinasi-250-bar\/"},"modified":"2025-09-21T16:51:34","modified_gmt":"2025-09-21T13:51:34","slug":"powerwash-profesyonel-soguk-sicak-yikama-makinasi-250-bar","status":"publish","type":"product","link":"https:\/\/www.makitamarket.com.tr\/site\/urun\/powerwash-profesyonel-soguk-sicak-yikama-makinasi-250-bar\/","title":{"rendered":"Powerwash APW-VQA-250H PROFESYONEL SO\u011eUK &#8211; SICAK YIKAMA MAK\u0130NASI 250 BAR"},"content":{"rendered":"<div>\n\t<strong>Standart Aksesuarlar:<\/strong><\/div>\n<div>\n\t\u2022 112cm tetiksiz tabanca<\/div>\n<div>\n\t\u2022 12 m-R2 5\/16 hortum<\/div>\n<div>\n\tTotal Stoplu tetikli modeller i\u00e7in fi yat al\u0131n\u0131z.<\/div>\n<table>\n<tr>\n<td>Max.Bas\u0131n\u00e7<\/td>\n<td>250 bar<\/td>\n<\/tr>\n<tr>\n<td>Debi<\/td>\n<td>15 lt.\/dk.<\/td>\n<\/tr>\n<tr>\n<td>Hortum<\/td>\n<td>12 mt<\/td>\n<\/tr>\n<tr>\n<td>Pompa Tipi<\/td>\n<td>3 Silindirli Seramik Pistonlu<\/td>\n<\/tr>\n<tr>\n<td>Motor G\u00fcc\u00fc (Kw-Hp)<\/td>\n<td>7.5\/10<\/td>\n<\/tr>\n<tr>\n<td>\u00c7al\u0131\u015fma Bas\u0131nc\u0131 (bar)<\/td>\n<td>30-250<\/td>\n<\/tr>\n<tr>\n<td>A\u011f\u0131rl\u0131k<\/td>\n<td>150 Kg<\/td>\n<\/tr>\n<tr>\n<td>Voltaj<\/td>\n<td>380 Trifaze<\/td>\n<\/tr>\n<\/table>\n","protected":false},"excerpt":{"rendered":"<div>\n\t<strong>Standart Aksesuarlar:<\/strong><\/div>\n<div>\n\t\u2022 112cm tetiksiz tabanca<\/div>\n<div>\n\t\u2022 12 m-R2 5\/16 hortum<\/div>\n<div>\n\tTotal Stoplu tetikli modeller i\u00e7in fi yat al\u0131n\u0131z.<\/div>\n","protected":false},"featured_media":0,"comment_status":"open","ping_status":"closed","template":"","meta":{"_acf_changed":false},"product_brand":[1489],"product_cat":[689],"product_tag":[],"class_list":{"0":"post-6677","1":"product","2":"type-product","3":"status-publish","5":"product_brand-powerwash","6":"product_cat-yari-profesyonel-sicak-soguk-yikama-makinalari","8":"first","9":"instock","10":"taxable","11":"shipping-taxable","12":"purchasable","13":"product-type-simple","14":"add-to-wishlist-after_add_to_cart"},"acf":[],"_links":{"self":[{"href":"https:\/\/www.makitamarket.com.tr\/site\/wp-json\/wp\/v2\/product\/6677","targetHints":{"allow":["GET"]}}],"collection":[{"href":"https:\/\/www.makitamarket.com.tr\/site\/wp-json\/wp\/v2\/product"}],"about":[{"href":"https:\/\/www.makitamarket.com.tr\/site\/wp-json\/wp\/v2\/types\/product"}],"replies":[{"embeddable":true,"href":"https:\/\/www.makitamarket.com.tr\/site\/wp-json\/wp\/v2\/comments?post=6677"}],"wp:attachment":[{"href":"https:\/\/www.makitamarket.com.tr\/site\/wp-json\/wp\/v2\/media?parent=6677"}],"wp:term":[{"taxonomy":"product_brand","embeddable":true,"href":"https:\/\/www.makitamarket.com.tr\/site\/wp-json\/wp\/v2\/product_brand?post=6677"},{"taxonomy":"product_cat","embeddable":true,"href":"https:\/\/www.makitamarket.com.tr\/site\/wp-json\/wp\/v2\/product_cat?post=6677"},{"taxonomy":"product_tag","embeddable":true,"href":"https:\/\/www.makitamarket.com.tr\/site\/wp-json\/wp\/v2\/product_tag?post=6677"}],"curies":[{"name":"wp","href":"https:\/\/api.w.org\/{rel}","templated":true}]}}