{"id":6685,"date":"2024-09-11T16:42:48","date_gmt":"2024-09-11T13:42:48","guid":{"rendered":"https:\/\/www.makitamarket.com.tr\/site\/urun\/biglift-tam-akulu-istif-makinasi-1500-kg\/"},"modified":"2025-09-21T16:51:36","modified_gmt":"2025-09-21T13:51:36","slug":"biglift-tam-akulu-istif-makinasi-1500-kg","status":"publish","type":"product","link":"https:\/\/www.makitamarket.com.tr\/site\/urun\/biglift-tam-akulu-istif-makinasi-1500-kg\/","title":{"rendered":"Biglift RM-CL1534 TAM AK\u00dcL\u00dc \u0130ST\u0130F MAK\u0130NASI 1500 kg"},"content":{"rendered":"<table>\n<tr>\n<td>Kullan\u0131m \u015eekli<\/td>\n<td>Yaya<\/td>\n<\/tr>\n<tr>\n<td>Kald\u0131rma Kapasitesi<\/td>\n<td>1500<\/td>\n<\/tr>\n<tr>\n<td>Y\u00fck Merkezi<\/td>\n<td>600<\/td>\n<\/tr>\n<tr>\n<td>Ak\u00fc<\/td>\n<td>24\/210<\/td>\n<\/tr>\n<tr>\n<td>Kald\u0131rma Y\u00fcksekli\u011fi<\/td>\n<td>3400<\/td>\n<\/tr>\n<tr>\n<td>Min. Y\u00fckseklik<\/td>\n<td>86 mm<\/td>\n<\/tr>\n<tr>\n<td>\u00c7atal Uzunlu\u011fu<\/td>\n<td>1150 mm<\/td>\n<\/tr>\n<tr>\n<td>\u00c7atal Geni\u015fli\u011fi<\/td>\n<td>570<\/td>\n<\/tr>\n<tr>\n<td>Max. Geni\u015flik<\/td>\n<td>805 mm<\/td>\n<\/tr>\n<tr>\n<td>Makina Uzunlu\u011fu<\/td>\n<td>1925 mm<\/td>\n<\/tr>\n<tr>\n<td>G\u00f6vde Uzunlu\u011fu<\/td>\n<td>775 mm<\/td>\n<\/tr>\n<tr>\n<td>Mast A\u00e7\u0131k Y\u00fck.<\/td>\n<td>3943 mm<\/td>\n<\/tr>\n<tr>\n<td>Mast Kapal\u0131 Y\u00fck.<\/td>\n<td>1695 mm<\/td>\n<\/tr>\n<tr>\n<td>Y\u00fck Tekerleri<\/td>\n<td>80&#215;70 mm<\/td>\n<\/tr>\n<tr>\n<td>Y\u00fcr\u00fcy\u00fc\u015f Tekerleri<\/td>\n<td>250&#215;78<\/td>\n<\/tr>\n<tr>\n<td>Fren<\/td>\n<td>Elektromanyetik<\/td>\n<\/tr>\n<tr>\n<td>A\u011f\u0131rl\u0131k Ak\u00fc Dahil<\/td>\n<td>1140 kg<\/td>\n<\/tr>\n<\/table>\n","protected":false},"excerpt":{"rendered":"<p>Kullan\u0131m \u015eekli Yaya Kald\u0131rma Kapasitesi 1500 Y\u00fck Merkezi 600 Ak\u00fc 24\/210 Kald\u0131rma Y\u00fcksekli\u011fi 3400 Min. Y\u00fckseklik 86 mm \u00c7atal Uzunlu\u011fu 1150 mm \u00c7atal Geni\u015fli\u011fi 570 Max. Geni\u015flik 805 mm Makina<\/p>\n","protected":false},"featured_media":7761,"comment_status":"open","ping_status":"closed","template":"","meta":{"_acf_changed":false},"product_brand":[1490],"product_cat":[692],"product_tag":[],"class_list":{"0":"post-6685","1":"product","2":"type-product","3":"status-publish","4":"has-post-thumbnail","6":"product_brand-biglift","7":"product_cat-tam-akulu-istif-makinalari","9":"first","10":"outofstock","11":"taxable","12":"shipping-taxable","13":"purchasable","14":"product-type-simple","15":"add-to-wishlist-after_add_to_cart"},"acf":[],"_links":{"self":[{"href":"https:\/\/www.makitamarket.com.tr\/site\/wp-json\/wp\/v2\/product\/6685","targetHints":{"allow":["GET"]}}],"collection":[{"href":"https:\/\/www.makitamarket.com.tr\/site\/wp-json\/wp\/v2\/product"}],"about":[{"href":"https:\/\/www.makitamarket.com.tr\/site\/wp-json\/wp\/v2\/types\/product"}],"replies":[{"embeddable":true,"href":"https:\/\/www.makitamarket.com.tr\/site\/wp-json\/wp\/v2\/comments?post=6685"}],"wp:featuredmedia":[{"embeddable":true,"href":"https:\/\/www.makitamarket.com.tr\/site\/wp-json\/wp\/v2\/media\/7761"}],"wp:attachment":[{"href":"https:\/\/www.makitamarket.com.tr\/site\/wp-json\/wp\/v2\/media?parent=6685"}],"wp:term":[{"taxonomy":"product_brand","embeddable":true,"href":"https:\/\/www.makitamarket.com.tr\/site\/wp-json\/wp\/v2\/product_brand?post=6685"},{"taxonomy":"product_cat","embeddable":true,"href":"https:\/\/www.makitamarket.com.tr\/site\/wp-json\/wp\/v2\/product_cat?post=6685"},{"taxonomy":"product_tag","embeddable":true,"href":"https:\/\/www.makitamarket.com.tr\/site\/wp-json\/wp\/v2\/product_tag?post=6685"}],"curies":[{"name":"wp","href":"https:\/\/api.w.org\/{rel}","templated":true}]}}