{"id":6692,"date":"2024-09-11T16:43:05","date_gmt":"2024-09-11T13:43:05","guid":{"rendered":"https:\/\/www.makitamarket.com.tr\/site\/urun\/lavor-binicili-yikama-otomati-24v\/"},"modified":"2025-01-06T20:23:47","modified_gmt":"2025-01-06T17:23:47","slug":"lavor-binicili-yikama-otomati-24v","status":"publish","type":"product","link":"https:\/\/www.makitamarket.com.tr\/site\/urun\/lavor-binicili-yikama-otomati-24v\/","title":{"rendered":"Lavor COMFORTXXS B\u0130N\u0130C\u0130L\u0130 YIKAMA OTOMATI 24V"},"content":{"rendered":"<div>\n\tFiyata \u015farj cihaz\u0131 dahil.<\/div>\n<div>\n\tAk\u00fc hari\u00e7tir.<\/div>\n<div>\n\t\u00dcr\u00fcn 4 adet 6 V 200 A ak\u00fc ile \u00e7al\u0131\u015fmaktad\u0131r<\/div>\n<table>\n<tr>\n<td>Teorik Temizleme Kapasitesi<\/td>\n<td>3250m2\/h<\/td>\n<\/tr>\n<tr>\n<td>G\u00fc\u00e7 Kayna\u011f\u0131<\/td>\n<td>24 V<\/td>\n<\/tr>\n<tr>\n<td>Vakum Geni\u015fli\u011fi<\/td>\n<td>855 mm<\/td>\n<\/tr>\n<tr>\n<td>F\u0131r\u00e7a Geni\u015fli\u011fi<\/td>\n<td>660 mm<\/td>\n<\/tr>\n<tr>\n<td>Temiz Su Tank\u0131<\/td>\n<td>75 Lt<\/td>\n<\/tr>\n<tr>\n<td>Kirli Su Tank\u0131<\/td>\n<td>75-80 Lt<\/td>\n<\/tr>\n<tr>\n<td>F\u0131r\u00e7a Motor G\u00fcc\u00fc<\/td>\n<td>2&#215;400 W<\/td>\n<\/tr>\n<tr>\n<td>Vakum Motor G\u00fcc\u00fc<\/td>\n<td>400 W<\/td>\n<\/tr>\n<tr>\n<td>Y\u00fcr\u00fcy\u00fc\u015f Motor G\u00fcc\u00fc<\/td>\n<td>400 W<\/td>\n<\/tr>\n<tr>\n<td>\u00d6l\u00e7\u00fcler<\/td>\n<td>123x63x121<\/td>\n<\/tr>\n<tr>\n<td>A\u011f\u0131rl\u0131k<\/td>\n<td>160 kg.<\/td>\n<\/tr>\n<tr>\n<td>Ak\u00fc<\/td>\n<td>4&#215;6 V 200 A<\/td>\n<\/tr>\n<tr>\n<td>Ak\u00fc Kodu<\/td>\n<td>Lavoraku6245<\/td>\n<\/tr>\n<\/table>\n","protected":false},"excerpt":{"rendered":"<div>\n\tFiyata \u015farj cihaz\u0131 dahil.<\/div>\n<div>\n\tAk\u00fc hari\u00e7tir.<\/div>\n<div>\n\t\u00dcr\u00fcn 4 adet 6 V 200 A ak\u00fc ile \u00e7al\u0131\u015fmaktad\u0131r<\/div>\n","protected":false},"featured_media":7860,"comment_status":"open","ping_status":"closed","template":"","meta":{"_acf_changed":false},"product_brand":[],"product_cat":[695],"product_tag":[],"class_list":{"0":"post-6692","1":"product","2":"type-product","3":"status-publish","4":"has-post-thumbnail","6":"product_cat-binicili-yikama-otomatlari","8":"first","9":"instock","10":"taxable","11":"shipping-taxable","12":"purchasable","13":"product-type-simple","14":"add-to-wishlist-after_add_to_cart"},"acf":[],"_links":{"self":[{"href":"https:\/\/www.makitamarket.com.tr\/site\/wp-json\/wp\/v2\/product\/6692","targetHints":{"allow":["GET"]}}],"collection":[{"href":"https:\/\/www.makitamarket.com.tr\/site\/wp-json\/wp\/v2\/product"}],"about":[{"href":"https:\/\/www.makitamarket.com.tr\/site\/wp-json\/wp\/v2\/types\/product"}],"replies":[{"embeddable":true,"href":"https:\/\/www.makitamarket.com.tr\/site\/wp-json\/wp\/v2\/comments?post=6692"}],"wp:featuredmedia":[{"embeddable":true,"href":"https:\/\/www.makitamarket.com.tr\/site\/wp-json\/wp\/v2\/media\/7860"}],"wp:attachment":[{"href":"https:\/\/www.makitamarket.com.tr\/site\/wp-json\/wp\/v2\/media?parent=6692"}],"wp:term":[{"taxonomy":"product_brand","embeddable":true,"href":"https:\/\/www.makitamarket.com.tr\/site\/wp-json\/wp\/v2\/product_brand?post=6692"},{"taxonomy":"product_cat","embeddable":true,"href":"https:\/\/www.makitamarket.com.tr\/site\/wp-json\/wp\/v2\/product_cat?post=6692"},{"taxonomy":"product_tag","embeddable":true,"href":"https:\/\/www.makitamarket.com.tr\/site\/wp-json\/wp\/v2\/product_tag?post=6692"}],"curies":[{"name":"wp","href":"https:\/\/api.w.org\/{rel}","templated":true}]}}