{"id":6708,"date":"2024-09-11T16:48:56","date_gmt":"2024-09-11T13:48:56","guid":{"rendered":"https:\/\/www.makitamarket.com.tr\/site\/urun\/biglift-tam-akulu-istif-makinasi-1200-kg\/"},"modified":"2025-11-16T04:05:00","modified_gmt":"2025-11-16T01:05:00","slug":"biglift-tam-akulu-istif-makinasi-1200-kg","status":"publish","type":"product","link":"https:\/\/www.makitamarket.com.tr\/site\/urun\/biglift-tam-akulu-istif-makinasi-1200-kg\/","title":{"rendered":"Biglift RM-CLE1229 TAM AK\u00dcL\u00dc \u0130ST\u0130F MAK\u0130NASI 1200 kg"},"content":{"rendered":"<table>\n<tr>\n<td>Kullan\u0131m \u015eekli<\/td>\n<td>Yaya<\/td>\n<\/tr>\n<tr>\n<td>Kald\u0131rma Kapasitesi<\/td>\n<td>1200<\/td>\n<\/tr>\n<tr>\n<td>Y\u00fck Merkezi<\/td>\n<td>600<\/td>\n<\/tr>\n<tr>\n<td>Fren<\/td>\n<td>Elektromanyetik<\/td>\n<\/tr>\n<tr>\n<td>Kald\u0131rma Y\u00fcksekli\u011fi<\/td>\n<td>2900<\/td>\n<\/tr>\n<tr>\n<td>Min. Y\u00fckseklik<\/td>\n<td>81 mm<\/td>\n<\/tr>\n<tr>\n<td>\u00c7atal Uzunlu\u011fu<\/td>\n<td>1150 mm<\/td>\n<\/tr>\n<tr>\n<td>\u00c7atal Geni\u015fli\u011fi<\/td>\n<td>570<\/td>\n<\/tr>\n<tr>\n<td>Max. Geni\u015flik<\/td>\n<td>890 mm<\/td>\n<\/tr>\n<tr>\n<td>Makina Uzunlu\u011fu<\/td>\n<td>1831 mm<\/td>\n<\/tr>\n<tr>\n<td>G\u00f6vde Uzunlu\u011fu<\/td>\n<td>680 mm<\/td>\n<\/tr>\n<tr>\n<td>Mast Kapal\u0131 Y\u00fck.<\/td>\n<td>1951 mm<\/td>\n<\/tr>\n<tr>\n<td>Mast A\u00e7\u0131k Y\u00fck.<\/td>\n<td>3270 mm<\/td>\n<\/tr>\n<tr>\n<td>Ak\u00fc<\/td>\n<td>2&#215;12\/120<\/td>\n<\/tr>\n<tr>\n<td>Y\u00fck Tekerleri<\/td>\n<td>80&#215;93 mm<\/td>\n<\/tr>\n<tr>\n<td>Y\u00fcr\u00fcy\u00fc\u015f Tekerleri<\/td>\n<td>252&#215;89<\/td>\n<\/tr>\n<tr>\n<td>A\u011f\u0131rl\u0131k Ak\u00fc Dahil<\/td>\n<td>750 kg<\/td>\n<\/tr>\n<\/table>\n","protected":false},"excerpt":{"rendered":"<p>Kullan\u0131m \u015eekli Yaya Kald\u0131rma Kapasitesi 1200 Y\u00fck Merkezi 600 Fren Elektromanyetik Kald\u0131rma Y\u00fcksekli\u011fi 2900 Min. Y\u00fckseklik 81 mm \u00c7atal Uzunlu\u011fu 1150 mm \u00c7atal Geni\u015fli\u011fi 570 Max. Geni\u015flik 890 mm Makina<\/p>\n","protected":false},"featured_media":7890,"comment_status":"open","ping_status":"closed","template":"","meta":{"_acf_changed":false},"product_brand":[1490],"product_cat":[692],"product_tag":[],"class_list":{"0":"post-6708","1":"product","2":"type-product","3":"status-publish","4":"has-post-thumbnail","6":"product_brand-biglift","7":"product_cat-tam-akulu-istif-makinalari","9":"first","10":"outofstock","11":"taxable","12":"shipping-taxable","13":"purchasable","14":"product-type-simple","15":"add-to-wishlist-after_add_to_cart"},"acf":[],"_links":{"self":[{"href":"https:\/\/www.makitamarket.com.tr\/site\/wp-json\/wp\/v2\/product\/6708","targetHints":{"allow":["GET"]}}],"collection":[{"href":"https:\/\/www.makitamarket.com.tr\/site\/wp-json\/wp\/v2\/product"}],"about":[{"href":"https:\/\/www.makitamarket.com.tr\/site\/wp-json\/wp\/v2\/types\/product"}],"replies":[{"embeddable":true,"href":"https:\/\/www.makitamarket.com.tr\/site\/wp-json\/wp\/v2\/comments?post=6708"}],"wp:featuredmedia":[{"embeddable":true,"href":"https:\/\/www.makitamarket.com.tr\/site\/wp-json\/wp\/v2\/media\/7890"}],"wp:attachment":[{"href":"https:\/\/www.makitamarket.com.tr\/site\/wp-json\/wp\/v2\/media?parent=6708"}],"wp:term":[{"taxonomy":"product_brand","embeddable":true,"href":"https:\/\/www.makitamarket.com.tr\/site\/wp-json\/wp\/v2\/product_brand?post=6708"},{"taxonomy":"product_cat","embeddable":true,"href":"https:\/\/www.makitamarket.com.tr\/site\/wp-json\/wp\/v2\/product_cat?post=6708"},{"taxonomy":"product_tag","embeddable":true,"href":"https:\/\/www.makitamarket.com.tr\/site\/wp-json\/wp\/v2\/product_tag?post=6708"}],"curies":[{"name":"wp","href":"https:\/\/api.w.org\/{rel}","templated":true}]}}