{"id":6758,"date":"2024-09-11T16:50:50","date_gmt":"2024-09-11T13:50:50","guid":{"rendered":"https:\/\/www.makitamarket.com.tr\/site\/urun\/max-safety-kaynak-gozlugu-90-gr\/"},"modified":"2025-09-21T16:51:43","modified_gmt":"2025-09-21T13:51:43","slug":"max-safety-kaynak-gozlugu-90-gr","status":"publish","type":"product","link":"https:\/\/www.makitamarket.com.tr\/site\/urun\/max-safety-kaynak-gozlugu-90-gr\/","title":{"rendered":"Max Safety S502 KAYNAK G\u00d6ZL\u00dc\u011e\u00dc 90 gr"},"content":{"rendered":"<div>\n\tPolikarbonat lens.<\/div>\n<div>\n\tA\u00e7\u0131l\u0131p kapanabilir tasar\u0131m.<\/div>\n<div>\n\tVentilleri sayesinde nefes alan tasar\u0131m.<\/div>\n<div>\n\tGeni\u015f y\u00fczeyi ile g\u00f6z ve \u00e7evresini tam kapat\u0131r.<\/div>\n<table>\n<tr>\n<td>A\u011f\u0131rl\u0131k<\/td>\n<td>90 gr<\/td>\n<\/tr>\n<tr>\n<td>Cam Rengi<\/td>\n<td>Siyah<\/td>\n<\/tr>\n<tr>\n<td>Standard\u0131<\/td>\n<td>CE &#8211; EN166 &#8211; EN170<\/td>\n<\/tr>\n<tr>\n<td>Koli Miktar\u0131<\/td>\n<td>144 Adet<\/td>\n<\/tr>\n<\/table>\n","protected":false},"excerpt":{"rendered":"<div>\n\tPolikarbonat lens.<\/div>\n<div>\n\tA\u00e7\u0131l\u0131p kapanabilir tasar\u0131m.<\/div>\n<div>\n\tVentilleri sayesinde nefes alan tasar\u0131m.<\/div>\n<div>\n\tGeni\u015f y\u00fczeyi ile g\u00f6z ve \u00e7evresini tam kapat\u0131r.<\/div>\n","protected":false},"featured_media":7794,"comment_status":"open","ping_status":"closed","template":"","meta":{"_acf_changed":false},"product_brand":[1492],"product_cat":[697],"product_tag":[],"class_list":{"0":"post-6758","1":"product","2":"type-product","3":"status-publish","4":"has-post-thumbnail","6":"product_brand-max-safety","7":"product_cat-goz-koruyucular","9":"first","10":"instock","11":"taxable","12":"shipping-taxable","13":"purchasable","14":"product-type-simple","15":"add-to-wishlist-after_add_to_cart"},"acf":[],"_links":{"self":[{"href":"https:\/\/www.makitamarket.com.tr\/site\/wp-json\/wp\/v2\/product\/6758","targetHints":{"allow":["GET"]}}],"collection":[{"href":"https:\/\/www.makitamarket.com.tr\/site\/wp-json\/wp\/v2\/product"}],"about":[{"href":"https:\/\/www.makitamarket.com.tr\/site\/wp-json\/wp\/v2\/types\/product"}],"replies":[{"embeddable":true,"href":"https:\/\/www.makitamarket.com.tr\/site\/wp-json\/wp\/v2\/comments?post=6758"}],"wp:featuredmedia":[{"embeddable":true,"href":"https:\/\/www.makitamarket.com.tr\/site\/wp-json\/wp\/v2\/media\/7794"}],"wp:attachment":[{"href":"https:\/\/www.makitamarket.com.tr\/site\/wp-json\/wp\/v2\/media?parent=6758"}],"wp:term":[{"taxonomy":"product_brand","embeddable":true,"href":"https:\/\/www.makitamarket.com.tr\/site\/wp-json\/wp\/v2\/product_brand?post=6758"},{"taxonomy":"product_cat","embeddable":true,"href":"https:\/\/www.makitamarket.com.tr\/site\/wp-json\/wp\/v2\/product_cat?post=6758"},{"taxonomy":"product_tag","embeddable":true,"href":"https:\/\/www.makitamarket.com.tr\/site\/wp-json\/wp\/v2\/product_tag?post=6758"}],"curies":[{"name":"wp","href":"https:\/\/api.w.org\/{rel}","templated":true}]}}