{"id":6789,"date":"2024-09-11T16:51:01","date_gmt":"2024-09-11T13:51:01","guid":{"rendered":"https:\/\/www.makitamarket.com.tr\/site\/urun\/max-safety-ventilsiz-goz-koruyucu-bugulanmaz-fume-75-gr\/"},"modified":"2025-09-21T16:51:47","modified_gmt":"2025-09-21T13:51:47","slug":"max-safety-ventilsiz-goz-koruyucu-bugulanmaz-fume-75-gr","status":"publish","type":"product","link":"https:\/\/www.makitamarket.com.tr\/site\/urun\/max-safety-ventilsiz-goz-koruyucu-bugulanmaz-fume-75-gr\/","title":{"rendered":"Max Safety S1551AF-F VENT\u0130LS\u0130Z G\u00d6Z KORUYUCU BU\u011eULANMAZ &#8211; F\u00dcME 75 gr"},"content":{"rendered":"<div>\n\tPanoramik s\u0131zd\u0131rmaz \u00e7er\u00e7eve.<\/div>\n<div>\n\tNumaral\u0131 g\u00f6zl\u00fcklerin \u00fczerine tak\u0131labilir.<\/div>\n<div>\n\tYar\u0131m y\u00fcz maskesi ile kullan\u0131labilir.<\/div>\n<div>\n\tKimyasal, termal ve mekanik risklere kar\u015f\u0131 koruma sa\u011flar.<\/div>\n<table>\n<tr>\n<td>A\u011f\u0131rl\u0131k<\/td>\n<td>75 gr<\/td>\n<\/tr>\n<tr>\n<td>Standard\u0131<\/td>\n<td>CE &#8211; EN166 &#8211; EN170<\/td>\n<\/tr>\n<tr>\n<td>Lens<\/td>\n<td>F\u00fcme<\/td>\n<\/tr>\n<\/table>\n","protected":false},"excerpt":{"rendered":"<div>\n\tPanoramik s\u0131zd\u0131rmaz \u00e7er\u00e7eve.<\/div>\n<div>\n\tNumaral\u0131 g\u00f6zl\u00fcklerin \u00fczerine tak\u0131labilir.<\/div>\n<div>\n\tYar\u0131m y\u00fcz maskesi ile kullan\u0131labilir.<\/div>\n<div>\n\tKimyasal, termal ve mekanik risklere kar\u015f\u0131 koruma sa\u011flar.<\/div>\n","protected":false},"featured_media":7809,"comment_status":"open","ping_status":"closed","template":"","meta":{"_acf_changed":false},"product_brand":[1492],"product_cat":[697],"product_tag":[],"class_list":{"0":"post-6789","1":"product","2":"type-product","3":"status-publish","4":"has-post-thumbnail","6":"product_brand-max-safety","7":"product_cat-goz-koruyucular","9":"first","10":"outofstock","11":"taxable","12":"shipping-taxable","13":"purchasable","14":"product-type-simple","15":"add-to-wishlist-after_add_to_cart"},"acf":[],"_links":{"self":[{"href":"https:\/\/www.makitamarket.com.tr\/site\/wp-json\/wp\/v2\/product\/6789","targetHints":{"allow":["GET"]}}],"collection":[{"href":"https:\/\/www.makitamarket.com.tr\/site\/wp-json\/wp\/v2\/product"}],"about":[{"href":"https:\/\/www.makitamarket.com.tr\/site\/wp-json\/wp\/v2\/types\/product"}],"replies":[{"embeddable":true,"href":"https:\/\/www.makitamarket.com.tr\/site\/wp-json\/wp\/v2\/comments?post=6789"}],"wp:featuredmedia":[{"embeddable":true,"href":"https:\/\/www.makitamarket.com.tr\/site\/wp-json\/wp\/v2\/media\/7809"}],"wp:attachment":[{"href":"https:\/\/www.makitamarket.com.tr\/site\/wp-json\/wp\/v2\/media?parent=6789"}],"wp:term":[{"taxonomy":"product_brand","embeddable":true,"href":"https:\/\/www.makitamarket.com.tr\/site\/wp-json\/wp\/v2\/product_brand?post=6789"},{"taxonomy":"product_cat","embeddable":true,"href":"https:\/\/www.makitamarket.com.tr\/site\/wp-json\/wp\/v2\/product_cat?post=6789"},{"taxonomy":"product_tag","embeddable":true,"href":"https:\/\/www.makitamarket.com.tr\/site\/wp-json\/wp\/v2\/product_tag?post=6789"}],"curies":[{"name":"wp","href":"https:\/\/api.w.org\/{rel}","templated":true}]}}