{"id":6817,"date":"2024-09-11T16:51:21","date_gmt":"2024-09-11T13:51:21","guid":{"rendered":"https:\/\/www.makitamarket.com.tr\/site\/urun\/virax-elektrikli-hidrolik-boru-bukme-3-8-4\/"},"modified":"2026-04-06T11:59:54","modified_gmt":"2026-04-06T08:59:54","slug":"virax-elektrikli-hidrolik-boru-bukme-3-8-4","status":"publish","type":"product","link":"https:\/\/www.makitamarket.com.tr\/site\/urun\/virax-elektrikli-hidrolik-boru-bukme-3-8-4\/","title":{"rendered":"Virax 240851 ELEKTR\u0130KL\u0130 H\u0130DROL\u0130K BORU B\u00dcKME 3\/8&#8243; &#8211; 4&#8243;"},"content":{"rendered":"<p>\n\t<span new=\"\"\\\"\" times=\"\"\\\"\"><br \/>\n\t<\/span><\/p>\n<table>\n<tr>\n<td>Hidrolik Kol<\/td>\n<td>230Volt No 3<\/td>\n<\/tr>\n<tr>\n<td>Tip<\/td>\n<td>Mente\u015feli Yanak<\/td>\n<\/tr>\n<tr>\n<td>B\u00fckme Kapasitesi<\/td>\n<td>3\/8&#8243;-4<\/td>\n<\/tr>\n<tr>\n<td>Gaz Borular\u0131<\/td>\n<td>3\/8&#8243;-4&#8243;<\/td>\n<\/tr>\n<tr>\n<td>Tesisat Borular\u0131<\/td>\n<td>12mm-50 mm<\/td>\n<\/tr>\n<tr>\n<td>Elektrik Kablo Borular\u0131<\/td>\n<td>No.9 &#8211; No.48<\/td>\n<\/tr>\n<tr>\n<td>B\u00fckme A\u00e7\u0131s\u0131<\/td>\n<td>0-90 Derece (Standart) _ 0-180 Derece<\/td>\n<\/tr>\n<tr>\n<td>A\u011f\u0131rl\u0131k<\/td>\n<td>303,00<\/td>\n<\/tr>\n<tr>\n<td>Paket \u0130\u00e7eri\u011fi<\/td>\n<td>Sevkiyat kapsam\u0131ndaki kal\u0131plar (3\/8&#8243; &#8211; 1\/2&#8243; &#8211; 3\/4&#8243; &#8211; 1&#8243; &#8211; 1.1\/4&#8243; &#8211; 1.1\/2&#8243; &#8211; 2&#8243; &#8211; 2.1\/2&#8243; &#8211; 3&#8243; &#8211; 3.1\/2&#8243; &#8211; 4&#8243;)<\/td>\n<\/tr>\n<\/table>\n","protected":false},"excerpt":{"rendered":"<p>\n\t<span new=\"\"\\\"\" times=\"\"\\\"\"><br \/>\n\t<\/span><\/p>\n","protected":false},"featured_media":7823,"comment_status":"open","ping_status":"closed","template":"","meta":{"_acf_changed":false},"product_brand":[1495],"product_cat":[710],"product_tag":[],"class_list":{"0":"post-6817","1":"product","2":"type-product","3":"status-publish","4":"has-post-thumbnail","6":"product_brand-virax","7":"product_cat-hidrolik-boru-bukme-makinalari","9":"first","10":"instock","11":"taxable","12":"shipping-taxable","13":"purchasable","14":"product-type-simple","15":"add-to-wishlist-after_add_to_cart"},"acf":[],"_links":{"self":[{"href":"https:\/\/www.makitamarket.com.tr\/site\/wp-json\/wp\/v2\/product\/6817","targetHints":{"allow":["GET"]}}],"collection":[{"href":"https:\/\/www.makitamarket.com.tr\/site\/wp-json\/wp\/v2\/product"}],"about":[{"href":"https:\/\/www.makitamarket.com.tr\/site\/wp-json\/wp\/v2\/types\/product"}],"replies":[{"embeddable":true,"href":"https:\/\/www.makitamarket.com.tr\/site\/wp-json\/wp\/v2\/comments?post=6817"}],"wp:featuredmedia":[{"embeddable":true,"href":"https:\/\/www.makitamarket.com.tr\/site\/wp-json\/wp\/v2\/media\/7823"}],"wp:attachment":[{"href":"https:\/\/www.makitamarket.com.tr\/site\/wp-json\/wp\/v2\/media?parent=6817"}],"wp:term":[{"taxonomy":"product_brand","embeddable":true,"href":"https:\/\/www.makitamarket.com.tr\/site\/wp-json\/wp\/v2\/product_brand?post=6817"},{"taxonomy":"product_cat","embeddable":true,"href":"https:\/\/www.makitamarket.com.tr\/site\/wp-json\/wp\/v2\/product_cat?post=6817"},{"taxonomy":"product_tag","embeddable":true,"href":"https:\/\/www.makitamarket.com.tr\/site\/wp-json\/wp\/v2\/product_tag?post=6817"}],"curies":[{"name":"wp","href":"https:\/\/api.w.org\/{rel}","templated":true}]}}