{"id":6850,"date":"2024-09-11T16:52:14","date_gmt":"2024-09-11T13:52:14","guid":{"rendered":"https:\/\/www.makitamarket.com.tr\/site\/urun\/max-safety-goz-koruyucu-kaynak-110-gr\/"},"modified":"2025-07-11T18:27:27","modified_gmt":"2025-07-11T15:27:27","slug":"max-safety-goz-koruyucu-kaynak-110-gr","status":"publish","type":"product","link":"https:\/\/www.makitamarket.com.tr\/site\/urun\/max-safety-goz-koruyucu-kaynak-110-gr\/","title":{"rendered":"Max Safety S503-K G\u00d6Z KORUYUCU &#8211; KAYNAK 110 gr"},"content":{"rendered":"<div>\n\tPolikarbonat lens.<\/div>\n<div>\n\tKlasik korumal\u0131 tasar\u0131m.<\/div>\n<div>\n\tKimyasal, termal ve mekanik risklere kar\u015f\u0131 koruma sa\u011flar.<\/div>\n<table>\n<tr>\n<td>A\u011f\u0131rl\u0131k<\/td>\n<td>110 gr<\/td>\n<\/tr>\n<tr>\n<td>Standard\u0131<\/td>\n<td>CE &#8211; EN166 &#8211; EN170<\/td>\n<\/tr>\n<tr>\n<td>Lens<\/td>\n<td>Kaynak<\/td>\n<\/tr>\n<\/table>\n","protected":false},"excerpt":{"rendered":"<div>\n\tPolikarbonat lens.<\/div>\n<div>\n\tKlasik korumal\u0131 tasar\u0131m.<\/div>\n<div>\n\tKimyasal, termal ve mekanik risklere kar\u015f\u0131 koruma sa\u011flar.<\/div>\n","protected":false},"featured_media":7842,"comment_status":"open","ping_status":"closed","template":"","meta":{"_acf_changed":false},"product_brand":[],"product_cat":[697],"product_tag":[],"class_list":{"0":"post-6850","1":"product","2":"type-product","3":"status-publish","4":"has-post-thumbnail","6":"product_cat-goz-koruyucular","8":"first","9":"outofstock","10":"taxable","11":"shipping-taxable","12":"purchasable","13":"product-type-simple","14":"add-to-wishlist-after_add_to_cart"},"acf":[],"_links":{"self":[{"href":"https:\/\/www.makitamarket.com.tr\/site\/wp-json\/wp\/v2\/product\/6850","targetHints":{"allow":["GET"]}}],"collection":[{"href":"https:\/\/www.makitamarket.com.tr\/site\/wp-json\/wp\/v2\/product"}],"about":[{"href":"https:\/\/www.makitamarket.com.tr\/site\/wp-json\/wp\/v2\/types\/product"}],"replies":[{"embeddable":true,"href":"https:\/\/www.makitamarket.com.tr\/site\/wp-json\/wp\/v2\/comments?post=6850"}],"wp:featuredmedia":[{"embeddable":true,"href":"https:\/\/www.makitamarket.com.tr\/site\/wp-json\/wp\/v2\/media\/7842"}],"wp:attachment":[{"href":"https:\/\/www.makitamarket.com.tr\/site\/wp-json\/wp\/v2\/media?parent=6850"}],"wp:term":[{"taxonomy":"product_brand","embeddable":true,"href":"https:\/\/www.makitamarket.com.tr\/site\/wp-json\/wp\/v2\/product_brand?post=6850"},{"taxonomy":"product_cat","embeddable":true,"href":"https:\/\/www.makitamarket.com.tr\/site\/wp-json\/wp\/v2\/product_cat?post=6850"},{"taxonomy":"product_tag","embeddable":true,"href":"https:\/\/www.makitamarket.com.tr\/site\/wp-json\/wp\/v2\/product_tag?post=6850"}],"curies":[{"name":"wp","href":"https:\/\/api.w.org\/{rel}","templated":true}]}}