{"id":6861,"date":"2024-09-11T16:52:18","date_gmt":"2024-09-11T13:52:18","guid":{"rendered":"https:\/\/www.makitamarket.com.tr\/site\/urun\/max-safety-yuz-koruyucu-siperlik-20x40-cm\/"},"modified":"2026-04-06T12:01:07","modified_gmt":"2026-04-06T09:01:07","slug":"max-safety-yuz-koruyucu-siperlik-20x40-cm","status":"publish","type":"product","link":"https:\/\/www.makitamarket.com.tr\/site\/urun\/max-safety-yuz-koruyucu-siperlik-20x40-cm\/","title":{"rendered":"Max Safety SE1202 Y\u00dcZ KORUYUCU S\u0130PERL\u0130K 20&#215;40 cm"},"content":{"rendered":"<p>\n\t<strong>\u00d6zellikler:<br \/>\n\t<\/strong><\/p>\n<div id=\"cke_pastebin\">\n<div id=\"cke_pastebin\">\n<div id=\"cke_pastebin\">\n\t\t\t\u2022 Vida ile s\u0131k\u0131\u015ft\u0131rma.<\/div>\n<div id=\"cke_pastebin\">\n\t\t\t\u2022 Ter bantl\u0131.<\/div>\n<div id=\"cke_pastebin\">\n\t\t\t\u2022 Ba\u015f bant mesafesi: 52-62cm.<\/div>\n<div id=\"cke_pastebin\">\n\t\t\t\u2022 1.00mm. kal\u0131nl\u0131k.<\/div>\n<div id=\"cke_pastebin\">\n\t\t\t\u2022 Al\u00fcminyum destekli polikarbonat.<\/div>\n<div id=\"cke_pastebin\">\n\t\t\t\u2022 A\u011f\u0131rl\u0131k: 280gr \u00b110<\/div>\n<div id=\"cke_pastebin\">\n\t\t\t\u2022 Ayarlanabilir yap\u0131s\u0131yla kafaya rahat oturum sa\u011flar.<\/div>\n<div id=\"cke_pastebin\">\n\t\t\t\u2022 Kimyasal s\u0131\u00e7ramalara, par\u00e7ac\u0131klara ve tozlara kar\u015f\u0131 koruma sa\u011flar.<\/div><\/div>\n<\/div>\n<table>\n<tr>\n<td>Cam \u00d6l\u00e7\u00fcleri<\/td>\n<td>20 x 40 cm<\/td>\n<\/tr>\n<tr>\n<td>Standard\u0131<\/td>\n<td>CE &#8211; EN166<\/td>\n<\/tr>\n<tr>\n<td>Koli Miktar\u0131<\/td>\n<td>50 Adet<\/td>\n<\/tr>\n<\/table>\n","protected":false},"excerpt":{"rendered":"<p>\n\t<strong>\u00d6zellikler:<br \/>\n\t<\/strong><\/p>\n<div id=\"cke_pastebin\">\n<div id=\"cke_pastebin\">\n<div id=\"cke_pastebin\">\n\t\t\t\u2022 Vida ile s\u0131k\u0131\u015ft\u0131rma.<\/div>\n<div id=\"cke_pastebin\">\n\t\t\t\u2022 Ter bantl\u0131.<\/div>\n<div id=\"cke_pastebin\">\n\t\t\t\u2022 Ba\u015f bant mesafesi: 52-62cm.<\/div>\n<div id=\"cke_pastebin\">\n\t\t\t\u2022 1.00mm. kal\u0131nl\u0131k.<\/div>\n<div id=\"cke_pastebin\">\n\t\t\t\u2022 Al\u00fcminyum destekli polikarbonat.<\/div>\n<div id=\"cke_pastebin\">\n\t\t\t\u2022 A\u011f\u0131rl\u0131k: 280gr \u00b110<\/div>\n<div id=\"cke_pastebin\">\n\t\t\t\u2022 Ayarlanabilir yap\u0131s\u0131yla kafaya rahat oturum sa\u011flar.<\/div>\n<div id=\"cke_pastebin\">\n\t\t\t\u2022 Kimyasal s\u0131\u00e7ramalara, par\u00e7ac\u0131klara ve tozlara kar\u015f\u0131 koruma sa\u011flar.<\/div>\n<\/p><\/div>\n<\/div>\n","protected":false},"featured_media":7848,"comment_status":"open","ping_status":"closed","template":"","meta":{"_acf_changed":false},"product_brand":[1492],"product_cat":[711],"product_tag":[],"class_list":{"0":"post-6861","1":"product","2":"type-product","3":"status-publish","4":"has-post-thumbnail","6":"product_brand-max-safety","7":"product_cat-yuz-ve-basustu-koruyucular","9":"first","10":"outofstock","11":"taxable","12":"shipping-taxable","13":"purchasable","14":"product-type-simple","15":"add-to-wishlist-after_add_to_cart"},"acf":[],"_links":{"self":[{"href":"https:\/\/www.makitamarket.com.tr\/site\/wp-json\/wp\/v2\/product\/6861","targetHints":{"allow":["GET"]}}],"collection":[{"href":"https:\/\/www.makitamarket.com.tr\/site\/wp-json\/wp\/v2\/product"}],"about":[{"href":"https:\/\/www.makitamarket.com.tr\/site\/wp-json\/wp\/v2\/types\/product"}],"replies":[{"embeddable":true,"href":"https:\/\/www.makitamarket.com.tr\/site\/wp-json\/wp\/v2\/comments?post=6861"}],"wp:featuredmedia":[{"embeddable":true,"href":"https:\/\/www.makitamarket.com.tr\/site\/wp-json\/wp\/v2\/media\/7848"}],"wp:attachment":[{"href":"https:\/\/www.makitamarket.com.tr\/site\/wp-json\/wp\/v2\/media?parent=6861"}],"wp:term":[{"taxonomy":"product_brand","embeddable":true,"href":"https:\/\/www.makitamarket.com.tr\/site\/wp-json\/wp\/v2\/product_brand?post=6861"},{"taxonomy":"product_cat","embeddable":true,"href":"https:\/\/www.makitamarket.com.tr\/site\/wp-json\/wp\/v2\/product_cat?post=6861"},{"taxonomy":"product_tag","embeddable":true,"href":"https:\/\/www.makitamarket.com.tr\/site\/wp-json\/wp\/v2\/product_tag?post=6861"}],"curies":[{"name":"wp","href":"https:\/\/api.w.org\/{rel}","templated":true}]}}