{"id":6865,"date":"2024-09-11T16:52:20","date_gmt":"2024-09-11T13:52:20","guid":{"rendered":"https:\/\/www.makitamarket.com.tr\/site\/urun\/craft-fs28-plus-masa-ustu-freze-tezgahi\/"},"modified":"2026-03-30T06:55:44","modified_gmt":"2026-03-30T03:55:44","slug":"craft-fs28-plus-masa-ustu-freze-tezgahi","status":"publish","type":"product","link":"https:\/\/www.makitamarket.com.tr\/site\/urun\/craft-fs28-plus-masa-ustu-freze-tezgahi\/","title":{"rendered":"Ozco FS28PLUS FS28 Plus Masa \u00dcst\u00fc Freze Tezg\u00e2h\u0131"},"content":{"rendered":"<ul>\n<li>Vario h\u0131z ayar\u0131(kademesiz) dijital h\u0131z g\u00f6stergesi<\/li>\n<li>A\u011f\u0131r d\u00f6k\u00fcm g\u00f6vde<\/li>\n<li>G\u00fc\u00e7l\u00fc motor<\/li>\n<li>X ekseni elektrik motorlu &#8211; otomatik<\/li>\n<li>Z ekseni elektrik motorlu &#8211; otomatik<\/li>\n<li>LCD dijital ekranl\u0131 3 eksen koordinat okuyucu<\/li>\n<li>K\u0131lavuz \u00e7ekme modu<\/li>\n<li>Y\u00fcksekli\u011fi ayarlanabilir emniyet sivi\u00e7li siperlik<\/li>\n<li>So\u011futma sistemi<\/li>\n<li>Ayd\u0131nlatma<\/li>\n<li>Kontrol paneli<\/li>\n<li>Makinaya montajl\u0131 \u00e7elik sehpa<\/li>\n<li>CE normlar\u0131na uygun<\/li>\n<\/ul>\n<table>\n<tr>\n<td>Motor G\u00fcc\u00fc<\/td>\n<td>1,5 kW, 400 V<\/td>\n<\/tr>\n<tr>\n<td>Mil-S\u00fctun Aras\u0131 Mesafe<\/td>\n<td>275<\/td>\n<\/tr>\n<tr>\n<td>Mil-Tabla Aras\u0131 Mesafe<\/td>\n<td>460<\/td>\n<\/tr>\n<tr>\n<td>Kafa D\u00f6n\u00fc\u015f A\u00e7\u0131s\u0131<\/td>\n<td>\u00b145\u00b0<\/td>\n<\/tr>\n<tr>\n<td>Pinol Besleme<\/td>\n<td>0.10, 0.18, 0.26 <\/td>\n<\/tr>\n<tr>\n<td>Pinol Hareketi<\/td>\n<td>120<\/td>\n<\/tr>\n<tr>\n<td>Kademe<\/td>\n<td>2 (Vario H\u0131z Ayar\u0131)<\/td>\n<\/tr>\n<tr>\n<td>Mil H\u0131z\u0131<\/td>\n<td>75-2500<\/td>\n<\/tr>\n<tr>\n<td>Makina \u00d6l\u00e7\u00fcleri (UxGxY)<\/td>\n<td>1240x930x2100<\/td>\n<\/tr>\n<tr>\n<td>Mil Koni\u011fi<\/td>\n<td>MK4<\/td>\n<\/tr>\n<tr>\n<td>Z Eksen Hareketi<\/td>\n<td>430<\/td>\n<\/tr>\n<tr>\n<td>Y Eksen Hareketi<\/td>\n<td>200<\/td>\n<\/tr>\n<tr>\n<td>X Eksen Hareketi<\/td>\n<td>Manuel: 560 , Otomatik: 480<\/td>\n<\/tr>\n<tr>\n<td>Tabla \u00d6l\u00e7\u00fcleri<\/td>\n<td>800&#215;240<\/td>\n<\/tr>\n<tr>\n<td>Parmak Freze Kapasitesi<\/td>\n<td>28<\/td>\n<\/tr>\n<tr>\n<td>Y\u00fczey Freze Kapasitesi<\/td>\n<td>63<\/td>\n<\/tr>\n<tr>\n<td>Delme Kapasitesi<\/td>\n<td>32<\/td>\n<\/tr>\n<tr>\n<td>T Slot \u00d6l\u00e7\u00fcs\u00fc<\/td>\n<td>3&#215;14<\/td>\n<\/tr>\n<tr>\n<td>Net A\u011f\u0131rl\u0131k<\/td>\n<td>480<\/td>\n<\/tr>\n<\/table>\n","protected":false},"excerpt":{"rendered":"<ul>\n<li>Vario h\u0131z ayar\u0131(kademesiz) dijital h\u0131z g\u00f6stergesi<\/li>\n<li>A\u011f\u0131r d\u00f6k\u00fcm g\u00f6vde<\/li>\n<li>G\u00fc\u00e7l\u00fc motor<\/li>\n<li>X ekseni elektrik motorlu &#8211; otomatik<\/li>\n<li>Z ekseni elektrik motorlu &#8211; otomatik<\/li>\n<li>LCD dijital ekranl\u0131 3 eksen koordinat okuyucu<\/li>\n<li>K\u0131lavuz \u00e7ekme modu<\/li>\n<li>Y\u00fcksekli\u011fi ayarlanabilir emniyet sivi\u00e7li siperlik<\/li>\n<li>So\u011futma sistemi<\/li>\n<li>Ayd\u0131nlatma<\/li>\n<li>Kontrol paneli<\/li>\n<li>Makinaya montajl\u0131 \u00e7elik sehpa<\/li>\n<li>CE normlar\u0131na uygun<\/li>\n<\/ul>\n","protected":false},"featured_media":24305,"comment_status":"open","ping_status":"closed","template":"","meta":{"_acf_changed":false},"product_brand":[1532],"product_cat":[1565],"product_tag":[],"class_list":{"0":"post-6865","1":"product","2":"type-product","3":"status-publish","4":"has-post-thumbnail","6":"product_brand-ozco","7":"product_cat-yok-yok","9":"first","10":"instock","11":"taxable","12":"shipping-taxable","13":"purchasable","14":"product-type-simple","15":"add-to-wishlist-after_add_to_cart"},"acf":[],"_links":{"self":[{"href":"https:\/\/www.makitamarket.com.tr\/site\/wp-json\/wp\/v2\/product\/6865","targetHints":{"allow":["GET"]}}],"collection":[{"href":"https:\/\/www.makitamarket.com.tr\/site\/wp-json\/wp\/v2\/product"}],"about":[{"href":"https:\/\/www.makitamarket.com.tr\/site\/wp-json\/wp\/v2\/types\/product"}],"replies":[{"embeddable":true,"href":"https:\/\/www.makitamarket.com.tr\/site\/wp-json\/wp\/v2\/comments?post=6865"}],"wp:featuredmedia":[{"embeddable":true,"href":"https:\/\/www.makitamarket.com.tr\/site\/wp-json\/wp\/v2\/media\/24305"}],"wp:attachment":[{"href":"https:\/\/www.makitamarket.com.tr\/site\/wp-json\/wp\/v2\/media?parent=6865"}],"wp:term":[{"taxonomy":"product_brand","embeddable":true,"href":"https:\/\/www.makitamarket.com.tr\/site\/wp-json\/wp\/v2\/product_brand?post=6865"},{"taxonomy":"product_cat","embeddable":true,"href":"https:\/\/www.makitamarket.com.tr\/site\/wp-json\/wp\/v2\/product_cat?post=6865"},{"taxonomy":"product_tag","embeddable":true,"href":"https:\/\/www.makitamarket.com.tr\/site\/wp-json\/wp\/v2\/product_tag?post=6865"}],"curies":[{"name":"wp","href":"https:\/\/api.w.org\/{rel}","templated":true}]}}