{"id":6942,"date":"2024-09-11T16:56:07","date_gmt":"2024-09-11T13:56:07","guid":{"rendered":"https:\/\/www.makitamarket.com.tr\/site\/urun\/max-safety-goz-koruyucu-fume-40-gr\/"},"modified":"2026-03-30T06:58:29","modified_gmt":"2026-03-30T03:58:29","slug":"max-safety-goz-koruyucu-fume-40-gr","status":"publish","type":"product","link":"https:\/\/www.makitamarket.com.tr\/site\/urun\/max-safety-goz-koruyucu-fume-40-gr\/","title":{"rendered":"Max Safety S400-F G\u00d6Z KORUYUCU &#8211; F\u00dcME 40 gr"},"content":{"rendered":"<div>\n\tPolikarbonat lens.<\/div>\n<div>\n\tSportif \u015f\u0131k tasar\u0131m.<\/div>\n<div>\n\t\u0130leri geri ayarlanabilir g\u00f6vde.<\/div>\n<div>\n\tKimyasal, termal ve mekanik risklere kar\u015f\u0131 koruma sa\u011flar.<\/div>\n<table>\n<tr>\n<td>A\u011f\u0131rl\u0131k<\/td>\n<td>40 gr<\/td>\n<\/tr>\n<tr>\n<td>Standard\u0131<\/td>\n<td>CE &#8211; EN166 &#8211; EN170<\/td>\n<\/tr>\n<tr>\n<td>Lens<\/td>\n<td>F\u00fcme<\/td>\n<\/tr>\n<\/table>\n","protected":false},"excerpt":{"rendered":"<div>\n\tPolikarbonat lens.<\/div>\n<div>\n\tSportif \u015f\u0131k tasar\u0131m.<\/div>\n<div>\n\t\u0130leri geri ayarlanabilir g\u00f6vde.<\/div>\n<div>\n\tKimyasal, termal ve mekanik risklere kar\u015f\u0131 koruma sa\u011flar.<\/div>\n","protected":false},"featured_media":7922,"comment_status":"open","ping_status":"closed","template":"","meta":{"_acf_changed":false},"product_brand":[1492],"product_cat":[697],"product_tag":[],"class_list":{"0":"post-6942","1":"product","2":"type-product","3":"status-publish","4":"has-post-thumbnail","6":"product_brand-max-safety","7":"product_cat-goz-koruyucular","9":"first","10":"outofstock","11":"taxable","12":"shipping-taxable","13":"purchasable","14":"product-type-simple","15":"add-to-wishlist-after_add_to_cart"},"acf":[],"_links":{"self":[{"href":"https:\/\/www.makitamarket.com.tr\/site\/wp-json\/wp\/v2\/product\/6942","targetHints":{"allow":["GET"]}}],"collection":[{"href":"https:\/\/www.makitamarket.com.tr\/site\/wp-json\/wp\/v2\/product"}],"about":[{"href":"https:\/\/www.makitamarket.com.tr\/site\/wp-json\/wp\/v2\/types\/product"}],"replies":[{"embeddable":true,"href":"https:\/\/www.makitamarket.com.tr\/site\/wp-json\/wp\/v2\/comments?post=6942"}],"wp:featuredmedia":[{"embeddable":true,"href":"https:\/\/www.makitamarket.com.tr\/site\/wp-json\/wp\/v2\/media\/7922"}],"wp:attachment":[{"href":"https:\/\/www.makitamarket.com.tr\/site\/wp-json\/wp\/v2\/media?parent=6942"}],"wp:term":[{"taxonomy":"product_brand","embeddable":true,"href":"https:\/\/www.makitamarket.com.tr\/site\/wp-json\/wp\/v2\/product_brand?post=6942"},{"taxonomy":"product_cat","embeddable":true,"href":"https:\/\/www.makitamarket.com.tr\/site\/wp-json\/wp\/v2\/product_cat?post=6942"},{"taxonomy":"product_tag","embeddable":true,"href":"https:\/\/www.makitamarket.com.tr\/site\/wp-json\/wp\/v2\/product_tag?post=6942"}],"curies":[{"name":"wp","href":"https:\/\/api.w.org\/{rel}","templated":true}]}}