{"id":6972,"date":"2024-09-11T16:56:36","date_gmt":"2024-09-11T13:56:36","guid":{"rendered":"https:\/\/www.makitamarket.com.tr\/site\/urun\/clipper-norton-clipper-cst-150-kesme-tezgahi\/"},"modified":"2025-11-16T04:05:29","modified_gmt":"2025-11-16T01:05:29","slug":"clipper-norton-clipper-cst-150-kesme-tezgahi","status":"publish","type":"product","link":"https:\/\/www.makitamarket.com.tr\/site\/urun\/clipper-norton-clipper-cst-150-kesme-tezgahi\/","title":{"rendered":"Clipper CST150 NORTON CLIPPER CST 150 KESME TEZGAHI"},"content":{"rendered":"<div>\n\t\u2022 Testeresiz<\/div>\n<div>\n\t\u2022 \u00dcstten rayl\u0131<\/div>\n<div>\n\t\u2022 A\u00e7\u0131l\u0131 kesim<\/div>\n<table>\n<tr>\n<td>Voltaj<\/td>\n<td>230 V<\/td>\n<\/tr>\n<tr>\n<td>G\u00fc\u00e7<\/td>\n<td>2.200 W<\/td>\n<\/tr>\n<tr>\n<td>Bo\u015fta Devir<\/td>\n<td>2.800 dv\/dk<\/td>\n<\/tr>\n<tr>\n<td>Tabla boyutlar\u0131<\/td>\n<td>1500 x 660 mm<\/td>\n<\/tr>\n<tr>\n<td>Maksimum kesme uzunlu\u011fu<\/td>\n<td>1500 mm<\/td>\n<\/tr>\n<tr>\n<td>Maksimum kesme derinli\u011fi<\/td>\n<td>110mm<\/td>\n<\/tr>\n<tr>\n<td>Maksimum B\u0131\u00e7ak \u00e7ap\u0131<\/td>\n<td>350mm<\/td>\n<\/tr>\n<tr>\n<td>G\u00f6bek \u00e7ap\u0131<\/td>\n<td>25.4mm<\/td>\n<\/tr>\n<tr>\n<td>A\u011f\u0131rl\u0131k<\/td>\n<td>180 kg<\/td>\n<\/tr>\n<tr>\n<td>\u00d6l\u00e7\u00fcler<\/td>\n<td>1970 x 660 x 780 (1350) mm<\/td>\n<\/tr>\n<\/table>\n","protected":false},"excerpt":{"rendered":"<div>\n\t\u2022 Testeresiz<\/div>\n<div>\n\t\u2022 \u00dcstten rayl\u0131<\/div>\n<div>\n\t\u2022 A\u00e7\u0131l\u0131 kesim<\/div>\n","protected":false},"featured_media":7908,"comment_status":"open","ping_status":"closed","template":"","meta":{"_acf_changed":false},"product_brand":[1497],"product_cat":[1565],"product_tag":[],"class_list":{"0":"post-6972","1":"product","2":"type-product","3":"status-publish","4":"has-post-thumbnail","6":"product_brand-clipper","7":"product_cat-yok-yok","9":"first","10":"outofstock","11":"taxable","12":"shipping-taxable","13":"purchasable","14":"product-type-simple","15":"add-to-wishlist-after_add_to_cart"},"acf":[],"_links":{"self":[{"href":"https:\/\/www.makitamarket.com.tr\/site\/wp-json\/wp\/v2\/product\/6972","targetHints":{"allow":["GET"]}}],"collection":[{"href":"https:\/\/www.makitamarket.com.tr\/site\/wp-json\/wp\/v2\/product"}],"about":[{"href":"https:\/\/www.makitamarket.com.tr\/site\/wp-json\/wp\/v2\/types\/product"}],"replies":[{"embeddable":true,"href":"https:\/\/www.makitamarket.com.tr\/site\/wp-json\/wp\/v2\/comments?post=6972"}],"wp:featuredmedia":[{"embeddable":true,"href":"https:\/\/www.makitamarket.com.tr\/site\/wp-json\/wp\/v2\/media\/7908"}],"wp:attachment":[{"href":"https:\/\/www.makitamarket.com.tr\/site\/wp-json\/wp\/v2\/media?parent=6972"}],"wp:term":[{"taxonomy":"product_brand","embeddable":true,"href":"https:\/\/www.makitamarket.com.tr\/site\/wp-json\/wp\/v2\/product_brand?post=6972"},{"taxonomy":"product_cat","embeddable":true,"href":"https:\/\/www.makitamarket.com.tr\/site\/wp-json\/wp\/v2\/product_cat?post=6972"},{"taxonomy":"product_tag","embeddable":true,"href":"https:\/\/www.makitamarket.com.tr\/site\/wp-json\/wp\/v2\/product_tag?post=6972"}],"curies":[{"name":"wp","href":"https:\/\/api.w.org\/{rel}","templated":true}]}}