{"id":6979,"date":"2024-09-11T16:56:40","date_gmt":"2024-09-11T13:56:40","guid":{"rendered":"https:\/\/www.makitamarket.com.tr\/site\/urun\/max-safety-nitril-kapli-eldiven-sari-beyaz-no-8-9-10\/"},"modified":"2026-04-06T12:03:59","modified_gmt":"2026-04-06T09:03:59","slug":"max-safety-nitril-kapli-eldiven-sari-beyaz-no-8-9-10","status":"publish","type":"product","link":"https:\/\/www.makitamarket.com.tr\/site\/urun\/max-safety-nitril-kapli-eldiven-sari-beyaz-no-8-9-10\/","title":{"rendered":"Max Safety NIT-100-10 N\u0130TR\u0130L KAPLI ELD\u0130VEN (SARI &#8211; BEYAZ) NO: 8 &#8211; 9 &#8211; 10"},"content":{"rendered":"<p>\n\t<strong>Tan\u0131m:<\/strong>\u00a0Polyester Nitril Eldiven (Sar\u0131 &#8211; Beyaz)<\/p>\n<p>\n\t<a href=\"http:\/\/reismakina.com\/images\/stories\/kilavuz\/maxsafety\/NIT-100 UYGUNLUK BEYANI.pdf\"><span style=\"font-size:14px;\"><u><strong>NIT-100 Uygunluk Beyan\u0131<\/strong><\/u><\/span><\/a><\/p>\n<p>\n\t<a href=\"http:\/\/reismakina.com\/images\/stories\/kilavuz\/maxsafety\/NIT-100 EU DECLARATION OF CONFORMITY.pdf\"><span style=\"font-size:14px;\"><u><strong>NIT-100 EU DECLARATION OF CONFORMITY<\/strong><\/u><\/span><\/a><\/p>\n<table>\n<tr>\n<td>Kaplama<\/td>\n<td>Nitril<\/td>\n<\/tr>\n<tr>\n<td>Astar (\u0130plik)<\/td>\n<td>Polyester<\/td>\n<\/tr>\n<tr>\n<td>\u00d6l\u00e7\u00fc<\/td>\n<td>8-9-10<\/td>\n<\/tr>\n<tr>\n<td>Uzunluk<\/td>\n<td>25-27 cm<\/td>\n<\/tr>\n<tr>\n<td>Renk<\/td>\n<td>Sar\u0131 &#8211; Beyaz<\/td>\n<\/tr>\n<tr>\n<td>Standard\u0131<\/td>\n<td>CE &#8211; EN388-3121X &#8211; EN420<\/td>\n<\/tr>\n<tr>\n<td>Koli Miktar\u0131<\/td>\n<td>288 \u00c7ift<\/td>\n<\/tr>\n<\/table>\n","protected":false},"excerpt":{"rendered":"<p>\n\t<strong>Tan\u0131m:<\/strong>\u00a0Polyester Nitril Eldiven (Sar\u0131 &#8211; Beyaz)<\/p>\n<p>\n\t<a href=\"http:\/\/reismakina.com\/images\/stories\/kilavuz\/maxsafety\/NIT-100 UYGUNLUK BEYANI.pdf\"><span style=\"font-size:14px;\"><u><strong>NIT-100 Uygunluk Beyan\u0131<\/strong><\/u><\/span><\/a><\/p>\n<p>\n\t<a href=\"http:\/\/reismakina.com\/images\/stories\/kilavuz\/maxsafety\/NIT-100 EU DECLARATION OF CONFORMITY.pdf\"><span style=\"font-size:14px;\"><u><strong>NIT-100 EU DECLARATION OF CONFORMITY<\/strong><\/u><\/span><\/a><\/p>\n","protected":false},"featured_media":7912,"comment_status":"open","ping_status":"closed","template":"","meta":{"_acf_changed":false},"product_brand":[1492],"product_cat":[707],"product_tag":[],"class_list":{"0":"post-6979","1":"product","2":"type-product","3":"status-publish","4":"has-post-thumbnail","6":"product_brand-max-safety","7":"product_cat-koruyucular-is-guvenligi-is-guvenligi","9":"first","10":"instock","11":"taxable","12":"shipping-taxable","13":"purchasable","14":"product-type-simple","15":"add-to-wishlist-after_add_to_cart"},"acf":[],"_links":{"self":[{"href":"https:\/\/www.makitamarket.com.tr\/site\/wp-json\/wp\/v2\/product\/6979","targetHints":{"allow":["GET"]}}],"collection":[{"href":"https:\/\/www.makitamarket.com.tr\/site\/wp-json\/wp\/v2\/product"}],"about":[{"href":"https:\/\/www.makitamarket.com.tr\/site\/wp-json\/wp\/v2\/types\/product"}],"replies":[{"embeddable":true,"href":"https:\/\/www.makitamarket.com.tr\/site\/wp-json\/wp\/v2\/comments?post=6979"}],"wp:featuredmedia":[{"embeddable":true,"href":"https:\/\/www.makitamarket.com.tr\/site\/wp-json\/wp\/v2\/media\/7912"}],"wp:attachment":[{"href":"https:\/\/www.makitamarket.com.tr\/site\/wp-json\/wp\/v2\/media?parent=6979"}],"wp:term":[{"taxonomy":"product_brand","embeddable":true,"href":"https:\/\/www.makitamarket.com.tr\/site\/wp-json\/wp\/v2\/product_brand?post=6979"},{"taxonomy":"product_cat","embeddable":true,"href":"https:\/\/www.makitamarket.com.tr\/site\/wp-json\/wp\/v2\/product_cat?post=6979"},{"taxonomy":"product_tag","embeddable":true,"href":"https:\/\/www.makitamarket.com.tr\/site\/wp-json\/wp\/v2\/product_tag?post=6979"}],"curies":[{"name":"wp","href":"https:\/\/api.w.org\/{rel}","templated":true}]}}