{"id":6995,"date":"2024-09-11T16:57:27","date_gmt":"2024-09-11T13:57:27","guid":{"rendered":"https:\/\/www.makitamarket.com.tr\/site\/urun\/biglift-tam-akulu-transpalet-1500-kg\/"},"modified":"2025-11-16T04:05:31","modified_gmt":"2025-11-16T01:05:31","slug":"biglift-tam-akulu-transpalet-1500-kg","status":"publish","type":"product","link":"https:\/\/www.makitamarket.com.tr\/site\/urun\/biglift-tam-akulu-transpalet-1500-kg\/","title":{"rendered":"Biglift RM-EPT15 TAM AK\u00dcL\u00dc TRANSPALET 1500 kg"},"content":{"rendered":"<table>\n<tr>\n<td>Kald\u0131rma Kapasitesi<\/td>\n<td>1500<\/td>\n<\/tr>\n<tr>\n<td>\u00c7atal Geni\u015fli\u011fi<\/td>\n<td>540<\/td>\n<\/tr>\n<tr>\n<td>\u00c7atal Uzunlu\u011fu<\/td>\n<td>1150 mm<\/td>\n<\/tr>\n<tr>\n<td>Teker T\u00fcr\u00fc<\/td>\n<td>Poli\u00fcretan<\/td>\n<\/tr>\n<tr>\n<td>Fren<\/td>\n<td>Elektromanyetik<\/td>\n<\/tr>\n<tr>\n<td>G\u00fcr\u00fclt\u00fc Seviyesi<\/td>\n<td>69<\/td>\n<\/tr>\n<tr>\n<td>Ak\u00fc<\/td>\n<td>2&#215;12\/64<\/td>\n<\/tr>\n<tr>\n<td>Kald\u0131rma Y\u00fcksekli\u011fi<\/td>\n<td>115<\/td>\n<\/tr>\n<tr>\n<td>Min. Y\u00fckseklik<\/td>\n<td>85 mm<\/td>\n<\/tr>\n<tr>\n<td>Y\u00fck Merkezi<\/td>\n<td>600<\/td>\n<\/tr>\n<tr>\n<td>Max. Geni\u015flik<\/td>\n<td>560 mm<\/td>\n<\/tr>\n<tr>\n<td>Makina Uzunlu\u011fu<\/td>\n<td>1648 mm<\/td>\n<\/tr>\n<tr>\n<td>Kullan\u0131m \u015eekli<\/td>\n<td>Yaya<\/td>\n<\/tr>\n<tr>\n<td>Ak\u00fc A\u011f\u0131rl\u0131\u011f\u0131<\/td>\n<td>48 kg<\/td>\n<\/tr>\n<tr>\n<td>Y\u00fck Tekerleri<\/td>\n<td>220&#215;70 mm<\/td>\n<\/tr>\n<tr>\n<td>Denge Tekerleri<\/td>\n<td>80&#215;70<\/td>\n<\/tr>\n<tr>\n<td>Y\u00fcr\u00fcy\u00fc\u015f Tekerleri<\/td>\n<td>50&#215;30<\/td>\n<\/tr>\n<tr>\n<td>E\u011fim (Y\u00fckl\u00fc\/Y\u00fcks\u00fcz)<\/td>\n<td>4 \/ 10 %<\/td>\n<\/tr>\n<tr>\n<td>A\u011f\u0131rl\u0131k Ak\u00fc Dahil<\/td>\n<td>190 kg<\/td>\n<\/tr>\n<tr>\n<td>S\u00fcr\u00fc\u015f Kontrol<\/td>\n<td>MOSFET Kontrol<\/td>\n<\/tr>\n<\/table>\n","protected":false},"excerpt":{"rendered":"<p>Kald\u0131rma Kapasitesi 1500 \u00c7atal Geni\u015fli\u011fi 540 \u00c7atal Uzunlu\u011fu 1150 mm Teker T\u00fcr\u00fc Poli\u00fcretan Fren Elektromanyetik G\u00fcr\u00fclt\u00fc Seviyesi 69 Ak\u00fc 2&#215;12\/64 Kald\u0131rma Y\u00fcksekli\u011fi 115 Min. Y\u00fckseklik 85 mm Y\u00fck Merkezi 600<\/p>\n","protected":false},"featured_media":7921,"comment_status":"open","ping_status":"closed","template":"","meta":{"_acf_changed":false},"product_brand":[1490],"product_cat":[692],"product_tag":[],"class_list":{"0":"post-6995","1":"product","2":"type-product","3":"status-publish","4":"has-post-thumbnail","6":"product_brand-biglift","7":"product_cat-tam-akulu-istif-makinalari","9":"first","10":"outofstock","11":"taxable","12":"shipping-taxable","13":"purchasable","14":"product-type-simple","15":"add-to-wishlist-after_add_to_cart"},"acf":[],"_links":{"self":[{"href":"https:\/\/www.makitamarket.com.tr\/site\/wp-json\/wp\/v2\/product\/6995","targetHints":{"allow":["GET"]}}],"collection":[{"href":"https:\/\/www.makitamarket.com.tr\/site\/wp-json\/wp\/v2\/product"}],"about":[{"href":"https:\/\/www.makitamarket.com.tr\/site\/wp-json\/wp\/v2\/types\/product"}],"replies":[{"embeddable":true,"href":"https:\/\/www.makitamarket.com.tr\/site\/wp-json\/wp\/v2\/comments?post=6995"}],"wp:featuredmedia":[{"embeddable":true,"href":"https:\/\/www.makitamarket.com.tr\/site\/wp-json\/wp\/v2\/media\/7921"}],"wp:attachment":[{"href":"https:\/\/www.makitamarket.com.tr\/site\/wp-json\/wp\/v2\/media?parent=6995"}],"wp:term":[{"taxonomy":"product_brand","embeddable":true,"href":"https:\/\/www.makitamarket.com.tr\/site\/wp-json\/wp\/v2\/product_brand?post=6995"},{"taxonomy":"product_cat","embeddable":true,"href":"https:\/\/www.makitamarket.com.tr\/site\/wp-json\/wp\/v2\/product_cat?post=6995"},{"taxonomy":"product_tag","embeddable":true,"href":"https:\/\/www.makitamarket.com.tr\/site\/wp-json\/wp\/v2\/product_tag?post=6995"}],"curies":[{"name":"wp","href":"https:\/\/api.w.org\/{rel}","templated":true}]}}