{"id":6997,"date":"2024-09-11T16:57:28","date_gmt":"2024-09-11T13:57:28","guid":{"rendered":"https:\/\/www.makitamarket.com.tr\/site\/urun\/craft-fm30-plus-masa-ustu-freze-tezgahi\/"},"modified":"2026-03-30T06:58:35","modified_gmt":"2026-03-30T03:58:35","slug":"craft-fm30-plus-masa-ustu-freze-tezgahi","status":"publish","type":"product","link":"https:\/\/www.makitamarket.com.tr\/site\/urun\/craft-fm30-plus-masa-ustu-freze-tezgahi\/","title":{"rendered":"Ozco FM30PLUS FM30 Plus Masa \u00dcst\u00fc Freze Tezg\u00e2h\u0131"},"content":{"rendered":"<ul>\n<li>Sa\u011f\/Sol d\u00f6n\u00fc\u015f \u00f6zelli\u011fi<\/li>\n<li>Vario h\u0131z ayar\u0131(kademesiz), dijital h\u0131z g\u00f6stergesi<\/li>\n<li>Y\u00fcksekli\u011fi ayarlanabilir emniyet sivi\u00e7li siperlik<\/li>\n<li>Makinaya montajl\u0131 X eksen besleme motoru<\/li>\n<li>3 eksen dijital koordinat okuyuculu<\/li>\n<li>Dijital derinlik g\u00f6stergesi<\/li>\n<li>\u00b145\u02da kadar kafa a\u00e7\u0131s\u0131<\/li>\n<li>CE normlar\u0131na uygun<\/li>\n<\/ul>\n<table>\n<tr>\n<td>Motor G\u00fcc\u00fc<\/td>\n<td>1.1 kW, 230 V<\/td>\n<\/tr>\n<tr>\n<td>Mil-S\u00fctun Aras\u0131 Mesafe<\/td>\n<td>90<\/td>\n<\/tr>\n<tr>\n<td>Kafa D\u00f6n\u00fc\u015f A\u00e7\u0131s\u0131<\/td>\n<td>\u00b145\u00b0<\/td>\n<\/tr>\n<tr>\n<td>Pinol Hareketi<\/td>\n<td>70<\/td>\n<\/tr>\n<tr>\n<td>Kademe<\/td>\n<td>2 \/ Varyat\u00f6rl\u00fc<\/td>\n<\/tr>\n<tr>\n<td>Mil H\u0131z\u0131<\/td>\n<td>50-2250<\/td>\n<\/tr>\n<tr>\n<td>Mil Koni\u011fi<\/td>\n<td>MK3<\/td>\n<\/tr>\n<tr>\n<td>Makina \u00d6l\u00e7\u00fcleri (UxGxY)<\/td>\n<td>1000x800x1200<\/td>\n<\/tr>\n<tr>\n<td>T Slot \u00d6l\u00e7\u00fcs\u00fc<\/td>\n<td>3&#215;14<\/td>\n<\/tr>\n<tr>\n<td>Y Eksen Hareketi<\/td>\n<td>220<\/td>\n<\/tr>\n<tr>\n<td>X Eksen Hareketi<\/td>\n<td>425<\/td>\n<\/tr>\n<tr>\n<td>Tabla \u00d6l\u00e7\u00fcleri<\/td>\n<td>700&#215;210<\/td>\n<\/tr>\n<tr>\n<td>Y\u00fczey Freze Kapasitesi<\/td>\n<td>80<\/td>\n<\/tr>\n<tr>\n<td>Parmak Freze Kapasitesi<\/td>\n<td>25<\/td>\n<\/tr>\n<tr>\n<td>Delme Kapasitesi<\/td>\n<td>32<\/td>\n<\/tr>\n<tr>\n<td>Z Eksen Hareketi<\/td>\n<td>360<\/td>\n<\/tr>\n<tr>\n<td>Net A\u011f\u0131rl\u0131k<\/td>\n<td>230<\/td>\n<\/tr>\n<\/table>\n","protected":false},"excerpt":{"rendered":"<ul>\n<li>Sa\u011f\/Sol d\u00f6n\u00fc\u015f \u00f6zelli\u011fi<\/li>\n<li>Vario h\u0131z ayar\u0131(kademesiz), dijital h\u0131z g\u00f6stergesi<\/li>\n<li>Y\u00fcksekli\u011fi ayarlanabilir emniyet sivi\u00e7li siperlik<\/li>\n<li>Makinaya montajl\u0131 X eksen besleme motoru<\/li>\n<li>3 eksen dijital koordinat okuyuculu<\/li>\n<li>Dijital derinlik g\u00f6stergesi<\/li>\n<li>\u00b145\u02da kadar kafa a\u00e7\u0131s\u0131<\/li>\n<li>CE normlar\u0131na uygun<\/li>\n<\/ul>\n","protected":false},"featured_media":24306,"comment_status":"open","ping_status":"closed","template":"","meta":{"_acf_changed":false},"product_brand":[1532],"product_cat":[1565],"product_tag":[],"class_list":{"0":"post-6997","1":"product","2":"type-product","3":"status-publish","4":"has-post-thumbnail","6":"product_brand-ozco","7":"product_cat-yok-yok","9":"first","10":"instock","11":"taxable","12":"shipping-taxable","13":"purchasable","14":"product-type-simple","15":"add-to-wishlist-after_add_to_cart"},"acf":[],"_links":{"self":[{"href":"https:\/\/www.makitamarket.com.tr\/site\/wp-json\/wp\/v2\/product\/6997","targetHints":{"allow":["GET"]}}],"collection":[{"href":"https:\/\/www.makitamarket.com.tr\/site\/wp-json\/wp\/v2\/product"}],"about":[{"href":"https:\/\/www.makitamarket.com.tr\/site\/wp-json\/wp\/v2\/types\/product"}],"replies":[{"embeddable":true,"href":"https:\/\/www.makitamarket.com.tr\/site\/wp-json\/wp\/v2\/comments?post=6997"}],"wp:featuredmedia":[{"embeddable":true,"href":"https:\/\/www.makitamarket.com.tr\/site\/wp-json\/wp\/v2\/media\/24306"}],"wp:attachment":[{"href":"https:\/\/www.makitamarket.com.tr\/site\/wp-json\/wp\/v2\/media?parent=6997"}],"wp:term":[{"taxonomy":"product_brand","embeddable":true,"href":"https:\/\/www.makitamarket.com.tr\/site\/wp-json\/wp\/v2\/product_brand?post=6997"},{"taxonomy":"product_cat","embeddable":true,"href":"https:\/\/www.makitamarket.com.tr\/site\/wp-json\/wp\/v2\/product_cat?post=6997"},{"taxonomy":"product_tag","embeddable":true,"href":"https:\/\/www.makitamarket.com.tr\/site\/wp-json\/wp\/v2\/product_tag?post=6997"}],"curies":[{"name":"wp","href":"https:\/\/api.w.org\/{rel}","templated":true}]}}