{"id":7033,"date":"2024-09-11T16:58:23","date_gmt":"2024-09-11T13:58:23","guid":{"rendered":"https:\/\/www.makitamarket.com.tr\/site\/urun\/max-safety-kirilmaz-koni-75-cm\/"},"modified":"2026-04-06T12:06:07","modified_gmt":"2026-04-06T09:06:07","slug":"max-safety-kirilmaz-koni-75-cm","status":"publish","type":"product","link":"https:\/\/www.makitamarket.com.tr\/site\/urun\/max-safety-kirilmaz-koni-75-cm\/","title":{"rendered":"Max Safety MS1-5010 KIRILMAZ KON\u0130 75 cm"},"content":{"rendered":"<div>\n\tHigh quality unbreakable material\u00a0\u00a0\u00a0\u00a0\u00a0<\/div>\n<div>\n\tStrong resistance to weather conditions\u00a0\u00a0\u00a0\u00a0\u00a0\u00a0\u00a0\u00a0\u00a0\u00a0\u00a0<\/div>\n<div>\n\tEasy use with a pratic handle hook\u00a0\u00a0\u00a0\u00a0\u00a0\u00a0\u00a0\u00a0\u00a0\u00a0\u00a0\u00a0\u00a0\u00a0\u00a0\u00a0\u00a0\u00a0\u00a0\u00a0<\/div>\n<div>\n\tExcellent\u00a0 visibility provided by orange color\u00a0\u00a0\u00a0\u00a0\u00a0\u00a0\u00a0\u00a0\u00a0\u00a0\u00a0\u00a0\u00a0\u00a0\u00a0\u00a0\u00a0\u00a0\u00a0\u00a0\u00a0\u00a0\u00a0\u00a0\u00a0\u00a0\u00a0\u00a0\u00a0\u00a0\u00a0\u00a0\u00a0<\/div>\n<div>\n\tLong lasting\u00a0\u00a0\u00a0\u00a0\u00a0\u00a0\u00a0\u00a0\u00a0\u00a0\u00a0\u00a0\u00a0\u00a0\u00a0\u00a0\u00a0\u00a0\u00a0\u00a0\u00a0\u00a0\u00a0<\/div>\n<div>\n\tDesigned for extra grip on the road\u00a0\u00a0\u00a0\u00a0\u00a0\u00a0\u00a0\u00a0\u00a0\u00a0\u00a0\u00a0\u00a0\u00a0\u00a0\u00a0\u00a0\u00a0\u00a0\u00a0\u00a0\u00a0\u00a0\u00a0\u00a0\u00a0\u00a0\u00a0\u00a0\u00a0<\/div>\n<div>\n\tUV stabilized, non-fading colors used\u00a0\u00a0\u00a0\u00a0<\/div>\n<div>\n\t\u00a0<\/div>\n<div>\n\tProvides brief reminder for pedestrians or motorists to proceed with extra caution;\u00a0\u00a0<\/div>\n<div>\n\tWarning about possible road obstructions;\u00a0\u00a0\u00a0<\/div>\n<div>\n\tHigh visibility<\/div>\n<div>\n\t<strong>1 Reflective<br \/>\n\t<\/strong><\/div>\n<table>\n<tr>\n<td>Standards<\/td>\n<td>ISO 9001:2008<\/td>\n<\/tr>\n<tr>\n<td>A\u011f\u0131rl\u0131k<\/td>\n<td>2,00\u00b10,15 kg<\/td>\n<\/tr>\n<tr>\n<td>Size<\/td>\n<td>Height: 750mm Base: \u00d8385x380mm<\/td>\n<\/tr>\n<\/table>\n","protected":false},"excerpt":{"rendered":"<div>\n\tHigh quality unbreakable material\u00a0\u00a0\u00a0\u00a0\u00a0<\/div>\n<div>\n\tStrong resistance to weather conditions\u00a0\u00a0\u00a0\u00a0\u00a0\u00a0\u00a0\u00a0\u00a0\u00a0\u00a0<\/div>\n<div>\n\tEasy use with a pratic handle hook\u00a0\u00a0\u00a0\u00a0\u00a0\u00a0\u00a0\u00a0\u00a0\u00a0\u00a0\u00a0\u00a0\u00a0\u00a0\u00a0\u00a0\u00a0\u00a0\u00a0<\/div>\n<div>\n\tExcellent\u00a0 visibility provided by orange color\u00a0\u00a0\u00a0\u00a0\u00a0\u00a0\u00a0\u00a0\u00a0\u00a0\u00a0\u00a0\u00a0\u00a0\u00a0\u00a0\u00a0\u00a0\u00a0\u00a0\u00a0\u00a0\u00a0\u00a0\u00a0\u00a0\u00a0\u00a0\u00a0\u00a0\u00a0\u00a0\u00a0<\/div>\n<div>\n\tLong lasting\u00a0\u00a0\u00a0\u00a0\u00a0\u00a0\u00a0\u00a0\u00a0\u00a0\u00a0\u00a0\u00a0\u00a0\u00a0\u00a0\u00a0\u00a0\u00a0\u00a0\u00a0\u00a0\u00a0<\/div>\n<div>\n\tDesigned for extra grip on the road\u00a0\u00a0\u00a0\u00a0\u00a0\u00a0\u00a0\u00a0\u00a0\u00a0\u00a0\u00a0\u00a0\u00a0\u00a0\u00a0\u00a0\u00a0\u00a0\u00a0\u00a0\u00a0\u00a0\u00a0\u00a0\u00a0\u00a0\u00a0\u00a0\u00a0<\/div>\n<div>\n\tUV stabilized, non-fading colors used\u00a0\u00a0\u00a0\u00a0<\/div>\n<div>\n\t\u00a0<\/div>\n<div>\n\tProvides brief reminder for pedestrians or motorists to proceed with extra caution;\u00a0\u00a0<\/div>\n<div>\n\tWarning about possible road obstructions;\u00a0\u00a0\u00a0<\/div>\n<div>\n\tHigh visibility<\/div>\n<div>\n\t<strong>1 Reflective<br \/>\n\t<\/strong><\/div>\n","protected":false},"featured_media":7961,"comment_status":"open","ping_status":"closed","template":"","meta":{"_acf_changed":false},"product_brand":[1492],"product_cat":[694],"product_tag":[],"class_list":{"0":"post-7033","1":"product","2":"type-product","3":"status-publish","4":"has-post-thumbnail","6":"product_brand-max-safety","7":"product_cat-trafik-ekipmanlari","9":"first","10":"instock","11":"taxable","12":"shipping-taxable","13":"purchasable","14":"product-type-simple","15":"add-to-wishlist-after_add_to_cart"},"acf":[],"_links":{"self":[{"href":"https:\/\/www.makitamarket.com.tr\/site\/wp-json\/wp\/v2\/product\/7033","targetHints":{"allow":["GET"]}}],"collection":[{"href":"https:\/\/www.makitamarket.com.tr\/site\/wp-json\/wp\/v2\/product"}],"about":[{"href":"https:\/\/www.makitamarket.com.tr\/site\/wp-json\/wp\/v2\/types\/product"}],"replies":[{"embeddable":true,"href":"https:\/\/www.makitamarket.com.tr\/site\/wp-json\/wp\/v2\/comments?post=7033"}],"wp:featuredmedia":[{"embeddable":true,"href":"https:\/\/www.makitamarket.com.tr\/site\/wp-json\/wp\/v2\/media\/7961"}],"wp:attachment":[{"href":"https:\/\/www.makitamarket.com.tr\/site\/wp-json\/wp\/v2\/media?parent=7033"}],"wp:term":[{"taxonomy":"product_brand","embeddable":true,"href":"https:\/\/www.makitamarket.com.tr\/site\/wp-json\/wp\/v2\/product_brand?post=7033"},{"taxonomy":"product_cat","embeddable":true,"href":"https:\/\/www.makitamarket.com.tr\/site\/wp-json\/wp\/v2\/product_cat?post=7033"},{"taxonomy":"product_tag","embeddable":true,"href":"https:\/\/www.makitamarket.com.tr\/site\/wp-json\/wp\/v2\/product_tag?post=7033"}],"curies":[{"name":"wp","href":"https:\/\/api.w.org\/{rel}","templated":true}]}}