{"id":7080,"date":"2024-09-11T17:05:36","date_gmt":"2024-09-11T14:05:36","guid":{"rendered":"https:\/\/www.makitamarket.com.tr\/site\/urun\/414-s1p-yazlik-is-ayakkabisi-no44\/"},"modified":"2026-03-30T06:59:37","modified_gmt":"2026-03-30T03:59:37","slug":"414-s1p-yazlik-is-ayakkabisi-no44","status":"publish","type":"product","link":"https:\/\/www.makitamarket.com.tr\/site\/urun\/414-s1p-yazlik-is-ayakkabisi-no44\/","title":{"rendered":"414 TB41159 S1P YAZLIK \u0130\u015e AYAKKABISI NO:44"},"content":{"rendered":"<table>\n<tr>\n<td>Ayak Numaras\u0131<\/td>\n<td>44<\/td>\n<\/tr>\n<tr>\n<td>\u00d6zellik<\/td>\n<td>S1P Yazl\u0131k \u0130\u015f Ayakkab\u0131s\u0131<\/td>\n<\/tr>\n<tr>\n<td>\u00d6zellik<\/td>\n<td>\u00c7elik Ara Tabanl\u0131, \u00c7elik Burunlu<\/td>\n<\/tr>\n<tr>\n<td>Koli Adedi<\/td>\n<td>10 \u00c7ift<\/td>\n<\/tr>\n<\/table>\n","protected":false},"excerpt":{"rendered":"<p>Ayak Numaras\u0131 44 \u00d6zellik S1P Yazl\u0131k \u0130\u015f Ayakkab\u0131s\u0131 \u00d6zellik \u00c7elik Ara Tabanl\u0131, \u00c7elik Burunlu Koli Adedi 10 \u00c7ift<\/p>\n","protected":false},"featured_media":7966,"comment_status":"open","ping_status":"closed","template":"","meta":{"_acf_changed":false},"product_brand":[1498],"product_cat":[736],"product_tag":[],"class_list":{"0":"post-7080","1":"product","2":"type-product","3":"status-publish","4":"has-post-thumbnail","6":"product_brand-1498","7":"product_cat-ayak-koruyucular","9":"first","10":"instock","11":"taxable","12":"shipping-taxable","13":"purchasable","14":"product-type-simple","15":"add-to-wishlist-after_add_to_cart"},"acf":[],"_links":{"self":[{"href":"https:\/\/www.makitamarket.com.tr\/site\/wp-json\/wp\/v2\/product\/7080","targetHints":{"allow":["GET"]}}],"collection":[{"href":"https:\/\/www.makitamarket.com.tr\/site\/wp-json\/wp\/v2\/product"}],"about":[{"href":"https:\/\/www.makitamarket.com.tr\/site\/wp-json\/wp\/v2\/types\/product"}],"replies":[{"embeddable":true,"href":"https:\/\/www.makitamarket.com.tr\/site\/wp-json\/wp\/v2\/comments?post=7080"}],"wp:featuredmedia":[{"embeddable":true,"href":"https:\/\/www.makitamarket.com.tr\/site\/wp-json\/wp\/v2\/media\/7966"}],"wp:attachment":[{"href":"https:\/\/www.makitamarket.com.tr\/site\/wp-json\/wp\/v2\/media?parent=7080"}],"wp:term":[{"taxonomy":"product_brand","embeddable":true,"href":"https:\/\/www.makitamarket.com.tr\/site\/wp-json\/wp\/v2\/product_brand?post=7080"},{"taxonomy":"product_cat","embeddable":true,"href":"https:\/\/www.makitamarket.com.tr\/site\/wp-json\/wp\/v2\/product_cat?post=7080"},{"taxonomy":"product_tag","embeddable":true,"href":"https:\/\/www.makitamarket.com.tr\/site\/wp-json\/wp\/v2\/product_tag?post=7080"}],"curies":[{"name":"wp","href":"https:\/\/api.w.org\/{rel}","templated":true}]}}