{"id":7086,"date":"2024-09-11T17:06:26","date_gmt":"2024-09-11T14:06:26","guid":{"rendered":"https:\/\/www.makitamarket.com.tr\/site\/urun\/max-safety-eko-delinator-75-cm\/"},"modified":"2026-04-06T12:06:14","modified_gmt":"2026-04-06T09:06:14","slug":"max-safety-eko-delinator-75-cm","status":"publish","type":"product","link":"https:\/\/www.makitamarket.com.tr\/site\/urun\/max-safety-eko-delinator-75-cm\/","title":{"rendered":"Max Safety MS1-2503 EKO DEL\u0130NAT\u00d6R 75 cm"},"content":{"rendered":"<div>\n\tSuper Eco<\/div>\n<div>\n\tTo reinforce the continuous permanent marking in the divergent signaling.<\/div>\n<div>\n\tTo separate the lanes in the bends.<\/div>\n<div>\n\tTo protect the pedestrians by tracing the edge of the sidewalk.<\/div>\n<table>\n<tr>\n<td>Material<\/td>\n<td>Plastic<\/td>\n<\/tr>\n<tr>\n<td>Dimensions<\/td>\n<td>Height:750mm, Top:\u00d880mm, Base:\u00d8200mm<\/td>\n<\/tr>\n<tr>\n<td>A\u011f\u0131rl\u0131k<\/td>\n<td>0,74 \u00b1 0,1 kg<\/td>\n<\/tr>\n<tr>\n<td>Standards<\/td>\n<td>ISO 9001:2008<\/td>\n<\/tr>\n<\/table>\n","protected":false},"excerpt":{"rendered":"<div>\n\tSuper Eco<\/div>\n<div>\n\tTo reinforce the continuous permanent marking in the divergent signaling.<\/div>\n<div>\n\tTo separate the lanes in the bends.<\/div>\n<div>\n\tTo protect the pedestrians by tracing the edge of the sidewalk.<\/div>\n","protected":false},"featured_media":7969,"comment_status":"open","ping_status":"closed","template":"","meta":{"_acf_changed":false},"product_brand":[1492],"product_cat":[694],"product_tag":[],"class_list":{"0":"post-7086","1":"product","2":"type-product","3":"status-publish","4":"has-post-thumbnail","6":"product_brand-max-safety","7":"product_cat-trafik-ekipmanlari","9":"first","10":"outofstock","11":"taxable","12":"shipping-taxable","13":"purchasable","14":"product-type-simple","15":"add-to-wishlist-after_add_to_cart"},"acf":[],"_links":{"self":[{"href":"https:\/\/www.makitamarket.com.tr\/site\/wp-json\/wp\/v2\/product\/7086","targetHints":{"allow":["GET"]}}],"collection":[{"href":"https:\/\/www.makitamarket.com.tr\/site\/wp-json\/wp\/v2\/product"}],"about":[{"href":"https:\/\/www.makitamarket.com.tr\/site\/wp-json\/wp\/v2\/types\/product"}],"replies":[{"embeddable":true,"href":"https:\/\/www.makitamarket.com.tr\/site\/wp-json\/wp\/v2\/comments?post=7086"}],"wp:featuredmedia":[{"embeddable":true,"href":"https:\/\/www.makitamarket.com.tr\/site\/wp-json\/wp\/v2\/media\/7969"}],"wp:attachment":[{"href":"https:\/\/www.makitamarket.com.tr\/site\/wp-json\/wp\/v2\/media?parent=7086"}],"wp:term":[{"taxonomy":"product_brand","embeddable":true,"href":"https:\/\/www.makitamarket.com.tr\/site\/wp-json\/wp\/v2\/product_brand?post=7086"},{"taxonomy":"product_cat","embeddable":true,"href":"https:\/\/www.makitamarket.com.tr\/site\/wp-json\/wp\/v2\/product_cat?post=7086"},{"taxonomy":"product_tag","embeddable":true,"href":"https:\/\/www.makitamarket.com.tr\/site\/wp-json\/wp\/v2\/product_tag?post=7086"}],"curies":[{"name":"wp","href":"https:\/\/api.w.org\/{rel}","templated":true}]}}