{"id":7102,"date":"2024-09-11T18:50:09","date_gmt":"2024-09-11T15:50:09","guid":{"rendered":"https:\/\/www.makitamarket.com.tr\/site\/urun\/makita-somun-kesme-makinasi-2x18v\/"},"modified":"2026-04-06T12:07:05","modified_gmt":"2026-04-06T09:07:05","slug":"makita-somun-kesme-makinasi-2x18v","status":"publish","type":"product","link":"https:\/\/www.makitamarket.com.tr\/site\/urun\/makita-somun-kesme-makinasi-2x18v\/","title":{"rendered":"Makita DWT310PT2 SOMUN KESME MAK\u0130NASI 2x18V"},"content":{"rendered":"<p>Model DWT310PT2<\/p>\n<p>Somun Kesme<\/p>\n<p>18V X 2 \u2022 800 Nm \u2022 1.250 W<\/p>\n<p><span style=\"color: rgb(0, 112, 192);\">DWT310PT2, 36V (18V x 2) LXT Li-Ion pillerle \u00e7al\u0131\u015fan ak\u00fcl\u00fc somun kesme modelidir. <\/span><\/p>\n<p>Somun boyutu: M16 (5\/8&#8243;), M20 (3\/4&#8243;), M22 (7\/8&#8243;) dir.Dakikada 14 devir\/dakika bo\u015fta devire sahiptir. Maksimum tork g\u00fcc\u00fc 804 N.m\u2019dir.Model DWT310PT2 tam dolu ak\u00fc ile 10 dakikaya kadar aral\u0131ks\u0131z kullan\u0131labilir. <\/p>\n<p><span style=\"color: red;\">Kullan\u0131m amac\u0131: <\/span>Alet \u201ctor kesme tipi\u201d y\u00fcksek \u00e7ekme dayan\u0131ml\u0131 c\u0131vatalar\u0131 s\u0131kmak i\u00e7in tasarlanm\u0131\u015ft\u0131r.<\/p>\n<p><u style=\"background-color: white; color: black;\">\u00d6zellikleri:<\/u><\/p>\n<p><span style=\"background-color: white; color: rgb(33, 37, 41);\">18V+18V=36V,XPT,BL MOTOR,AVT,\u00c7ift Ak\u00fcl\u00fc<\/span><\/p>\n<p>XPT(Ekstra Koruma Teknolojisi) sayesinde nemli ve ya\u011fmurlu ortamlarda kullan\u0131labilir. D\u00fc\u015fmeye kar\u015f\u0131 ekstra dayan\u0131kl\u0131d\u0131r.<\/p>\n<p>Ak\u00fcl\u00fc yap\u0131s\u0131 kullan\u0131c\u0131ya kablosuz kullan\u0131m imkan\u0131 sunar ve bu sayede kullan\u0131c\u0131lar geni\u015f alanlarda kablo s\u0131n\u0131rlamalar\u0131 olmadan rahat\u00e7a \u00e7al\u0131\u015fabilirler.<\/p>\n<p>Li-ion;Bataryan\u0131n daha verimli \u00e7al\u0131\u015fmas\u0131n\u0131 sa\u011flayan teknolojidir.<\/p>\n<p>BL Motor\/K\u00f6m\u00fcrs\u00fcz Motor mevcuttur. K\u00f6m\u00fcrs\u00fcz motor sayesinde \u00e7al\u0131\u015fma esnas\u0131nda olu\u015fan \u0131s\u0131 enerjisi kaybolmaz ve makinenin g\u00fcc\u00fcne iletilir.<\/p>\n<ol>\n<li data-list=\"ordered\"><span class=\"ql-ui\" contenteditable=\"false\"><\/span>Elektrik freni mevcuttur.<\/li>\n<li data-list=\"ordered\"><span class=\"ql-ui\" contenteditable=\"false\"><\/span>Plastik ta\u015f\u0131ma \u00e7antal\u0131d\u0131r.<\/li>\n<\/ol>\n<p><span style=\"background-color: white; color: rgb(33, 37, 41);\">Ambalaj i\u00e7eri\u011fi: Yedek u\u00e7, ask\u0131, \u00e7ift ak\u00fc, \u015farj cihaz\u0131<\/span><\/p>\n<p><span style=\"background-color: white; color: red;\">Tam dolu ak\u00fcler ile maksimum kullan\u0131m s\u00fcresi 10 dakikad\u0131r.<\/span><\/p>\n<p><\/p>\n<table>\n<tr>\n<td>Kapasite<\/td>\n<td>M16, M20, M22<\/td>\n<\/tr>\n<tr>\n<td>Bo\u015fta Devir<\/td>\n<td>14 devir\/dk<\/td>\n<\/tr>\n<tr>\n<td>Maks. Tork<\/td>\n<td>804 N.m<\/td>\n<\/tr>\n<tr>\n<td>Net A\u011f\u0131rl\u0131k<\/td>\n<td>6.5 kg<\/td>\n<\/tr>\n<tr>\n<td>G\u00fc\u00e7-Kapasite<\/td>\n<td>2x18V\/5.0Ah\/Li-ion<\/td>\n<\/tr>\n<tr>\n<td>Ak\u00fc \/ \u015earj Cihaz\u0131<\/td>\n<td>BL1850B-DC18RC<\/td>\n<\/tr>\n<tr>\n<td>Mil \u00c7ap\u0131<\/td>\n<td>M14<\/td>\n<\/tr>\n<\/table>\n","protected":false},"excerpt":{"rendered":"<p>Model DWT310PT2<\/p>\n<p>Somun Kesme<\/p>\n<p>18V X 2 \u2022 800 Nm \u2022 1.250 W<\/p>\n<p><span style=\"color: rgb(0, 112, 192);\">DWT310PT2, 36V (18V x 2) LXT Li-Ion pillerle \u00e7al\u0131\u015fan ak\u00fcl\u00fc somun kesme modelidir. <\/span><\/p>\n<p>Somun boyutu: M16 (5\/8&#8243;), M20 (3\/4&#8243;), M22 (7\/8&#8243;) dir.Dakikada 14 devir\/dakika bo\u015fta devire sahiptir. Maksimum tork g\u00fcc\u00fc 804 N.m\u2019dir.Model DWT310PT2 tam dolu ak\u00fc ile 10 dakikaya kadar aral\u0131ks\u0131z kullan\u0131labilir. <\/p>\n<p><span style=\"color: red;\">Kullan\u0131m amac\u0131: <\/span>Alet \u201ctor kesme tipi\u201d y\u00fcksek \u00e7ekme dayan\u0131ml\u0131 c\u0131vatalar\u0131 s\u0131kmak i\u00e7in tasarlanm\u0131\u015ft\u0131r.<\/p>\n<p><u style=\"background-color: white; color: black;\">\u00d6zellikleri:<\/u><\/p>\n<p><span style=\"background-color: white; color: rgb(33, 37, 41);\">18V+18V=36V,XPT,BL MOTOR,AVT,\u00c7ift Ak\u00fcl\u00fc<\/span><\/p>\n<p>XPT(Ekstra Koruma Teknolojisi) sayesinde nemli ve ya\u011fmurlu ortamlarda kullan\u0131labilir. D\u00fc\u015fmeye kar\u015f\u0131 ekstra dayan\u0131kl\u0131d\u0131r.<\/p>\n<p>Ak\u00fcl\u00fc yap\u0131s\u0131 kullan\u0131c\u0131ya kablosuz kullan\u0131m imkan\u0131 sunar ve bu sayede kullan\u0131c\u0131lar geni\u015f alanlarda kablo s\u0131n\u0131rlamalar\u0131 olmadan rahat\u00e7a \u00e7al\u0131\u015fabilirler.<\/p>\n<p>Li-ion;Bataryan\u0131n daha verimli \u00e7al\u0131\u015fmas\u0131n\u0131 sa\u011flayan teknolojidir.<\/p>\n<p>BL Motor\/K\u00f6m\u00fcrs\u00fcz Motor mevcuttur. K\u00f6m\u00fcrs\u00fcz motor sayesinde \u00e7al\u0131\u015fma esnas\u0131nda olu\u015fan \u0131s\u0131 enerjisi kaybolmaz ve makinenin g\u00fcc\u00fcne iletilir.<\/p>\n<ol>\n<li data-list=\"ordered\"><span class=\"ql-ui\" contenteditable=\"false\"><\/span>Elektrik freni mevcuttur.<\/li>\n<li data-list=\"ordered\"><span class=\"ql-ui\" contenteditable=\"false\"><\/span>Plastik ta\u015f\u0131ma \u00e7antal\u0131d\u0131r.<\/li>\n<\/ol>\n<p><span style=\"background-color: white; color: rgb(33, 37, 41);\">Ambalaj i\u00e7eri\u011fi: Yedek u\u00e7, ask\u0131, \u00e7ift ak\u00fc, \u015farj cihaz\u0131<\/span><\/p>\n<p><span style=\"background-color: white; color: red;\">Tam dolu ak\u00fcler ile maksimum kullan\u0131m s\u00fcresi 10 dakikad\u0131r.<\/span><\/p>\n<p><\/p>\n","protected":false},"featured_media":7977,"comment_status":"open","ping_status":"closed","template":"","meta":{"_acf_changed":false},"product_brand":[1485],"product_cat":[739],"product_tag":[],"class_list":{"0":"post-7102","1":"product","2":"type-product","3":"status-publish","4":"has-post-thumbnail","6":"product_brand-makita","7":"product_cat-36-volt","9":"first","10":"instock","11":"taxable","12":"shipping-taxable","13":"purchasable","14":"product-type-simple","15":"add-to-wishlist-after_add_to_cart"},"acf":[],"_links":{"self":[{"href":"https:\/\/www.makitamarket.com.tr\/site\/wp-json\/wp\/v2\/product\/7102","targetHints":{"allow":["GET"]}}],"collection":[{"href":"https:\/\/www.makitamarket.com.tr\/site\/wp-json\/wp\/v2\/product"}],"about":[{"href":"https:\/\/www.makitamarket.com.tr\/site\/wp-json\/wp\/v2\/types\/product"}],"replies":[{"embeddable":true,"href":"https:\/\/www.makitamarket.com.tr\/site\/wp-json\/wp\/v2\/comments?post=7102"}],"wp:featuredmedia":[{"embeddable":true,"href":"https:\/\/www.makitamarket.com.tr\/site\/wp-json\/wp\/v2\/media\/7977"}],"wp:attachment":[{"href":"https:\/\/www.makitamarket.com.tr\/site\/wp-json\/wp\/v2\/media?parent=7102"}],"wp:term":[{"taxonomy":"product_brand","embeddable":true,"href":"https:\/\/www.makitamarket.com.tr\/site\/wp-json\/wp\/v2\/product_brand?post=7102"},{"taxonomy":"product_cat","embeddable":true,"href":"https:\/\/www.makitamarket.com.tr\/site\/wp-json\/wp\/v2\/product_cat?post=7102"},{"taxonomy":"product_tag","embeddable":true,"href":"https:\/\/www.makitamarket.com.tr\/site\/wp-json\/wp\/v2\/product_tag?post=7102"}],"curies":[{"name":"wp","href":"https:\/\/api.w.org\/{rel}","templated":true}]}}