{"id":7106,"date":"2024-09-11T18:50:10","date_gmt":"2024-09-11T15:50:10","guid":{"rendered":"https:\/\/www.makitamarket.com.tr\/site\/urun\/full-agir-hizmet-takim-cantasi-20\/"},"modified":"2026-01-23T11:54:01","modified_gmt":"2026-01-23T08:54:01","slug":"full-agir-hizmet-takim-cantasi-20","status":"publish","type":"product","link":"https:\/\/www.makitamarket.com.tr\/site\/urun\/full-agir-hizmet-takim-cantasi-20\/","title":{"rendered":"Full FULLAS20 A\u011eIR H\u0130ZMET TAKIM \u00c7ANTASI 20&#8243;"},"content":{"rendered":"<table>\n<tr>\n<td>A\u00e7\u0131klama<\/td>\n<td>Aluminyum Sapl\u0131 &#8211; Metal Kilit &#8211; 20&#8221; &#8211; 50&#215;28.3&#215;24.8 cm<\/td>\n<\/tr>\n<tr>\n<td>Koli Adedi<\/td>\n<td>6<\/td>\n<\/tr>\n<tr>\n<td>\u00d6zellik<\/td>\n<td>Organizerli<\/td>\n<\/tr>\n<\/table>\n","protected":false},"excerpt":{"rendered":"<p>A\u00e7\u0131klama Aluminyum Sapl\u0131 &#8211; Metal Kilit &#8211; 20&#8221; &#8211; 50&#215;28.3&#215;24.8 cm Koli Adedi 6 \u00d6zellik Organizerli<\/p>\n","protected":false},"featured_media":7979,"comment_status":"open","ping_status":"closed","template":"","meta":{"_acf_changed":false},"product_brand":[1502],"product_cat":[734],"product_tag":[],"class_list":{"0":"post-7106","1":"product","2":"type-product","3":"status-publish","4":"has-post-thumbnail","6":"product_brand-full","7":"product_cat-plastik-takim-cantalari","9":"first","10":"outofstock","11":"taxable","12":"shipping-taxable","13":"purchasable","14":"product-type-simple","15":"add-to-wishlist-after_add_to_cart"},"acf":[],"_links":{"self":[{"href":"https:\/\/www.makitamarket.com.tr\/site\/wp-json\/wp\/v2\/product\/7106","targetHints":{"allow":["GET"]}}],"collection":[{"href":"https:\/\/www.makitamarket.com.tr\/site\/wp-json\/wp\/v2\/product"}],"about":[{"href":"https:\/\/www.makitamarket.com.tr\/site\/wp-json\/wp\/v2\/types\/product"}],"replies":[{"embeddable":true,"href":"https:\/\/www.makitamarket.com.tr\/site\/wp-json\/wp\/v2\/comments?post=7106"}],"wp:featuredmedia":[{"embeddable":true,"href":"https:\/\/www.makitamarket.com.tr\/site\/wp-json\/wp\/v2\/media\/7979"}],"wp:attachment":[{"href":"https:\/\/www.makitamarket.com.tr\/site\/wp-json\/wp\/v2\/media?parent=7106"}],"wp:term":[{"taxonomy":"product_brand","embeddable":true,"href":"https:\/\/www.makitamarket.com.tr\/site\/wp-json\/wp\/v2\/product_brand?post=7106"},{"taxonomy":"product_cat","embeddable":true,"href":"https:\/\/www.makitamarket.com.tr\/site\/wp-json\/wp\/v2\/product_cat?post=7106"},{"taxonomy":"product_tag","embeddable":true,"href":"https:\/\/www.makitamarket.com.tr\/site\/wp-json\/wp\/v2\/product_tag?post=7106"}],"curies":[{"name":"wp","href":"https:\/\/api.w.org\/{rel}","templated":true}]}}