{"id":7129,"date":"2024-09-11T18:56:11","date_gmt":"2024-09-11T15:56:11","guid":{"rendered":"https:\/\/www.makitamarket.com.tr\/site\/urun\/max-safety-maxsafety-ms1-2501-flexible-delineator\/"},"modified":"2026-04-06T12:07:14","modified_gmt":"2026-04-06T09:07:14","slug":"max-safety-maxsafety-ms1-2501-flexible-delineator","status":"publish","type":"product","link":"https:\/\/www.makitamarket.com.tr\/site\/urun\/max-safety-maxsafety-ms1-2501-flexible-delineator\/","title":{"rendered":"Max Safety MS1-2501 MAXSAFETY MS1 &#8211; 2501 FLEXIBLE DELINEATOR"},"content":{"rendered":"<div>\n\tFlexible delineator \u00a0\u00a0\u00a0<\/div>\n<div>\n\tStrong resistance to weather conditions\u00a0\u00a0\u00a0\u00a0\u00a0\u00a0\u00a0\u00a0\u00a0\u00a0\u00a0<\/div>\n<div>\n\tEasily installed\u00a0\u00a0\u00a0\u00a0\u00a0\u00a0\u00a0\u00a0\u00a0\u00a0\u00a0\u00a0\u00a0\u00a0\u00a0\u00a0\u00a0<\/div>\n<div>\n\tExcellent Night-Day visibility\u00a0\u00a0\u00a0\u00a0\u00a0\u00a0\u00a0\u00a0\u00a0\u00a0\u00a0\u00a0\u00a0\u00a0\u00a0\u00a0\u00a0\u00a0\u00a0\u00a0\u00a0\u00a0\u00a0\u00a0\u00a0\u00a0\u00a0\u00a0\u00a0\u00a0\u00a0\u00a0<\/div>\n<div>\n\tLong lasting\u00a0\u00a0\u00a0\u00a0\u00a0\u00a0\u00a0\u00a0\u00a0\u00a0\u00a0\u00a0\u00a0\u00a0\u00a0\u00a0\u00a0\u00a0\u00a0\u00a0\u00a0\u00a0\u00a0<\/div>\n<div>\n\tIdeal for off-highway use\u00a0<\/div>\n<div>\n\tUV stabilized, non-fading colors used<\/div>\n<div>\n\t\u00a0<\/div>\n<div>\n\t<span style=\"font-size:14px;\"><strong>General Application<br \/>\n\t<\/strong><\/span><\/div>\n<div>\n\tTo reinforce the continuous permanent marking in the divergent signaling;\u00a0\u00a0\u00a0\u00a0\u00a0\u00a0\u00a0\u00a0\u00a0<\/div>\n<div>\n\tTo separate the lanes in the bends;\u00a0\u00a0\u00a0\u00a0\u00a0\u00a0\u00a0\u00a0\u00a0\u00a0\u00a0\u00a0\u00a0\u00a0<\/div>\n<div>\n\tTo protect the pedestrians by tracing the edge of the sidewalk\u00a0\u00a0\u00a0\u00a0\u00a0<\/div>\n<table>\n<tr>\n<td>Standards<\/td>\n<td>ISO 9001:2008<\/td>\n<\/tr>\n<tr>\n<td>Size<\/td>\n<td>Height:750mm Top:\u00d880mm Base:\u00d8200mm<\/td>\n<\/tr>\n<tr>\n<td>A\u011f\u0131rl\u0131k<\/td>\n<td>1,30\u00b10,15 kg<\/td>\n<\/tr>\n<tr>\n<td>Material<\/td>\n<td>TPU<\/td>\n<\/tr>\n<\/table>\n","protected":false},"excerpt":{"rendered":"<div>\n\tFlexible delineator \u00a0\u00a0\u00a0<\/div>\n<div>\n\tStrong resistance to weather conditions\u00a0\u00a0\u00a0\u00a0\u00a0\u00a0\u00a0\u00a0\u00a0\u00a0\u00a0<\/div>\n<div>\n\tEasily installed\u00a0\u00a0\u00a0\u00a0\u00a0\u00a0\u00a0\u00a0\u00a0\u00a0\u00a0\u00a0\u00a0\u00a0\u00a0\u00a0\u00a0<\/div>\n<div>\n\tExcellent Night-Day visibility\u00a0\u00a0\u00a0\u00a0\u00a0\u00a0\u00a0\u00a0\u00a0\u00a0\u00a0\u00a0\u00a0\u00a0\u00a0\u00a0\u00a0\u00a0\u00a0\u00a0\u00a0\u00a0\u00a0\u00a0\u00a0\u00a0\u00a0\u00a0\u00a0\u00a0\u00a0\u00a0<\/div>\n<div>\n\tLong lasting\u00a0\u00a0\u00a0\u00a0\u00a0\u00a0\u00a0\u00a0\u00a0\u00a0\u00a0\u00a0\u00a0\u00a0\u00a0\u00a0\u00a0\u00a0\u00a0\u00a0\u00a0\u00a0\u00a0<\/div>\n<div>\n\tIdeal for off-highway use\u00a0<\/div>\n<div>\n\tUV stabilized, non-fading colors used<\/div>\n<div>\n\t\u00a0<\/div>\n<div>\n\t<span style=\"font-size:14px;\"><strong>General Application<br \/>\n\t<\/strong><\/span><\/div>\n<div>\n\tTo reinforce the continuous permanent marking in the divergent signaling;\u00a0\u00a0\u00a0\u00a0\u00a0\u00a0\u00a0\u00a0\u00a0<\/div>\n<div>\n\tTo separate the lanes in the bends;\u00a0\u00a0\u00a0\u00a0\u00a0\u00a0\u00a0\u00a0\u00a0\u00a0\u00a0\u00a0\u00a0\u00a0<\/div>\n<div>\n\tTo protect the pedestrians by tracing the edge of the sidewalk\u00a0\u00a0\u00a0\u00a0\u00a0<\/div>\n","protected":false},"featured_media":7990,"comment_status":"open","ping_status":"closed","template":"","meta":{"_acf_changed":false},"product_brand":[1492],"product_cat":[694],"product_tag":[],"class_list":{"0":"post-7129","1":"product","2":"type-product","3":"status-publish","4":"has-post-thumbnail","6":"product_brand-max-safety","7":"product_cat-trafik-ekipmanlari","9":"first","10":"outofstock","11":"taxable","12":"shipping-taxable","13":"purchasable","14":"product-type-simple","15":"add-to-wishlist-after_add_to_cart"},"acf":[],"_links":{"self":[{"href":"https:\/\/www.makitamarket.com.tr\/site\/wp-json\/wp\/v2\/product\/7129","targetHints":{"allow":["GET"]}}],"collection":[{"href":"https:\/\/www.makitamarket.com.tr\/site\/wp-json\/wp\/v2\/product"}],"about":[{"href":"https:\/\/www.makitamarket.com.tr\/site\/wp-json\/wp\/v2\/types\/product"}],"replies":[{"embeddable":true,"href":"https:\/\/www.makitamarket.com.tr\/site\/wp-json\/wp\/v2\/comments?post=7129"}],"wp:featuredmedia":[{"embeddable":true,"href":"https:\/\/www.makitamarket.com.tr\/site\/wp-json\/wp\/v2\/media\/7990"}],"wp:attachment":[{"href":"https:\/\/www.makitamarket.com.tr\/site\/wp-json\/wp\/v2\/media?parent=7129"}],"wp:term":[{"taxonomy":"product_brand","embeddable":true,"href":"https:\/\/www.makitamarket.com.tr\/site\/wp-json\/wp\/v2\/product_brand?post=7129"},{"taxonomy":"product_cat","embeddable":true,"href":"https:\/\/www.makitamarket.com.tr\/site\/wp-json\/wp\/v2\/product_cat?post=7129"},{"taxonomy":"product_tag","embeddable":true,"href":"https:\/\/www.makitamarket.com.tr\/site\/wp-json\/wp\/v2\/product_tag?post=7129"}],"curies":[{"name":"wp","href":"https:\/\/api.w.org\/{rel}","templated":true}]}}