{"id":7131,"date":"2024-09-11T18:56:13","date_gmt":"2024-09-11T15:56:13","guid":{"rendered":"https:\/\/www.makitamarket.com.tr\/site\/urun\/virax-virax-1626-00-yiv-acma-makinasi\/"},"modified":"2026-04-06T12:07:15","modified_gmt":"2026-04-06T09:07:15","slug":"virax-virax-1626-00-yiv-acma-makinasi","status":"publish","type":"product","link":"https:\/\/www.makitamarket.com.tr\/site\/urun\/virax-virax-1626-00-yiv-acma-makinasi\/","title":{"rendered":"Virax 162600 VIRAX 1626 00 Y\u0130V A\u00c7MA MAK\u0130NASI"},"content":{"rendered":"<table>\n<tr>\n<td>Gerilim<\/td>\n<td>230 V, 50\/60 Hz<\/td>\n<\/tr>\n<tr>\n<td>Motor G\u00fcc\u00fc<\/td>\n<td>1500 W<\/td>\n<\/tr>\n<tr>\n<td>Motor Devri<\/td>\n<td>23 rpm<\/td>\n<\/tr>\n<tr>\n<td>A\u011f\u0131rl\u0131k<\/td>\n<td>129 kg<\/td>\n<\/tr>\n<tr>\n<td>Makina \u00d6l\u00e7\u00fcs\u00fc<\/td>\n<td>770 x 550 x 1400 mm<\/td>\n<\/tr>\n<tr>\n<td>\u00c7al\u0131\u015fma Aral\u0131\u011f\u0131<\/td>\n<td>2\u201d-12\u201d 60-325 mm<\/td>\n<\/tr>\n<tr>\n<td>Boru Et Kal\u0131nl\u0131\u011f\u0131<\/td>\n<td>3,5 &#8211; 10mm \u00c7elik Borular i\u00e7in<\/td>\n<\/tr>\n<\/table>\n","protected":false},"excerpt":{"rendered":"<p>Gerilim 230 V, 50\/60 Hz Motor G\u00fcc\u00fc 1500 W Motor Devri 23 rpm A\u011f\u0131rl\u0131k 129 kg Makina \u00d6l\u00e7\u00fcs\u00fc 770 x 550 x 1400 mm \u00c7al\u0131\u015fma Aral\u0131\u011f\u0131 2\u201d-12\u201d 60-325 mm Boru<\/p>\n","protected":false},"featured_media":7991,"comment_status":"open","ping_status":"closed","template":"","meta":{"_acf_changed":false},"product_brand":[1495],"product_cat":[740],"product_tag":[],"class_list":{"0":"post-7131","1":"product","2":"type-product","3":"status-publish","4":"has-post-thumbnail","6":"product_brand-virax","7":"product_cat-yiv-acma-makinalari","9":"first","10":"outofstock","11":"taxable","12":"shipping-taxable","13":"purchasable","14":"product-type-simple","15":"add-to-wishlist-after_add_to_cart"},"acf":[],"_links":{"self":[{"href":"https:\/\/www.makitamarket.com.tr\/site\/wp-json\/wp\/v2\/product\/7131","targetHints":{"allow":["GET"]}}],"collection":[{"href":"https:\/\/www.makitamarket.com.tr\/site\/wp-json\/wp\/v2\/product"}],"about":[{"href":"https:\/\/www.makitamarket.com.tr\/site\/wp-json\/wp\/v2\/types\/product"}],"replies":[{"embeddable":true,"href":"https:\/\/www.makitamarket.com.tr\/site\/wp-json\/wp\/v2\/comments?post=7131"}],"wp:featuredmedia":[{"embeddable":true,"href":"https:\/\/www.makitamarket.com.tr\/site\/wp-json\/wp\/v2\/media\/7991"}],"wp:attachment":[{"href":"https:\/\/www.makitamarket.com.tr\/site\/wp-json\/wp\/v2\/media?parent=7131"}],"wp:term":[{"taxonomy":"product_brand","embeddable":true,"href":"https:\/\/www.makitamarket.com.tr\/site\/wp-json\/wp\/v2\/product_brand?post=7131"},{"taxonomy":"product_cat","embeddable":true,"href":"https:\/\/www.makitamarket.com.tr\/site\/wp-json\/wp\/v2\/product_cat?post=7131"},{"taxonomy":"product_tag","embeddable":true,"href":"https:\/\/www.makitamarket.com.tr\/site\/wp-json\/wp\/v2\/product_tag?post=7131"}],"curies":[{"name":"wp","href":"https:\/\/api.w.org\/{rel}","templated":true}]}}