{"id":7137,"date":"2024-09-11T18:56:47","date_gmt":"2024-09-11T15:56:47","guid":{"rendered":"https:\/\/www.makitamarket.com.tr\/site\/urun\/414-s2-deri-is-botu-no40\/"},"modified":"2026-03-30T07:00:40","modified_gmt":"2026-03-30T04:00:40","slug":"414-s2-deri-is-botu-no40","status":"publish","type":"product","link":"https:\/\/www.makitamarket.com.tr\/site\/urun\/414-s2-deri-is-botu-no40\/","title":{"rendered":"414 TB41214 S2 DER\u0130 \u0130\u015e BOTU NO:40"},"content":{"rendered":"<ul>\n<li>\n<p>\n\t\t\tNefes alabilen yarma deri ,<\/p>\n<\/li>\n<li>\n<p>\n\t\t\t\u00c7elik burun koruyucu,<\/p>\n<\/li>\n<li>\n<p>\n\t\t\tSuya diren\u00e7li,<\/p>\n<\/li>\n<li>\n<p>\n\t\t\tPoli\u00fcretan ya\u011fa dayan\u0131kl\u0131 taban,<\/p>\n<\/li>\n<li>\n<p>\n\t\t\tKaymaya kar\u015f\u0131 diren\u00e7li taban,<\/p>\n<\/li>\n<li>\n<p>\n\t\t\t\u015eok emici topuk b\u00f6lgesi,<\/p>\n<\/li>\n<li>\n<p>\n\t\t\tAnti-Statik koruma<\/p>\n<\/li>\n<\/ul>\n<table>\n<tr>\n<td>Ayak Numaras\u0131<\/td>\n<td>40<\/td>\n<\/tr>\n<tr>\n<td>\u00d6zellik<\/td>\n<td>S2 Deri \u0130\u015f Botu<\/td>\n<\/tr>\n<tr>\n<td>\u00d6zellik<\/td>\n<td>\u00c7elik Burunlu<\/td>\n<\/tr>\n<tr>\n<td>Koli Adedi<\/td>\n<td>10 \u00c7ift<\/td>\n<\/tr>\n<\/table>\n","protected":false},"excerpt":{"rendered":"<ul>\n<li>\n<p>\n\t\t\tNefes alabilen yarma deri ,<\/p>\n<\/li>\n<li>\n<p>\n\t\t\t\u00c7elik burun koruyucu,<\/p>\n<\/li>\n<li>\n<p>\n\t\t\tSuya diren\u00e7li,<\/p>\n<\/li>\n<li>\n<p>\n\t\t\tPoli\u00fcretan ya\u011fa dayan\u0131kl\u0131 taban,<\/p>\n<\/li>\n<li>\n<p>\n\t\t\tKaymaya kar\u015f\u0131 diren\u00e7li taban,<\/p>\n<\/li>\n<li>\n<p>\n\t\t\t\u015eok emici topuk b\u00f6lgesi,<\/p>\n<\/li>\n<li>\n<p>\n\t\t\tAnti-Statik koruma<\/p>\n<\/li>\n<\/ul>\n","protected":false},"featured_media":7994,"comment_status":"open","ping_status":"closed","template":"","meta":{"_acf_changed":false},"product_brand":[1498],"product_cat":[736],"product_tag":[],"class_list":{"0":"post-7137","1":"product","2":"type-product","3":"status-publish","4":"has-post-thumbnail","6":"product_brand-1498","7":"product_cat-ayak-koruyucular","9":"first","10":"instock","11":"taxable","12":"shipping-taxable","13":"purchasable","14":"product-type-simple","15":"add-to-wishlist-after_add_to_cart"},"acf":[],"_links":{"self":[{"href":"https:\/\/www.makitamarket.com.tr\/site\/wp-json\/wp\/v2\/product\/7137","targetHints":{"allow":["GET"]}}],"collection":[{"href":"https:\/\/www.makitamarket.com.tr\/site\/wp-json\/wp\/v2\/product"}],"about":[{"href":"https:\/\/www.makitamarket.com.tr\/site\/wp-json\/wp\/v2\/types\/product"}],"replies":[{"embeddable":true,"href":"https:\/\/www.makitamarket.com.tr\/site\/wp-json\/wp\/v2\/comments?post=7137"}],"wp:featuredmedia":[{"embeddable":true,"href":"https:\/\/www.makitamarket.com.tr\/site\/wp-json\/wp\/v2\/media\/7994"}],"wp:attachment":[{"href":"https:\/\/www.makitamarket.com.tr\/site\/wp-json\/wp\/v2\/media?parent=7137"}],"wp:term":[{"taxonomy":"product_brand","embeddable":true,"href":"https:\/\/www.makitamarket.com.tr\/site\/wp-json\/wp\/v2\/product_brand?post=7137"},{"taxonomy":"product_cat","embeddable":true,"href":"https:\/\/www.makitamarket.com.tr\/site\/wp-json\/wp\/v2\/product_cat?post=7137"},{"taxonomy":"product_tag","embeddable":true,"href":"https:\/\/www.makitamarket.com.tr\/site\/wp-json\/wp\/v2\/product_tag?post=7137"}],"curies":[{"name":"wp","href":"https:\/\/api.w.org\/{rel}","templated":true}]}}