{"id":7151,"date":"2024-09-11T19:59:44","date_gmt":"2024-09-11T16:59:44","guid":{"rendered":"https:\/\/www.makitamarket.com.tr\/site\/urun\/virax-virax-2408-42-elektrikli-hidrolik-boru-bukme\/"},"modified":"2026-03-30T07:00:45","modified_gmt":"2026-03-30T04:00:45","slug":"virax-virax-2408-42-elektrikli-hidrolik-boru-bukme","status":"publish","type":"product","link":"https:\/\/www.makitamarket.com.tr\/site\/urun\/virax-virax-2408-42-elektrikli-hidrolik-boru-bukme\/","title":{"rendered":"Virax 240842 VIRAX 2408 42 ELEKTR\u0130KL\u0130 H\u0130DROL\u0130K BORU B\u00dcKME"},"content":{"rendered":"<p>\n\t<strong><br \/>\n\t<\/strong><\/p>\n<table>\n<tr>\n<td>Hidrolik Kol<\/td>\n<td>230Volt No 2<\/td>\n<\/tr>\n<tr>\n<td>Tip<\/td>\n<td>A\u00e7\u0131k Yanak<\/td>\n<\/tr>\n<tr>\n<td>B\u00fckme Kapasitesi<\/td>\n<td>3\/8&#8243;-2<\/td>\n<\/tr>\n<tr>\n<td>Gaz Borular\u0131<\/td>\n<td>3\/8&#8243;-2&#8243;<\/td>\n<\/tr>\n<tr>\n<td>Tesisat Borular\u0131<\/td>\n<td>12mm-50 mm<\/td>\n<\/tr>\n<tr>\n<td>Elektrik Kablo Borular\u0131<\/td>\n<td>No.9 &#8211; No.48<\/td>\n<\/tr>\n<tr>\n<td>A\u011f\u0131rl\u0131k<\/td>\n<td>93,00<\/td>\n<\/tr>\n<tr>\n<td>B\u00fckme A\u00e7\u0131s\u0131<\/td>\n<td>0\u00b0-90\u00b0<\/td>\n<\/tr>\n<tr>\n<td>Paket \u0130\u00e7eri\u011fi<\/td>\n<td>Sevkiyat kapsam\u0131ndaki kal\u0131plar (3\/8&#8243; &#8211; 1\/2&#8243; &#8211; 3\/4&#8243; &#8211; 1&#8243; &#8211; 1.1\/4&#8243; &#8211; 1.1\/2&#8243; &#8211; 2&#8243;)<\/td>\n<\/tr>\n<\/table>\n","protected":false},"excerpt":{"rendered":"<p>\n\t<strong><br \/>\n\t<\/strong><\/p>\n","protected":false},"featured_media":8001,"comment_status":"open","ping_status":"closed","template":"","meta":{"_acf_changed":false},"product_brand":[1495],"product_cat":[710],"product_tag":[],"class_list":{"0":"post-7151","1":"product","2":"type-product","3":"status-publish","4":"has-post-thumbnail","6":"product_brand-virax","7":"product_cat-hidrolik-boru-bukme-makinalari","9":"first","10":"instock","11":"taxable","12":"shipping-taxable","13":"purchasable","14":"product-type-simple","15":"add-to-wishlist-after_add_to_cart"},"acf":[],"_links":{"self":[{"href":"https:\/\/www.makitamarket.com.tr\/site\/wp-json\/wp\/v2\/product\/7151","targetHints":{"allow":["GET"]}}],"collection":[{"href":"https:\/\/www.makitamarket.com.tr\/site\/wp-json\/wp\/v2\/product"}],"about":[{"href":"https:\/\/www.makitamarket.com.tr\/site\/wp-json\/wp\/v2\/types\/product"}],"replies":[{"embeddable":true,"href":"https:\/\/www.makitamarket.com.tr\/site\/wp-json\/wp\/v2\/comments?post=7151"}],"wp:featuredmedia":[{"embeddable":true,"href":"https:\/\/www.makitamarket.com.tr\/site\/wp-json\/wp\/v2\/media\/8001"}],"wp:attachment":[{"href":"https:\/\/www.makitamarket.com.tr\/site\/wp-json\/wp\/v2\/media?parent=7151"}],"wp:term":[{"taxonomy":"product_brand","embeddable":true,"href":"https:\/\/www.makitamarket.com.tr\/site\/wp-json\/wp\/v2\/product_brand?post=7151"},{"taxonomy":"product_cat","embeddable":true,"href":"https:\/\/www.makitamarket.com.tr\/site\/wp-json\/wp\/v2\/product_cat?post=7151"},{"taxonomy":"product_tag","embeddable":true,"href":"https:\/\/www.makitamarket.com.tr\/site\/wp-json\/wp\/v2\/product_tag?post=7151"}],"curies":[{"name":"wp","href":"https:\/\/api.w.org\/{rel}","templated":true}]}}