{"id":7178,"date":"2024-09-11T20:05:49","date_gmt":"2024-09-11T17:05:49","guid":{"rendered":"https:\/\/www.makitamarket.com.tr\/site\/urun\/craft-cr3080-torna-tezgahi\/"},"modified":"2025-07-11T18:33:12","modified_gmt":"2025-07-11T15:33:12","slug":"craft-cr3080-torna-tezgahi","status":"publish","type":"product","link":"https:\/\/www.makitamarket.com.tr\/site\/urun\/craft-cr3080-torna-tezgahi\/","title":{"rendered":"Ozco CR3080 CR3080 Torna Tezg\u00e2h\u0131"},"content":{"rendered":"<ul>\n<li>Sertle\u015ftirilmi\u015f ve ta\u015flanm\u0131\u015f k\u0131zaklar<\/li>\n<li>G\u00fc\u00e7l\u00fc ve hassas fener mili<\/li>\n<li>Sa\u011f \/ Sol d\u00f6n\u00fc\u015f hareketi<\/li>\n<li>Otomatik ilerlemeli araba<\/li>\n<li>K\u0131lavuz \u00e7ekme<\/li>\n<li>Acil stop butonu<\/li>\n<li>Arka koruma sac\u0131<\/li>\n<li>Tala\u015f haznesi<\/li>\n<li>CE normlar\u0131na uygun<\/li>\n<\/ul>\n<table>\n<tr>\n<td>Motor G\u00fcc\u00fc<\/td>\n<td>1.5 kW, 230 V<\/td>\n<\/tr>\n<tr>\n<td>Banko \u00dczeri \u00c7ap<\/td>\n<td>300<\/td>\n<\/tr>\n<tr>\n<td>Araba \u00dczeri \u00c7ap<\/td>\n<td>190<\/td>\n<\/tr>\n<tr>\n<td>Banko Geni\u015fli\u011fi<\/td>\n<td>180<\/td>\n<\/tr>\n<tr>\n<td>Kalemlik \u00d6l\u00e7\u00fcs\u00fc<\/td>\n<td>16<\/td>\n<\/tr>\n<tr>\n<td>\u0130n\u00e7 Hat ve Oran\u0131<\/td>\n<td>8-48<\/td>\n<\/tr>\n<tr>\n<td>Metrik Hat ve Oran\u0131<\/td>\n<td>0.2-3.5<\/td>\n<\/tr>\n<tr>\n<td>Enine Besleme<\/td>\n<td>0.01-0.1<\/td>\n<\/tr>\n<tr>\n<td>Do\u011frusal Besleme<\/td>\n<td>0.085-0.83<\/td>\n<\/tr>\n<tr>\n<td>Gezer Punta Hareketi<\/td>\n<td>70<\/td>\n<\/tr>\n<tr>\n<td>Makina \u00d6l\u00e7\u00fcleri (UxGxY)<\/td>\n<td>1500x720x680<\/td>\n<\/tr>\n<tr>\n<td>Gezer Punta Koni\u011fi<\/td>\n<td>MK3<\/td>\n<\/tr>\n<tr>\n<td>Enine Support Hareketi<\/td>\n<td>61<\/td>\n<\/tr>\n<tr>\n<td>Fener Mili \u00c7ap\u0131<\/td>\n<td>38<\/td>\n<\/tr>\n<tr>\n<td>Fener Mili Koni\u011fi<\/td>\n<td>MK5<\/td>\n<\/tr>\n<tr>\n<td>Kademe<\/td>\n<td>6<\/td>\n<\/tr>\n<tr>\n<td>H\u0131z<\/td>\n<td>150-2000<\/td>\n<\/tr>\n<tr>\n<td>Puntalar Aras\u0131 Mesafe<\/td>\n<td>800<\/td>\n<\/tr>\n<tr>\n<td>\u00c7apraz Support Hareketi<\/td>\n<td>150<\/td>\n<\/tr>\n<tr>\n<td>A\u011f\u0131rl\u0131k<\/td>\n<td>270<\/td>\n<\/tr>\n<\/table>\n","protected":false},"excerpt":{"rendered":"<ul>\n<li>Sertle\u015ftirilmi\u015f ve ta\u015flanm\u0131\u015f k\u0131zaklar<\/li>\n<li>G\u00fc\u00e7l\u00fc ve hassas fener mili<\/li>\n<li>Sa\u011f \/ Sol d\u00f6n\u00fc\u015f hareketi<\/li>\n<li>Otomatik ilerlemeli araba<\/li>\n<li>K\u0131lavuz \u00e7ekme<\/li>\n<li>Acil stop butonu<\/li>\n<li>Arka koruma sac\u0131<\/li>\n<li>Tala\u015f haznesi<\/li>\n<li>CE normlar\u0131na uygun<\/li>\n<\/ul>\n","protected":false},"featured_media":24308,"comment_status":"open","ping_status":"closed","template":"","meta":{"_acf_changed":false},"product_brand":[],"product_cat":[743],"product_tag":[],"class_list":{"0":"post-7178","1":"product","2":"type-product","3":"status-publish","4":"has-post-thumbnail","6":"product_cat-metal-isleme-makinalari-torna","8":"first","9":"outofstock","10":"taxable","11":"shipping-taxable","12":"purchasable","13":"product-type-simple","14":"add-to-wishlist-after_add_to_cart"},"acf":[],"_links":{"self":[{"href":"https:\/\/www.makitamarket.com.tr\/site\/wp-json\/wp\/v2\/product\/7178","targetHints":{"allow":["GET"]}}],"collection":[{"href":"https:\/\/www.makitamarket.com.tr\/site\/wp-json\/wp\/v2\/product"}],"about":[{"href":"https:\/\/www.makitamarket.com.tr\/site\/wp-json\/wp\/v2\/types\/product"}],"replies":[{"embeddable":true,"href":"https:\/\/www.makitamarket.com.tr\/site\/wp-json\/wp\/v2\/comments?post=7178"}],"wp:featuredmedia":[{"embeddable":true,"href":"https:\/\/www.makitamarket.com.tr\/site\/wp-json\/wp\/v2\/media\/24308"}],"wp:attachment":[{"href":"https:\/\/www.makitamarket.com.tr\/site\/wp-json\/wp\/v2\/media?parent=7178"}],"wp:term":[{"taxonomy":"product_brand","embeddable":true,"href":"https:\/\/www.makitamarket.com.tr\/site\/wp-json\/wp\/v2\/product_brand?post=7178"},{"taxonomy":"product_cat","embeddable":true,"href":"https:\/\/www.makitamarket.com.tr\/site\/wp-json\/wp\/v2\/product_cat?post=7178"},{"taxonomy":"product_tag","embeddable":true,"href":"https:\/\/www.makitamarket.com.tr\/site\/wp-json\/wp\/v2\/product_tag?post=7178"}],"curies":[{"name":"wp","href":"https:\/\/api.w.org\/{rel}","templated":true}]}}