{"id":7195,"date":"2024-09-11T20:06:18","date_gmt":"2024-09-11T17:06:18","guid":{"rendered":"https:\/\/www.makitamarket.com.tr\/site\/urun\/virax-virax-050110-v150-karot-makinasistand\/"},"modified":"2026-04-06T12:09:20","modified_gmt":"2026-04-06T09:09:20","slug":"virax-virax-050110-v150-karot-makinasistand","status":"publish","type":"product","link":"https:\/\/www.makitamarket.com.tr\/site\/urun\/virax-virax-050110-v150-karot-makinasistand\/","title":{"rendered":"Virax 50110 VIRAX 050110 V150 KAROT MAKINASI+STAND"},"content":{"rendered":"<p>\n\tV150 karot makinas\u0131 &#8220;Manuel veya Stand&#8221;l\u0131 kullan\u0131m ile t\u00fcm ihtiya\u00e7lar\u0131n\u0131z\u0131 kar\u015f\u0131lar<br \/>\n\t3 kademeli motor<br \/>\n\t1900 W g\u00fcc\u00fcndeki Virax karot makinas\u0131 termik,mekanik ve elektronik koruma sistemine sahiptir.<br \/>\n\tVirax karot makinas\u0131 ile \u00e7al\u0131\u015f\u0131rken\u00a0&#8220;A\u015f\u0131r\u0131 Y\u00fck \u0130kaz G\u00f6ztergesi&#8221; ile delme kontrol\u00fc sa\u011flayabilirsiniz.<\/p>\n<p>\tKullan\u0131m Alanlar\u0131:<br \/>\n\t-Sulu Delme (Stand ile beton);25-152 mm<br \/>\n\t-Kuru Delme (Stand ile tu\u011fla);\u00a025-152mm<br \/>\n\t-Sulu Delme (El ile beton);25-82mm<br \/>\n\t-Kuru Delme (El ile tu\u011fla);25-200mm<\/p>\n<p>\n\t\u00a0<\/p>\n<table>\n<tr>\n<td>Motor G\u00fcc\u00fc<\/td>\n<td>1900 W<\/td>\n<\/tr>\n<tr>\n<td>Vites Say\u0131s\u0131<\/td>\n<td>3<\/td>\n<\/tr>\n<tr>\n<td>Y\u00fckle D\u00f6n\u00fc\u015f<\/td>\n<td>1.H\u0131z:230 d\/dak &#8211; 2.H\u0131z:500 d\/dak &#8211; 3.H\u0131z:1030 d\/dak<\/td>\n<\/tr>\n<tr>\n<td>Ba\u011flant\u0131<\/td>\n<td>1.1\/4&#8243;-2&#8243;<\/td>\n<\/tr>\n<tr>\n<td>Delme Kapasitesi<\/td>\n<td>\u1d13 25-200 mm<\/td>\n<\/tr>\n<\/table>\n","protected":false},"excerpt":{"rendered":"<p>\n\tV150 karot makinas\u0131 &#8220;Manuel veya Stand&#8221;l\u0131 kullan\u0131m ile t\u00fcm ihtiya\u00e7lar\u0131n\u0131z\u0131 kar\u015f\u0131lar<br \/>\n\t3 kademeli motor<br \/>\n\t1900 W g\u00fcc\u00fcndeki Virax karot makinas\u0131 termik,mekanik ve elektronik koruma sistemine sahiptir.<br \/>\n\tVirax karot makinas\u0131 ile \u00e7al\u0131\u015f\u0131rken\u00a0&#8220;A\u015f\u0131r\u0131 Y\u00fck \u0130kaz G\u00f6ztergesi&#8221; ile delme kontrol\u00fc sa\u011flayabilirsiniz.<\/p>\n<p>\tKullan\u0131m Alanlar\u0131:<br \/>\n\t-Sulu Delme (Stand ile beton);25-152 mm<br \/>\n\t-Kuru Delme (Stand ile tu\u011fla);\u00a025-152mm<br \/>\n\t-Sulu Delme (El ile beton);25-82mm<br \/>\n\t-Kuru Delme (El ile tu\u011fla);25-200mm<\/p>\n<p>\n\t\u00a0<\/p>\n","protected":false},"featured_media":8024,"comment_status":"open","ping_status":"closed","template":"","meta":{"_acf_changed":false},"product_brand":[1495],"product_cat":[735],"product_tag":[],"class_list":{"0":"post-7195","1":"product","2":"type-product","3":"status-publish","4":"has-post-thumbnail","6":"product_brand-virax","7":"product_cat-karot-makinalari-elektrikli-ve-akulu-el-aletleri","9":"first","10":"outofstock","11":"taxable","12":"shipping-taxable","13":"purchasable","14":"product-type-simple","15":"add-to-wishlist-after_add_to_cart"},"acf":[],"_links":{"self":[{"href":"https:\/\/www.makitamarket.com.tr\/site\/wp-json\/wp\/v2\/product\/7195","targetHints":{"allow":["GET"]}}],"collection":[{"href":"https:\/\/www.makitamarket.com.tr\/site\/wp-json\/wp\/v2\/product"}],"about":[{"href":"https:\/\/www.makitamarket.com.tr\/site\/wp-json\/wp\/v2\/types\/product"}],"replies":[{"embeddable":true,"href":"https:\/\/www.makitamarket.com.tr\/site\/wp-json\/wp\/v2\/comments?post=7195"}],"wp:featuredmedia":[{"embeddable":true,"href":"https:\/\/www.makitamarket.com.tr\/site\/wp-json\/wp\/v2\/media\/8024"}],"wp:attachment":[{"href":"https:\/\/www.makitamarket.com.tr\/site\/wp-json\/wp\/v2\/media?parent=7195"}],"wp:term":[{"taxonomy":"product_brand","embeddable":true,"href":"https:\/\/www.makitamarket.com.tr\/site\/wp-json\/wp\/v2\/product_brand?post=7195"},{"taxonomy":"product_cat","embeddable":true,"href":"https:\/\/www.makitamarket.com.tr\/site\/wp-json\/wp\/v2\/product_cat?post=7195"},{"taxonomy":"product_tag","embeddable":true,"href":"https:\/\/www.makitamarket.com.tr\/site\/wp-json\/wp\/v2\/product_tag?post=7195"}],"curies":[{"name":"wp","href":"https:\/\/api.w.org\/{rel}","templated":true}]}}