{"id":7234,"date":"2024-09-11T20:37:43","date_gmt":"2024-09-11T17:37:43","guid":{"rendered":"https:\/\/www.makitamarket.com.tr\/site\/urun\/414-borulu-dubel-m8x10x75-mm\/"},"modified":"2025-11-16T04:12:53","modified_gmt":"2025-11-16T01:12:53","slug":"414-borulu-dubel-m8x10x75-mm","status":"publish","type":"product","link":"https:\/\/www.makitamarket.com.tr\/site\/urun\/414-borulu-dubel-m8x10x75-mm\/","title":{"rendered":"414 TB41312 BORULU D\u00dcBEL M8x10x75 mm"},"content":{"rendered":"<table>\n<tr>\n<td>\u00d6l\u00e7\u00fc<\/td>\n<td>M8 x 10 x 75 mm.<\/td>\n<\/tr>\n<tr>\n<td>Paket\/Koli \u0130\u00e7i Adedi<\/td>\n<td>50-600<\/td>\n<\/tr>\n<\/table>\n","protected":false},"excerpt":{"rendered":"<p>\u00d6l\u00e7\u00fc M8 x 10 x 75 mm. Paket\/Koli \u0130\u00e7i Adedi 50-600<\/p>\n","protected":false},"featured_media":8039,"comment_status":"open","ping_status":"closed","template":"","meta":{"_acf_changed":false},"product_brand":[1498],"product_cat":[721],"product_tag":[],"class_list":{"0":"post-7234","1":"product","2":"type-product","3":"status-publish","4":"has-post-thumbnail","6":"product_brand-1498","7":"product_cat-dubeller","9":"first","10":"outofstock","11":"taxable","12":"shipping-taxable","13":"purchasable","14":"product-type-simple","15":"add-to-wishlist-after_add_to_cart"},"acf":[],"_links":{"self":[{"href":"https:\/\/www.makitamarket.com.tr\/site\/wp-json\/wp\/v2\/product\/7234","targetHints":{"allow":["GET"]}}],"collection":[{"href":"https:\/\/www.makitamarket.com.tr\/site\/wp-json\/wp\/v2\/product"}],"about":[{"href":"https:\/\/www.makitamarket.com.tr\/site\/wp-json\/wp\/v2\/types\/product"}],"replies":[{"embeddable":true,"href":"https:\/\/www.makitamarket.com.tr\/site\/wp-json\/wp\/v2\/comments?post=7234"}],"wp:featuredmedia":[{"embeddable":true,"href":"https:\/\/www.makitamarket.com.tr\/site\/wp-json\/wp\/v2\/media\/8039"}],"wp:attachment":[{"href":"https:\/\/www.makitamarket.com.tr\/site\/wp-json\/wp\/v2\/media?parent=7234"}],"wp:term":[{"taxonomy":"product_brand","embeddable":true,"href":"https:\/\/www.makitamarket.com.tr\/site\/wp-json\/wp\/v2\/product_brand?post=7234"},{"taxonomy":"product_cat","embeddable":true,"href":"https:\/\/www.makitamarket.com.tr\/site\/wp-json\/wp\/v2\/product_cat?post=7234"},{"taxonomy":"product_tag","embeddable":true,"href":"https:\/\/www.makitamarket.com.tr\/site\/wp-json\/wp\/v2\/product_tag?post=7234"}],"curies":[{"name":"wp","href":"https:\/\/api.w.org\/{rel}","templated":true}]}}