{"id":7253,"date":"2024-09-11T20:38:00","date_gmt":"2024-09-11T17:38:00","guid":{"rendered":"https:\/\/www.makitamarket.com.tr\/site\/urun\/max-safety-braket-vizor-takma-aparati\/"},"modified":"2026-04-06T12:10:41","modified_gmt":"2026-04-06T09:10:41","slug":"max-safety-braket-vizor-takma-aparati","status":"publish","type":"product","link":"https:\/\/www.makitamarket.com.tr\/site\/urun\/max-safety-braket-vizor-takma-aparati\/","title":{"rendered":"Max Safety SE1220 BRAKET, V\u0130Z\u00d6R TAKMA APARATI"},"content":{"rendered":"<p>\n\t<strong>\u00d6zellikler:<br \/>\n\t<\/strong><\/p>\n<div id=\"cke_pastebin\">\n<div id=\"cke_pastebin\">\n<div id=\"cke_pastebin\">\n<div id=\"cke_pastebin\">\n<div id=\"cke_pastebin\">\n<div id=\"cke_pastebin\">\n<div id=\"cke_pastebin\">\n<div id=\"cke_pastebin\">\n<div id=\"cke_pastebin\">\n\t\t\t\t\t\t\t\t\t\u2022 U\u00e7u\u015fan par\u00e7ac\u0131klara (tala\u015f, toz) kar\u015f\u0131 kullan\u0131m\u0131 kolay y\u00fcz siperi i\u00e7in viz\u00f6r takma aparat\u0131.<\/div>\n<div id=\"cke_pastebin\">\n\t\t\t\t\t\t\t\t\t\u2022 Yayl\u0131 ba\u011flant\u0131 sistemi ile bir \u00e7ok baret ile kullan\u0131labilir.<\/div>\n<div id=\"cke_pastebin\">\n\t\t\t\t\t\t\t\t\t\u2022\u00a0<span style=\"color: rgb(0, 0, 0); font-family: tahoma, arial, sans-serif; font-size: 11px; background-color: rgb(216, 216, 216);\">90\u00b0<\/span>\u00a0a\u00e7\u0131labilir.<\/div>\n<div id=\"cke_pastebin\">\n\t\t\t\t\t\t\t\t\t\u2022 A\u011f\u0131rl\u0131k: 95gr \u00b15<\/div><\/div><\/div><\/div><\/div><\/div><\/div><\/div>\n<\/div>\n<table>\n<tr>\n<td>Standard\u0131<\/td>\n<td>CE &#8211; EN166<\/td>\n<\/tr>\n<tr>\n<td>Koli Miktar\u0131<\/td>\n<td>50 Adet<\/td>\n<\/tr>\n<\/table>\n","protected":false},"excerpt":{"rendered":"<p>\n\t<strong>\u00d6zellikler:<br \/>\n\t<\/strong><\/p>\n<div id=\"cke_pastebin\">\n<div id=\"cke_pastebin\">\n<div id=\"cke_pastebin\">\n<div id=\"cke_pastebin\">\n<div id=\"cke_pastebin\">\n<div id=\"cke_pastebin\">\n<div id=\"cke_pastebin\">\n<div id=\"cke_pastebin\">\n<div id=\"cke_pastebin\">\n\t\t\t\t\t\t\t\t\t\u2022 U\u00e7u\u015fan par\u00e7ac\u0131klara (tala\u015f, toz) kar\u015f\u0131 kullan\u0131m\u0131 kolay y\u00fcz siperi i\u00e7in viz\u00f6r takma aparat\u0131.<\/div>\n<div id=\"cke_pastebin\">\n\t\t\t\t\t\t\t\t\t\u2022 Yayl\u0131 ba\u011flant\u0131 sistemi ile bir \u00e7ok baret ile kullan\u0131labilir.<\/div>\n<div id=\"cke_pastebin\">\n\t\t\t\t\t\t\t\t\t\u2022\u00a0<span style=\"color: rgb(0, 0, 0); font-family: tahoma, arial, sans-serif; font-size: 11px; background-color: rgb(216, 216, 216);\">90\u00b0<\/span>\u00a0a\u00e7\u0131labilir.<\/div>\n<div id=\"cke_pastebin\">\n\t\t\t\t\t\t\t\t\t\u2022 A\u011f\u0131rl\u0131k: 95gr \u00b15<\/div>\n<\/p><\/div>\n<\/p><\/div>\n<\/p><\/div>\n<\/p><\/div>\n<\/p><\/div>\n<\/p><\/div>\n<\/p><\/div>\n<\/div>\n","protected":false},"featured_media":8049,"comment_status":"open","ping_status":"closed","template":"","meta":{"_acf_changed":false},"product_brand":[1492],"product_cat":[711],"product_tag":[],"class_list":{"0":"post-7253","1":"product","2":"type-product","3":"status-publish","4":"has-post-thumbnail","6":"product_brand-max-safety","7":"product_cat-yuz-ve-basustu-koruyucular","9":"first","10":"instock","11":"taxable","12":"shipping-taxable","13":"purchasable","14":"product-type-simple","15":"add-to-wishlist-after_add_to_cart"},"acf":[],"_links":{"self":[{"href":"https:\/\/www.makitamarket.com.tr\/site\/wp-json\/wp\/v2\/product\/7253","targetHints":{"allow":["GET"]}}],"collection":[{"href":"https:\/\/www.makitamarket.com.tr\/site\/wp-json\/wp\/v2\/product"}],"about":[{"href":"https:\/\/www.makitamarket.com.tr\/site\/wp-json\/wp\/v2\/types\/product"}],"replies":[{"embeddable":true,"href":"https:\/\/www.makitamarket.com.tr\/site\/wp-json\/wp\/v2\/comments?post=7253"}],"wp:featuredmedia":[{"embeddable":true,"href":"https:\/\/www.makitamarket.com.tr\/site\/wp-json\/wp\/v2\/media\/8049"}],"wp:attachment":[{"href":"https:\/\/www.makitamarket.com.tr\/site\/wp-json\/wp\/v2\/media?parent=7253"}],"wp:term":[{"taxonomy":"product_brand","embeddable":true,"href":"https:\/\/www.makitamarket.com.tr\/site\/wp-json\/wp\/v2\/product_brand?post=7253"},{"taxonomy":"product_cat","embeddable":true,"href":"https:\/\/www.makitamarket.com.tr\/site\/wp-json\/wp\/v2\/product_cat?post=7253"},{"taxonomy":"product_tag","embeddable":true,"href":"https:\/\/www.makitamarket.com.tr\/site\/wp-json\/wp\/v2\/product_tag?post=7253"}],"curies":[{"name":"wp","href":"https:\/\/api.w.org\/{rel}","templated":true}]}}