{"id":7276,"date":"2024-09-11T20:40:04","date_gmt":"2024-09-11T17:40:04","guid":{"rendered":"https:\/\/www.makitamarket.com.tr\/site\/urun\/virax-elektrikli-tezgah-tipi-pafta-makinasi-1-2-2\/"},"modified":"2026-03-30T07:03:11","modified_gmt":"2026-03-30T04:03:11","slug":"virax-elektrikli-tezgah-tipi-pafta-makinasi-1-2-2","status":"publish","type":"product","link":"https:\/\/www.makitamarket.com.tr\/site\/urun\/virax-elektrikli-tezgah-tipi-pafta-makinasi-1-2-2\/","title":{"rendered":"Virax 162120 ELEKTR\u0130KL\u0130 TEZGAH T\u0130P\u0130 PAFTA MAK\u0130NASI 1\/2&#8243; &#8211; 2&#8243;"},"content":{"rendered":"<div>\n\t<strong>Sevkiyat Kapsam\u0131<br \/>\n\t<\/strong><\/div>\n<div>\n\t\u20221 Adet otomatik 1\/2\u201d \u2013 2\u201d BSPT ve NPT Pafta Kafas\u0131<br \/>\n\t\u20221 Set Sa\u011f BSPT 1\/2\u201d \u2013 3\/4\u201d tarak<br \/>\n\t\u20221 Set Sa\u011f BSPT 1\u201d \u2013 2\u201d tarak<br \/>\n\t\u20221 Set Yedek Karbon K\u00f6m\u00fcr<br \/>\n\t\u20221 Adet Yedek \u00c7elik Boru Kesme B\u0131\u00e7a\u011f\u0131<br \/>\n\t\u20221 Adet G\u00fcvenlik Pedal\u0131<br \/>\n\t\u20225 Lt Kesme Ya\u011f\u0131 Ref.1101 05<br \/>\n\t\u20224 Ayak<\/div>\n<div>\n\t<span dir=\"ltr\" role=\"presentation\" style=\"left: 299.873px; top: 1463.4px; font-size: 11.6667px; font-family: sans-serif; transform: scaleX(0.856464);\">Uygulama esnas\u0131nda mutlaka pafta kesme ya\u011f\u0131 kullan\u0131n\u0131z.<\/span><\/div>\n<table>\n<tr>\n<td>Motor tipi<\/td>\n<td>230 Volt &#8211; 50\/60 Hz Unv<\/td>\n<\/tr>\n<tr>\n<td>Motor G\u00fcc\u00fc<\/td>\n<td>1100 W<\/td>\n<\/tr>\n<tr>\n<td>A\u011f\u0131rl\u0131k<\/td>\n<td>57,70 kg<\/td>\n<\/tr>\n<tr>\n<td>Tarak Tipi<\/td>\n<td>Sa\u011f BSPT<\/td>\n<\/tr>\n<tr>\n<td>Tarak Aral\u0131\u011f\u0131<\/td>\n<td>1\/2&#8243; &#8211; 2&#8243;<\/td>\n<\/tr>\n<tr>\n<td>Motor Devri<\/td>\n<td>38 rpm<\/td>\n<\/tr>\n<tr>\n<td>Boyutlar<\/td>\n<td>1.160 x 650 x 1.100 mm<\/td>\n<\/tr>\n<\/table>\n","protected":false},"excerpt":{"rendered":"<div>\n\t<strong>Sevkiyat Kapsam\u0131<br \/>\n\t<\/strong><\/div>\n<div>\n\t\u20221 Adet otomatik 1\/2\u201d \u2013 2\u201d BSPT ve NPT Pafta Kafas\u0131<br \/>\n\t\u20221 Set Sa\u011f BSPT 1\/2\u201d \u2013 3\/4\u201d tarak<br \/>\n\t\u20221 Set Sa\u011f BSPT 1\u201d \u2013 2\u201d tarak<br \/>\n\t\u20221 Set Yedek Karbon K\u00f6m\u00fcr<br \/>\n\t\u20221 Adet Yedek \u00c7elik Boru Kesme B\u0131\u00e7a\u011f\u0131<br \/>\n\t\u20221 Adet G\u00fcvenlik Pedal\u0131<br \/>\n\t\u20225 Lt Kesme Ya\u011f\u0131 Ref.1101 05<br \/>\n\t\u20224 Ayak<\/div>\n<div>\n\t<span dir=\"ltr\" role=\"presentation\" style=\"left: 299.873px; top: 1463.4px; font-size: 11.6667px; font-family: sans-serif; transform: scaleX(0.856464);\">Uygulama esnas\u0131nda mutlaka pafta kesme ya\u011f\u0131 kullan\u0131n\u0131z.<\/span><\/div>\n","protected":false},"featured_media":8062,"comment_status":"open","ping_status":"closed","template":"","meta":{"_acf_changed":false},"product_brand":[1495],"product_cat":[716],"product_tag":[],"class_list":{"0":"post-7276","1":"product","2":"type-product","3":"status-publish","4":"has-post-thumbnail","6":"product_brand-virax","7":"product_cat-pafta-makinalari","9":"first","10":"instock","11":"taxable","12":"shipping-taxable","13":"purchasable","14":"product-type-simple","15":"add-to-wishlist-after_add_to_cart"},"acf":[],"_links":{"self":[{"href":"https:\/\/www.makitamarket.com.tr\/site\/wp-json\/wp\/v2\/product\/7276","targetHints":{"allow":["GET"]}}],"collection":[{"href":"https:\/\/www.makitamarket.com.tr\/site\/wp-json\/wp\/v2\/product"}],"about":[{"href":"https:\/\/www.makitamarket.com.tr\/site\/wp-json\/wp\/v2\/types\/product"}],"replies":[{"embeddable":true,"href":"https:\/\/www.makitamarket.com.tr\/site\/wp-json\/wp\/v2\/comments?post=7276"}],"wp:featuredmedia":[{"embeddable":true,"href":"https:\/\/www.makitamarket.com.tr\/site\/wp-json\/wp\/v2\/media\/8062"}],"wp:attachment":[{"href":"https:\/\/www.makitamarket.com.tr\/site\/wp-json\/wp\/v2\/media?parent=7276"}],"wp:term":[{"taxonomy":"product_brand","embeddable":true,"href":"https:\/\/www.makitamarket.com.tr\/site\/wp-json\/wp\/v2\/product_brand?post=7276"},{"taxonomy":"product_cat","embeddable":true,"href":"https:\/\/www.makitamarket.com.tr\/site\/wp-json\/wp\/v2\/product_cat?post=7276"},{"taxonomy":"product_tag","embeddable":true,"href":"https:\/\/www.makitamarket.com.tr\/site\/wp-json\/wp\/v2\/product_tag?post=7276"}],"curies":[{"name":"wp","href":"https:\/\/api.w.org\/{rel}","templated":true}]}}