{"id":7278,"date":"2024-09-11T20:40:06","date_gmt":"2024-09-11T17:40:06","guid":{"rendered":"https:\/\/www.makitamarket.com.tr\/site\/urun\/virax-elektrofuzyon-kaynak-cihazi\/"},"modified":"2026-04-06T12:10:50","modified_gmt":"2026-04-06T09:10:50","slug":"virax-elektrofuzyon-kaynak-cihazi","status":"publish","type":"product","link":"https:\/\/www.makitamarket.com.tr\/site\/urun\/virax-elektrofuzyon-kaynak-cihazi\/","title":{"rendered":"Virax 575002 ELEKTROF\u00dcZYON KAYNAK C\u0130HAZI"},"content":{"rendered":"<div>\n\t\u2022 \u00d8 400 mm\u2019ye kadar PE ve PP man\u015fonlar i\u00e7in<\/div>\n<div>\n\t\u2022 Is\u0131 Kontrolu : Kayna\u011f\u0131n %100 tamamland\u0131\u011f\u0131n\u0131 kontrol eder.<\/div>\n<div>\n\t\u2022 Kablosuz barkod okuyucu<\/div>\n<div>\n\t\u2022 Verilerini rahat aktar\u0131m\u0131 i\u00e7in USB v2.0 ba\u011flant\u0131s\u0131\u00a0<\/div>\n<table>\n<tr>\n<td>\u00c7al\u0131\u015fma \u00c7ap\u0131<\/td>\n<td>\u00d8 400mm<\/td>\n<\/tr>\n<tr>\n<td>Voltaj<\/td>\n<td>230 V<\/td>\n<\/tr>\n<tr>\n<td>Frekans (Hz)<\/td>\n<td>50 &#8211; 60 Hz<\/td>\n<\/tr>\n<tr>\n<td>G\u00fc\u00e7<\/td>\n<td>3.680 W<\/td>\n<\/tr>\n<tr>\n<td>\u00c7\u0131k\u0131\u015f Ak\u0131m\u0131<\/td>\n<td>80 A<\/td>\n<\/tr>\n<tr>\n<td>S\u0131cakl\u0131k Aral\u0131\u011f\u0131<\/td>\n<td>-10\u02daC\u2019den +60\u02daC\u2019ye kadar<\/td>\n<\/tr>\n<tr>\n<td>Koruma S\u0131n\u0131f\u0131<\/td>\n<td>IP54<\/td>\n<\/tr>\n<tr>\n<td>Haf\u0131za Kapasitesi<\/td>\n<td>2000 rapor<\/td>\n<\/tr>\n<tr>\n<td>A\u011f\u0131rl\u0131k<\/td>\n<td>21,50 Kg<\/td>\n<\/tr>\n<tr>\n<td>Boyutlar<\/td>\n<td>600 x 400 x 400 mm<\/td>\n<\/tr>\n<\/table>\n","protected":false},"excerpt":{"rendered":"<div>\n\t\u2022 \u00d8 400 mm\u2019ye kadar PE ve PP man\u015fonlar i\u00e7in<\/div>\n<div>\n\t\u2022 Is\u0131 Kontrolu : Kayna\u011f\u0131n %100 tamamland\u0131\u011f\u0131n\u0131 kontrol eder.<\/div>\n<div>\n\t\u2022 Kablosuz barkod okuyucu<\/div>\n<div>\n\t\u2022 Verilerini rahat aktar\u0131m\u0131 i\u00e7in USB v2.0 ba\u011flant\u0131s\u0131\u00a0<\/div>\n","protected":false},"featured_media":8063,"comment_status":"open","ping_status":"closed","template":"","meta":{"_acf_changed":false},"product_brand":[1495],"product_cat":[751],"product_tag":[],"class_list":{"0":"post-7278","1":"product","2":"type-product","3":"status-publish","4":"has-post-thumbnail","6":"product_brand-virax","7":"product_cat-elektrofuzyon-kaynak-makinalari","9":"first","10":"outofstock","11":"taxable","12":"shipping-taxable","13":"purchasable","14":"product-type-simple","15":"add-to-wishlist-after_add_to_cart"},"acf":[],"_links":{"self":[{"href":"https:\/\/www.makitamarket.com.tr\/site\/wp-json\/wp\/v2\/product\/7278","targetHints":{"allow":["GET"]}}],"collection":[{"href":"https:\/\/www.makitamarket.com.tr\/site\/wp-json\/wp\/v2\/product"}],"about":[{"href":"https:\/\/www.makitamarket.com.tr\/site\/wp-json\/wp\/v2\/types\/product"}],"replies":[{"embeddable":true,"href":"https:\/\/www.makitamarket.com.tr\/site\/wp-json\/wp\/v2\/comments?post=7278"}],"wp:featuredmedia":[{"embeddable":true,"href":"https:\/\/www.makitamarket.com.tr\/site\/wp-json\/wp\/v2\/media\/8063"}],"wp:attachment":[{"href":"https:\/\/www.makitamarket.com.tr\/site\/wp-json\/wp\/v2\/media?parent=7278"}],"wp:term":[{"taxonomy":"product_brand","embeddable":true,"href":"https:\/\/www.makitamarket.com.tr\/site\/wp-json\/wp\/v2\/product_brand?post=7278"},{"taxonomy":"product_cat","embeddable":true,"href":"https:\/\/www.makitamarket.com.tr\/site\/wp-json\/wp\/v2\/product_cat?post=7278"},{"taxonomy":"product_tag","embeddable":true,"href":"https:\/\/www.makitamarket.com.tr\/site\/wp-json\/wp\/v2\/product_tag?post=7278"}],"curies":[{"name":"wp","href":"https:\/\/api.w.org\/{rel}","templated":true}]}}