{"id":7284,"date":"2024-09-11T20:58:47","date_gmt":"2024-09-11T17:58:47","guid":{"rendered":"https:\/\/www.makitamarket.com.tr\/site\/urun\/knipex-knipex-98-99-15-big-twin-elektrikci-takim-cantasi\/"},"modified":"2026-04-13T18:56:35","modified_gmt":"2026-04-13T15:56:35","slug":"knipex-knipex-98-99-15-big-twin-elektrikci-takim-cantasi","status":"publish","type":"product","link":"https:\/\/www.makitamarket.com.tr\/site\/urun\/knipex-knipex-98-99-15-big-twin-elektrikci-takim-cantasi\/","title":{"rendered":"Knipex 989915 KNIPEX 98 99 15 BIG TWIN ELEKTR\u0130K\u00c7\u0130 TAKIM \u00c7ANTASI"},"content":{"rendered":"<p><b>98 99 15 Alet kutusu &#8220;BIG Twin Move KIRMIZI&#8221; Elektrik Ehliyeti<\/b><br \/>Y\u0131pranmaya dayan\u0131kl\u0131 ABS malzemeden yap\u0131, k\u0131rm\u0131z\u0131; sistemler \u00fczerinde \u00e7al\u0131\u015fmak i\u00e7in, DIN EN\/IEC 60900&#8217;e g\u00f6re test edilmi\u015f, \u00e7e\u015fitli KNIPEX aletleri ile. Toplam 95 yerle\u015ftirme se\u00e7ene\u011fi ile. Maks. y\u00fck: 30 kg. Hacim: 38 litre. Taban k\u0131sm\u0131nda teleskopik tutamak seti, ayr\u0131ca d\u0131\u015fta iki adet p\u00fcr\u00fczs\u00fcz d\u00f6nen tekerlek. A\u00e7\u0131lar\u0131 serbest\u00e7e ayarlanabilen, her iki tarafta mente\u015fe mekanizmas\u0131na sahip ge\u00e7meli kapak tutucular\u0131 sayesinde, her a\u00e7\u0131lma konumunda serbest durabilir. Bir veya her iki taraftan a\u00e7\u0131labilir; taban ve kapak birbirinden ba\u011f\u0131ms\u0131z olarak a\u00e7\u0131labilir. \u00d6zel etiketleme i\u00e7in iki etiketlik alan Her iki tarafa yerle\u015ftirilebilen, emniyetli bi\u00e7imde tak\u0131lm\u0131\u015f sa\u011flam bir orta duvar ile al\u00fcminyum \u00e7er\u00e7eve sarg\u0131s\u0131, elastik halkalar ve on iki k\u00fc\u00e7\u00fck cep sayesinde esnek yerle\u015ftirme se\u00e7enekleri. Metal mente\u015fe. \u00c7antan\u0131n g\u00fcvenle kilitlenmesi i\u00e7in \u00fc\u00e7 haneli \u015fifreli kilit. Kapa\u011f\u0131 ve taban\u0131 sabitlemek i\u00e7in, her birinde iki metal e\u011fim kilidi. 13 alet cebine sahip, kir tutmaz, \u00e7ift duvarl\u0131, PP levhadan yap\u0131lm\u0131\u015f \u00e7ekilebilir belge dolab\u0131 ve \u00e7ekilebilir alet panosu. 58 mm y\u00fcksekli\u011fe sahip taban tepsisi d\u00fc\u011fmeye bas\u0131larak sabitlenebilir, esnek i\u00e7 par\u00e7alarla ek b\u00f6lmelere ayr\u0131labilir; alt\u0131 b\u00fcy\u00fck girinti \u015feklinde b\u00f6lmelere sahip kapak levhas\u0131. D\u0131\u015f boyutlar (G x Y x D): 520 x 435 x 290 mm; i\u00e7 boyutlar (G x Y x D): 490 x 370 x 110\/100 mm. IEC 60900, DIN EN 60900. <\/p>\n<li><b>D\u0131\u015f (i\u00e7) geni\u015flik \u00f6l\u00e7\u00fcs\u00fc: <\/b>520 mm 490 mm<\/li>\n<li><b>D\u0131\u015f (i\u00e7) y\u00fckseklik \u00f6l\u00e7\u00fcleri: <\/b>435 mm 370 mm<\/li>\n<li><b>D\u0131\u015f (i\u00e7) derinlik \u00f6l\u00e7\u00fcleri: <\/b>290 mm 110 mm<\/li>\n<p> <b>Teslimat kapsam\u0131:<\/b> 1 x 11 06 160 KNIPEX Kablo S\u0131y\u0131rma Pensesi \u00dcniversal a\u00e7ma yay\u0131 ile (\u00d8 5,0 mm \/ 10,0 mm\u00b2), 1 x 98 52 KNIPEX Kablo Kesme B\u0131\u00e7a\u011f\u0131 (190 mm), 1 x 98 53 03 KNIPEX Kablo D\u0131\u015f K\u0131l\u0131f\u0131 Soyma B\u0131\u00e7a\u011f\u0131 (155 mm), 1 x 95 16 200 KNIPEX Kablo Makas\u0131 \u00c7ift kesicili (\u00d8 20 mm \/ 70 mm\u00b2), 1 x 98 40 KNIPEX T-sap D\u0131\u015f d\u00f6rt k\u00f6\u015fe \u00bd&#8221; ile (165 mm), 1 x 98 47 10 KNIPEX Alt\u0131 k\u00f6\u015fe civatalar i\u00e7in lokma tak\u0131m\u0131 \u0130\u00e7 d\u00f6rt k\u00f6\u015feli 1\/2&#8243; (10 mm), 1 x 98 47 11 KNIPEX Alt\u0131 k\u00f6\u015fe civatalar i\u00e7in lokma tak\u0131m\u0131 \u0130\u00e7 d\u00f6rt k\u00f6\u015feli 1\/2&#8243; (11 mm), 1 x 98 47 12 KNIPEX Alt\u0131 k\u00f6\u015fe civatalar i\u00e7in lokma tak\u0131m\u0131 \u0130\u00e7 d\u00f6rt k\u00f6\u015feli 1\/2&#8243; (12 mm), 1 x 98 47 13 KNIPEX Alt\u0131 k\u00f6\u015fe civatalar i\u00e7in lokma tak\u0131m\u0131 \u0130\u00e7 d\u00f6rt k\u00f6\u015feli 1\/2&#8243; (13 mm), 1 x 98 47 14 KNIPEX Alt\u0131 k\u00f6\u015fe civatalar i\u00e7in lokma tak\u0131m\u0131 \u0130\u00e7 d\u00f6rt k\u00f6\u015feli 1\/2&#8243; (14 mm), 1 x 98 47 17 KNIPEX Alt\u0131 k\u00f6\u015fe civatalar i\u00e7in lokma tak\u0131m\u0131 \u0130\u00e7 d\u00f6rt k\u00f6\u015feli 1\/2&#8243; (17 mm), 1 x 98 47 19 KNIPEX Alt\u0131 k\u00f6\u015fe civatalar i\u00e7in lokma tak\u0131m\u0131 \u0130\u00e7 d\u00f6rt k\u00f6\u015feli 1\/2&#8243; (19 mm), 1 x 98 47 22 KNIPEX Alt\u0131 k\u00f6\u015fe civatalar i\u00e7in lokma tak\u0131m\u0131 \u0130\u00e7 d\u00f6rt k\u00f6\u015feli 1\/2&#8243; (22 mm), 1 x 98 47 24 KNIPEX Alt\u0131 k\u00f6\u015fe civatalar i\u00e7in lokma tak\u0131m\u0131 \u0130\u00e7 d\u00f6rt k\u00f6\u015feli 1\/2&#8243; (24 mm), 1 x 98 42 KNIPEX C\u0131rc\u0131rl\u0131 d\u00fcz eleman D\u0131\u015f d\u00f6rt k\u00f6\u015fe \u00bd&#8221; ile (5 &#8211; 50 NM in 0,25 Nm-Schritten), 1 x 98 45 125 KNIPEX Uzatma \u0130\u00e7 \/ d\u0131\u015f d\u00f6rt k\u00f6\u015feli 1\/2&#8243; (+ 125 mm), 1 x 98 45 250 KNIPEX Uzatma \u0130\u00e7 \/ d\u0131\u015f d\u00f6rt k\u00f6\u015feli 1\/2&#8243; (+ 250 mm), 1 x 08 26 145 KNIPEX Sivri u\u00e7lu kombine pense (145 mm), 1 x 87 26 250 KNIPEX Cobra\u00ae VDE KNIPEX Ayarl\u0131 Fort Pense Cobra\u00ae VDE-\u0130zoleli (2&#8243; \/ 46 mm), 1 x 98 24 01 SL KNIPEX Y\u0131ld\u0131z civatalar i\u00e7in tornavida (Slim) Phillips\u00ae (PH1 x 80 mm), 1 x 98 24 02 SL KNIPEX Y\u0131ld\u0131z civatalar i\u00e7in tornavida (Slim) Phillips\u00ae (PH2 x 100 mm), 1 x 98 25 01 SL KNIPEX Y\u0131ld\u0131z civatalar i\u00e7in tornavida (Slim) Pozidriv\u00ae (PZ1 x 80 mm), 1 x 98 25 02 SL KNIPEX Y\u0131ld\u0131z civatalar i\u00e7in tornavida (Slim) Pozidriv\u00ae (PZ2 x 100 mm), 1 x 98 20 25 KNIPEX D\u00fcz U\u00e7lu Tornavida (0,4 x 2,5 x 75 mm), 1 x 98 20 40 SL KNIPEX D\u00fcz civatalar i\u00e7in tornavida (Slim) (0,8 x 4 x 100 mm), 1 x 98 20 55 SL KNIPEX D\u00fcz civatalar i\u00e7in tornavida (Slim) (1,0 x 5,5 x 125 mm), 1 x 98 20 65 SL KNIPEX D\u00fcz civatalar i\u00e7in tornavida (Slim) (1,2 x 6,5 x 150 mm), 1 x 98 00 10 KNIPEX D\u00fcz anahtar (10 mm), 1 x 98 00 13 KNIPEX D\u00fcz anahtar (13 mm), 1 x 98 00 14 KNIPEX D\u00fcz anahtar (14 mm), 1 x 98 00 17 KNIPEX D\u00fcz anahtar (17 mm), 1 x 98 00 19 KNIPEX D\u00fcz anahtar (19 mm), 1 x 98 00 22 KNIPEX D\u00fcz anahtar (22 mm), 1 x 98 <\/p>\n<table><\/table>\n","protected":false},"excerpt":{"rendered":"<p><b>98 99 15 Alet kutusu &#8220;BIG Twin Move KIRMIZI&#8221; Elektrik Ehliyeti<\/b><br \/>Y\u0131pranmaya dayan\u0131kl\u0131 ABS malzemeden yap\u0131, k\u0131rm\u0131z\u0131; sistemler \u00fczerinde \u00e7al\u0131\u015fmak i\u00e7in, DIN EN\/IEC 60900&#8217;e g\u00f6re test edilmi\u015f, \u00e7e\u015fitli KNIPEX aletleri ile. Toplam 95 yerle\u015ftirme se\u00e7ene\u011fi ile. Maks. y\u00fck: 30 kg. Hacim: 38 litre. Taban k\u0131sm\u0131nda teleskopik tutamak seti, ayr\u0131ca d\u0131\u015fta iki adet p\u00fcr\u00fczs\u00fcz d\u00f6nen tekerlek. A\u00e7\u0131lar\u0131 serbest\u00e7e ayarlanabilen, her iki tarafta mente\u015fe mekanizmas\u0131na sahip ge\u00e7meli kapak tutucular\u0131 sayesinde, her a\u00e7\u0131lma konumunda serbest durabilir. Bir veya her iki taraftan a\u00e7\u0131labilir; taban ve kapak birbirinden ba\u011f\u0131ms\u0131z olarak a\u00e7\u0131labilir. \u00d6zel etiketleme i\u00e7in iki etiketlik alan Her iki tarafa yerle\u015ftirilebilen, emniyetli bi\u00e7imde tak\u0131lm\u0131\u015f sa\u011flam bir orta duvar ile al\u00fcminyum \u00e7er\u00e7eve sarg\u0131s\u0131, elastik halkalar ve on iki k\u00fc\u00e7\u00fck cep sayesinde esnek yerle\u015ftirme se\u00e7enekleri. Metal mente\u015fe. \u00c7antan\u0131n g\u00fcvenle kilitlenmesi i\u00e7in \u00fc\u00e7 haneli \u015fifreli kilit. Kapa\u011f\u0131 ve taban\u0131 sabitlemek i\u00e7in, her birinde iki metal e\u011fim kilidi. 13 alet cebine sahip, kir tutmaz, \u00e7ift duvarl\u0131, PP levhadan yap\u0131lm\u0131\u015f \u00e7ekilebilir belge dolab\u0131 ve \u00e7ekilebilir alet panosu. 58 mm y\u00fcksekli\u011fe sahip taban tepsisi d\u00fc\u011fmeye bas\u0131larak sabitlenebilir, esnek i\u00e7 par\u00e7alarla ek b\u00f6lmelere ayr\u0131labilir; alt\u0131 b\u00fcy\u00fck girinti \u015feklinde b\u00f6lmelere sahip kapak levhas\u0131. D\u0131\u015f boyutlar (G x Y x D): 520 x 435 x 290 mm; i\u00e7 boyutlar (G x Y x D): 490 x 370 x 110\/100 mm. IEC 60900, DIN EN 60900. <\/p>\n<li><b>D\u0131\u015f (i\u00e7) geni\u015flik \u00f6l\u00e7\u00fcs\u00fc: <\/b>520 mm 490 mm<\/li>\n<li><b>D\u0131\u015f (i\u00e7) y\u00fckseklik \u00f6l\u00e7\u00fcleri: <\/b>435 mm 370 mm<\/li>\n<li><b>D\u0131\u015f (i\u00e7) derinlik \u00f6l\u00e7\u00fcleri: <\/b>290 mm 110 mm<\/li>\n<p> <b>Teslimat kapsam\u0131:<\/b> 1 x 11 06 160 KNIPEX Kablo S\u0131y\u0131rma Pensesi \u00dcniversal a\u00e7ma yay\u0131 ile (\u00d8 5,0 mm \/ 10,0 mm\u00b2), 1 x 98 52 KNIPEX Kablo Kesme B\u0131\u00e7a\u011f\u0131 (190 mm), 1 x 98 53 03 KNIPEX Kablo D\u0131\u015f K\u0131l\u0131f\u0131 Soyma B\u0131\u00e7a\u011f\u0131 (155 mm), 1 x 95 16 200 KNIPEX Kablo Makas\u0131 \u00c7ift kesicili (\u00d8 20 mm \/ 70 mm\u00b2), 1 x 98 40 KNIPEX T-sap D\u0131\u015f d\u00f6rt k\u00f6\u015fe \u00bd&#8221; ile (165 mm), 1 x 98 47 10 KNIPEX Alt\u0131 k\u00f6\u015fe civatalar i\u00e7in lokma tak\u0131m\u0131 \u0130\u00e7 d\u00f6rt k\u00f6\u015feli 1\/2&#8243; (10 mm), 1 x 98 47 11 KNIPEX Alt\u0131 k\u00f6\u015fe civatalar i\u00e7in lokma tak\u0131m\u0131 \u0130\u00e7 d\u00f6rt k\u00f6\u015feli 1\/2&#8243; (11 mm), 1 x 98 47 12 KNIPEX Alt\u0131 k\u00f6\u015fe civatalar i\u00e7in lokma tak\u0131m\u0131 \u0130\u00e7 d\u00f6rt k\u00f6\u015feli 1\/2&#8243; (12 mm), 1 x 98 47 13 KNIPEX Alt\u0131 k\u00f6\u015fe civatalar i\u00e7in lokma tak\u0131m\u0131 \u0130\u00e7 d\u00f6rt k\u00f6\u015feli 1\/2&#8243; (13 mm), 1 x 98 47 14 KNIPEX Alt\u0131 k\u00f6\u015fe civatalar i\u00e7in lokma tak\u0131m\u0131 \u0130\u00e7 d\u00f6rt k\u00f6\u015feli 1\/2&#8243; (14 mm), 1 x 98 47 17 KNIPEX Alt\u0131 k\u00f6\u015fe civatalar i\u00e7in lokma tak\u0131m\u0131 \u0130\u00e7 d\u00f6rt k\u00f6\u015feli 1\/2&#8243; (17 mm), 1 x 98 47 19 KNIPEX Alt\u0131 k\u00f6\u015fe civatalar i\u00e7in lokma tak\u0131m\u0131 \u0130\u00e7 d\u00f6rt k\u00f6\u015feli 1\/2&#8243; (19 mm), 1 x 98 47 22 KNIPEX Alt\u0131 k\u00f6\u015fe civatalar i\u00e7in lokma tak\u0131m\u0131 \u0130\u00e7 d\u00f6rt k\u00f6\u015feli 1\/2&#8243; (22 mm), 1 x 98 47 24 KNIPEX Alt\u0131 k\u00f6\u015fe civatalar i\u00e7in lokma tak\u0131m\u0131 \u0130\u00e7 d\u00f6rt k\u00f6\u015feli 1\/2&#8243; (24 mm), 1 x 98 42 KNIPEX C\u0131rc\u0131rl\u0131 d\u00fcz eleman D\u0131\u015f d\u00f6rt k\u00f6\u015fe \u00bd&#8221; ile (5 &#8211; 50 NM in 0,25 Nm-Schritten), 1 x 98 45 125 KNIPEX Uzatma \u0130\u00e7 \/ d\u0131\u015f d\u00f6rt k\u00f6\u015feli 1\/2&#8243; (+ 125 mm), 1 x 98 45 250 KNIPEX Uzatma \u0130\u00e7 \/ d\u0131\u015f d\u00f6rt k\u00f6\u015feli 1\/2&#8243; (+ 250 mm), 1 x 08 26 145 KNIPEX Sivri u\u00e7lu kombine pense (145 mm), 1 x 87 26 250 KNIPEX Cobra\u00ae VDE KNIPEX Ayarl\u0131 Fort Pense Cobra\u00ae VDE-\u0130zoleli (2&#8243; \/ 46 mm), 1 x 98 24 01 SL KNIPEX Y\u0131ld\u0131z civatalar i\u00e7in tornavida (Slim) Phillips\u00ae (PH1 x 80 mm), 1 x 98 24 02 SL KNIPEX Y\u0131ld\u0131z civatalar i\u00e7in tornavida (Slim) Phillips\u00ae (PH2 x 100 mm), 1 x 98 25 01 SL KNIPEX Y\u0131ld\u0131z civatalar i\u00e7in tornavida (Slim) Pozidriv\u00ae (PZ1 x 80 mm), 1 x 98 25 02 SL KNIPEX Y\u0131ld\u0131z civatalar i\u00e7in tornavida (Slim) Pozidriv\u00ae (PZ2 x 100 mm), 1 x 98 20 25 KNIPEX D\u00fcz U\u00e7lu Tornavida (0,4 x 2,5 x 75 mm), 1 x 98 20 40 SL KNIPEX D\u00fcz civatalar i\u00e7in tornavida (Slim) (0,8 x 4 x 100 mm), 1 x 98 20 55 SL KNIPEX D\u00fcz civatalar i\u00e7in tornavida (Slim) (1,0 x 5,5 x 125 mm), 1 x 98 20 65 SL KNIPEX D\u00fcz civatalar i\u00e7in tornavida (Slim) (1,2 x 6,5 x 150 mm), 1 x 98 00 10 KNIPEX D\u00fcz anahtar (10 mm), 1 x 98 00 13 KNIPEX D\u00fcz anahtar (13 mm), 1 x 98 00 14 KNIPEX D\u00fcz anahtar (14 mm), 1 x 98 00 17 KNIPEX D\u00fcz anahtar (17 mm), 1 x 98 00 19 KNIPEX D\u00fcz anahtar (19 mm), 1 x 98 00 22 KNIPEX D\u00fcz anahtar (22 mm), 1 x 98 <\/p>\n","protected":false},"featured_media":8066,"comment_status":"open","ping_status":"closed","template":"","meta":{"_acf_changed":false},"product_brand":[1486],"product_cat":[734],"product_tag":[],"class_list":{"0":"post-7284","1":"product","2":"type-product","3":"status-publish","4":"has-post-thumbnail","6":"product_brand-knipex","7":"product_cat-plastik-takim-cantalari","9":"first","10":"instock","11":"taxable","12":"shipping-taxable","13":"purchasable","14":"product-type-simple","15":"add-to-wishlist-after_add_to_cart"},"acf":[],"_links":{"self":[{"href":"https:\/\/www.makitamarket.com.tr\/site\/wp-json\/wp\/v2\/product\/7284","targetHints":{"allow":["GET"]}}],"collection":[{"href":"https:\/\/www.makitamarket.com.tr\/site\/wp-json\/wp\/v2\/product"}],"about":[{"href":"https:\/\/www.makitamarket.com.tr\/site\/wp-json\/wp\/v2\/types\/product"}],"replies":[{"embeddable":true,"href":"https:\/\/www.makitamarket.com.tr\/site\/wp-json\/wp\/v2\/comments?post=7284"}],"wp:featuredmedia":[{"embeddable":true,"href":"https:\/\/www.makitamarket.com.tr\/site\/wp-json\/wp\/v2\/media\/8066"}],"wp:attachment":[{"href":"https:\/\/www.makitamarket.com.tr\/site\/wp-json\/wp\/v2\/media?parent=7284"}],"wp:term":[{"taxonomy":"product_brand","embeddable":true,"href":"https:\/\/www.makitamarket.com.tr\/site\/wp-json\/wp\/v2\/product_brand?post=7284"},{"taxonomy":"product_cat","embeddable":true,"href":"https:\/\/www.makitamarket.com.tr\/site\/wp-json\/wp\/v2\/product_cat?post=7284"},{"taxonomy":"product_tag","embeddable":true,"href":"https:\/\/www.makitamarket.com.tr\/site\/wp-json\/wp\/v2\/product_tag?post=7284"}],"curies":[{"name":"wp","href":"https:\/\/api.w.org\/{rel}","templated":true}]}}