{"id":7289,"date":"2024-09-11T20:58:55","date_gmt":"2024-09-11T17:58:55","guid":{"rendered":"https:\/\/www.makitamarket.com.tr\/site\/urun\/max-safety-plastik-zincir-6-mm\/"},"modified":"2026-04-06T12:11:20","modified_gmt":"2026-04-06T09:11:20","slug":"max-safety-plastik-zincir-6-mm","status":"publish","type":"product","link":"https:\/\/www.makitamarket.com.tr\/site\/urun\/max-safety-plastik-zincir-6-mm\/","title":{"rendered":"Max Safety MS1-3120 PLAST\u0130K Z\u0130NC\u0130R 6 mm"},"content":{"rendered":"<div>\n\tHigh quality PP\/PPE material<\/div>\n<div>\n\tProduced according to customer&#8217;s requirements<\/div>\n<div>\n\tFixing kits included<\/div>\n<div>\n\t<strong><br \/>\n\t<\/strong><\/div>\n<div>\n\t<span style=\"font-size:14px;\"><strong>General Application<\/strong><\/span><\/div>\n<div>\n\tSuitable for forming lines, directing crowds,\u00a0<\/div>\n<div>\n\tand restricting access in both indoor and outdoor settings<\/div>\n<table>\n<tr>\n<td>Material<\/td>\n<td>PP<\/td>\n<\/tr>\n<tr>\n<td>Size<\/td>\n<td>\u00d8 6 or 8 mm<\/td>\n<\/tr>\n<\/table>\n","protected":false},"excerpt":{"rendered":"<div>\n\tHigh quality PP\/PPE material<\/div>\n<div>\n\tProduced according to customer&#8217;s requirements<\/div>\n<div>\n\tFixing kits included<\/div>\n<div>\n\t<strong><br \/>\n\t<\/strong><\/div>\n<div>\n\t<span style=\"font-size:14px;\"><strong>General Application<\/strong><\/span><\/div>\n<div>\n\tSuitable for forming lines, directing crowds,\u00a0<\/div>\n<div>\n\tand restricting access in both indoor and outdoor settings<\/div>\n","protected":false},"featured_media":8068,"comment_status":"open","ping_status":"closed","template":"","meta":{"_acf_changed":false},"product_brand":[1492],"product_cat":[694],"product_tag":[],"class_list":{"0":"post-7289","1":"product","2":"type-product","3":"status-publish","4":"has-post-thumbnail","6":"product_brand-max-safety","7":"product_cat-trafik-ekipmanlari","9":"first","10":"instock","11":"taxable","12":"shipping-taxable","13":"purchasable","14":"product-type-simple","15":"add-to-wishlist-after_add_to_cart"},"acf":[],"_links":{"self":[{"href":"https:\/\/www.makitamarket.com.tr\/site\/wp-json\/wp\/v2\/product\/7289","targetHints":{"allow":["GET"]}}],"collection":[{"href":"https:\/\/www.makitamarket.com.tr\/site\/wp-json\/wp\/v2\/product"}],"about":[{"href":"https:\/\/www.makitamarket.com.tr\/site\/wp-json\/wp\/v2\/types\/product"}],"replies":[{"embeddable":true,"href":"https:\/\/www.makitamarket.com.tr\/site\/wp-json\/wp\/v2\/comments?post=7289"}],"wp:featuredmedia":[{"embeddable":true,"href":"https:\/\/www.makitamarket.com.tr\/site\/wp-json\/wp\/v2\/media\/8068"}],"wp:attachment":[{"href":"https:\/\/www.makitamarket.com.tr\/site\/wp-json\/wp\/v2\/media?parent=7289"}],"wp:term":[{"taxonomy":"product_brand","embeddable":true,"href":"https:\/\/www.makitamarket.com.tr\/site\/wp-json\/wp\/v2\/product_brand?post=7289"},{"taxonomy":"product_cat","embeddable":true,"href":"https:\/\/www.makitamarket.com.tr\/site\/wp-json\/wp\/v2\/product_cat?post=7289"},{"taxonomy":"product_tag","embeddable":true,"href":"https:\/\/www.makitamarket.com.tr\/site\/wp-json\/wp\/v2\/product_tag?post=7289"}],"curies":[{"name":"wp","href":"https:\/\/api.w.org\/{rel}","templated":true}]}}