{"id":7297,"date":"2024-09-11T20:59:03","date_gmt":"2024-09-11T17:59:03","guid":{"rendered":"https:\/\/www.makitamarket.com.tr\/site\/urun\/makita-akulu-cit-budama-makinasi-18v\/"},"modified":"2026-04-13T19:44:40","modified_gmt":"2026-04-13T16:44:40","slug":"makita-akulu-cit-budama-makinasi-18v","status":"publish","type":"product","link":"https:\/\/www.makitamarket.com.tr\/site\/urun\/makita-akulu-cit-budama-makinasi-18v\/","title":{"rendered":"Makita DUH483Z AK\u00dcL\u00dc \u00c7\u0130T BUDAMA MAK\u0130NASI 18V"},"content":{"rendered":"<p>Model DUH483Z<\/p>\n<p>Ak\u00fcl\u00fc \u00c7it Budama Makinas\u0131<\/p>\n<p>D\u00fc\u015f\u00fck Titre\u015fim<\/p>\n<p>18V \u2022&nbsp;480 mm&nbsp;\u2022 15 mm<\/p>\n<p><strong style=\"color: rgb(0, 112, 192);\">Y\u00fcksek Performansl\u0131 Ak\u00fcl\u00fc \u00c7it Budama Makinesi <\/strong><\/p>\n<p>Bah\u00e7e d\u00fczenleme ve \u00e7it budama i\u015fleri i\u00e7in tasarlanm\u0131\u015f bu model, 18V LXT Li-Ion ak\u00fc sistemi ile kablosuz kullan\u0131m avantaj\u0131 sunar. 480 mm b\u0131\u00e7ak uzunlu\u011fu ve \u00e7ift tarafl\u0131 kesim \u00f6zelli\u011fi, \u00e7itlerin hassas ve h\u0131zl\u0131 bir \u015fekilde budanmas\u0131n\u0131 sa\u011flar. Maksimum 15 mm kesim kapasitesi vard\u0131r.&nbsp;Ergonomik tasar\u0131m\u0131, hafif yap\u0131s\u0131 ve kau\u00e7uk kapl\u0131 tutma yeri ile uzun s\u00fcreli kullan\u0131mlarda konfor sunarken de\u011fi\u015fken h\u0131z kontrol\u00fc farkl\u0131 uygulamalara uyum sa\u011flar. D\u00fc\u015f\u00fck titre\u015fim seviyesi ve sessiz \u00e7al\u0131\u015fma \u00f6zelli\u011fi sayesinde \u00e7evre dostu olan bu model, ev tipi bah\u00e7e bak\u0131m ve \u00e7it d\u00fczenleme i\u015flemleri i\u00e7in ideal bir \u00e7\u00f6z\u00fcmd\u00fcr.<\/p>\n<p><span style=\"color: red;\">Kullan\u0131m amac\u0131: <\/span>\u00c7itlerin kesilmesi ve \u015fekillendirilmesi i\u00e7in tasarlanm\u0131\u015f bir ak\u00fcl\u00fc \u00e7it budama makinesidir.<\/p>\n<p><u>\u00d6zellikleri:<\/u><\/p>\n<ol>\n<li data-list=\"bullet\"><span class=\"ql-ui\" contenteditable=\"false\"><\/span>Elektrik freni mevcuttur.<\/li>\n<\/ol>\n<p><span style=\"background-color: white; color: black;\">Ak\u00fc:BL1830\/1840\/1850B\/1860B<\/span><\/p>\n<p>\u015earj Cihaz\u0131: DC18RD \u00c7iftli\/ DC18RC<\/p>\n<p><span style=\"color: red;\">Ak\u00fc ve \u015farj cihaz\u0131 dahil de\u011fildir.<\/span><\/p>\n<table>\n<tr>\n<td>B\u0131\u00e7ak Uzunlu\u011fu<\/td>\n<td>480 mm<\/td>\n<\/tr>\n<tr>\n<td>Maks. Kesim Kapasitesi<\/td>\n<td>15 mm<\/td>\n<\/tr>\n<tr>\n<td>Dakikada Kesim<\/td>\n<td>2.700 SPM<\/td>\n<\/tr>\n<tr>\n<td>Ses seviyesi<\/td>\n<td>75 dBA<\/td>\n<\/tr>\n<tr>\n<td>\u00d6l\u00e7\u00fcler (LxWxH)<\/td>\n<td>888x195x193 mm<\/td>\n<\/tr>\n<tr>\n<td>Kullan\u0131labilir Ak\u00fc<\/td>\n<td>1 adet 18V Li-ion<\/td>\n<\/tr>\n<tr>\n<td>Net A\u011f\u0131rl\u0131k<\/td>\n<td>3,0kg<\/td>\n<\/tr>\n<\/table>\n","protected":false},"excerpt":{"rendered":"<p>Model DUH483Z<\/p>\n<p>Ak\u00fcl\u00fc \u00c7it Budama Makinas\u0131<\/p>\n<p>D\u00fc\u015f\u00fck Titre\u015fim<\/p>\n<p>18V \u2022&nbsp;480 mm&nbsp;\u2022 15 mm<\/p>\n<p><strong style=\"color: rgb(0, 112, 192);\">Y\u00fcksek Performansl\u0131 Ak\u00fcl\u00fc \u00c7it Budama Makinesi <\/strong><\/p>\n<p>Bah\u00e7e d\u00fczenleme ve \u00e7it budama i\u015fleri i\u00e7in tasarlanm\u0131\u015f bu model, 18V LXT Li-Ion ak\u00fc sistemi ile kablosuz kullan\u0131m avantaj\u0131 sunar. 480 mm b\u0131\u00e7ak uzunlu\u011fu ve \u00e7ift tarafl\u0131 kesim \u00f6zelli\u011fi, \u00e7itlerin hassas ve h\u0131zl\u0131 bir \u015fekilde budanmas\u0131n\u0131 sa\u011flar. Maksimum 15 mm kesim kapasitesi vard\u0131r.&nbsp;Ergonomik tasar\u0131m\u0131, hafif yap\u0131s\u0131 ve kau\u00e7uk kapl\u0131 tutma yeri ile uzun s\u00fcreli kullan\u0131mlarda konfor sunarken de\u011fi\u015fken h\u0131z kontrol\u00fc farkl\u0131 uygulamalara uyum sa\u011flar. D\u00fc\u015f\u00fck titre\u015fim seviyesi ve sessiz \u00e7al\u0131\u015fma \u00f6zelli\u011fi sayesinde \u00e7evre dostu olan bu model, ev tipi bah\u00e7e bak\u0131m ve \u00e7it d\u00fczenleme i\u015flemleri i\u00e7in ideal bir \u00e7\u00f6z\u00fcmd\u00fcr.<\/p>\n<p><span style=\"color: red;\">Kullan\u0131m amac\u0131: <\/span>\u00c7itlerin kesilmesi ve \u015fekillendirilmesi i\u00e7in tasarlanm\u0131\u015f bir ak\u00fcl\u00fc \u00e7it budama makinesidir.<\/p>\n<p><u>\u00d6zellikleri:<\/u><\/p>\n<ol>\n<li data-list=\"bullet\"><span class=\"ql-ui\" contenteditable=\"false\"><\/span>Elektrik freni mevcuttur.<\/li>\n<\/ol>\n<p><span style=\"background-color: white; color: black;\">Ak\u00fc:BL1830\/1840\/1850B\/1860B<\/span><\/p>\n<p>\u015earj Cihaz\u0131: DC18RD \u00c7iftli\/ DC18RC<\/p>\n<p><span style=\"color: red;\">Ak\u00fc ve \u015farj cihaz\u0131 dahil de\u011fildir.<\/span><\/p>\n","protected":false},"featured_media":10601,"comment_status":"open","ping_status":"closed","template":"","meta":{"_acf_changed":false},"product_brand":[1485],"product_cat":[1565],"product_tag":[],"class_list":{"0":"post-7297","1":"product","2":"type-product","3":"status-publish","4":"has-post-thumbnail","6":"product_brand-makita","7":"product_cat-yok-yok","9":"first","10":"outofstock","11":"taxable","12":"shipping-taxable","13":"purchasable","14":"product-type-simple","15":"add-to-wishlist-after_add_to_cart"},"acf":[],"_links":{"self":[{"href":"https:\/\/www.makitamarket.com.tr\/site\/wp-json\/wp\/v2\/product\/7297","targetHints":{"allow":["GET"]}}],"collection":[{"href":"https:\/\/www.makitamarket.com.tr\/site\/wp-json\/wp\/v2\/product"}],"about":[{"href":"https:\/\/www.makitamarket.com.tr\/site\/wp-json\/wp\/v2\/types\/product"}],"replies":[{"embeddable":true,"href":"https:\/\/www.makitamarket.com.tr\/site\/wp-json\/wp\/v2\/comments?post=7297"}],"wp:featuredmedia":[{"embeddable":true,"href":"https:\/\/www.makitamarket.com.tr\/site\/wp-json\/wp\/v2\/media\/10601"}],"wp:attachment":[{"href":"https:\/\/www.makitamarket.com.tr\/site\/wp-json\/wp\/v2\/media?parent=7297"}],"wp:term":[{"taxonomy":"product_brand","embeddable":true,"href":"https:\/\/www.makitamarket.com.tr\/site\/wp-json\/wp\/v2\/product_brand?post=7297"},{"taxonomy":"product_cat","embeddable":true,"href":"https:\/\/www.makitamarket.com.tr\/site\/wp-json\/wp\/v2\/product_cat?post=7297"},{"taxonomy":"product_tag","embeddable":true,"href":"https:\/\/www.makitamarket.com.tr\/site\/wp-json\/wp\/v2\/product_tag?post=7297"}],"curies":[{"name":"wp","href":"https:\/\/api.w.org\/{rel}","templated":true}]}}