{"id":7299,"date":"2024-09-11T20:59:04","date_gmt":"2024-09-11T17:59:04","guid":{"rendered":"https:\/\/www.makitamarket.com.tr\/site\/urun\/leica-leica-distos910-p2p-set-lazer-metre\/"},"modified":"2026-01-23T11:56:36","modified_gmt":"2026-01-23T08:56:36","slug":"leica-leica-distos910-p2p-set-lazer-metre","status":"publish","type":"product","link":"https:\/\/www.makitamarket.com.tr\/site\/urun\/leica-leica-distos910-p2p-set-lazer-metre\/","title":{"rendered":"Leica DISTOS910P2PS LEICA DISTO\u2122S910 P2P SET LAZER METRE"},"content":{"rendered":"<div>\n\t<strong>Set \u0130\u00e7eri\u011fi<\/strong><\/div>\n<div>\n\t<strong>1-Leica DISTO\u2122S910<br \/>\n\t<\/strong><\/div>\n<div>\n\tD\u00fcnyan\u0131n ilk P2P noktasal \u00f6l\u00e7\u00fcm teknolojisine sahip dxf veri kaydedebilen ve WLAN veri transferine olanak sa\u011flayan lazer metresi.<\/div>\n<div>\n\t<strong>2-Leica FTA360-S <\/strong><\/div>\n<div>\n\tLeica DISTO S910 i\u00e7in uygundur. TRI100 ve TRI70 tripod \u00fczerine 1\/4\u201d di\u015fli ba\u011flant\u0131s\u0131yla sabitlenir.<\/div>\n<div>\n\t<strong>3-Leica TRI120<\/strong><\/div>\n<div>\n\t<strong>4-Leica GZM3 hedef plakas\u0131 <\/strong><\/div>\n<div>\n\tDISTO S910 ve 3D DISTO ofset \u00f6l\u00e7\u00fcmleri i\u00e7in uygundur.<\/div>\n<div>\n\t<strong>5-Sa\u011flam \u00c7anta IP65<br \/>\n\t<\/strong><\/div>\n<div>\n\tSa\u011flam ta\u015f\u0131ma \u00e7antas\u0131 sayesinde \u00f6l\u00e7\u00fcm ve hizalama cihazlar\u0131 g\u00fcvenli bir bi\u00e7imde ta\u015f\u0131nabilir.<\/div>\n<div>\n\t<strong>6-Taban<br \/>\n\t<\/strong><\/div>\n<div>\n\t<strong>7-\u015earj Cihaz\u0131<\/strong><\/div>\n<div>\n\t<strong>P2P Teknolojisiyle noktadan noktaya \u00f6l\u00e7\u00fcm<\/strong><\/div>\n<div>\n\tDahili ak\u0131ll\u0131 taban sayesinde bulundu\u011funuz noktadan eri\u015filmesi zor iki nokta aras\u0131ndaki geni\u015fli\u011fi kolayca \u00f6l\u00e7ebilirsiniz. Ak\u0131ll\u0131 taban ve dahili e\u011fim sens\u00f6r\u00fc sayesinde bir \u00e7ok yeni \u00f6l\u00e7\u00fcm olas\u0131l\u0131klar\u0131n\u0131n \u00f6n\u00fc a\u00e7\u0131lmaktad\u0131r.<\/div>\n<div>\n\t<strong>CAD format\u0131nda veri kaydetme<\/strong><\/div>\n<div>\n\tThe Leica DISTO\u2122 S910 t\u00fcm \u00f6l\u00e7\u00fcm noktalar\u0131n\u0131 bir DXF dosyas\u0131na plan, duvar veya 3D olarak \u00e7izimi kaydederek daha sonra ofis ortam\u0131nda USB aray\u00fcz\u00fcyle bilgisayara kaydetmeye olanak sa\u011flar.<\/div>\n<div>\n\t<strong>Nokta verisinin ger\u00e7ek zamanl\u0131 transfer<\/strong><strong>i<\/strong><\/div>\n<div>\n\t\u00d6l\u00e7\u00fcm sonu\u00e7lar\u0131 WLAN aray\u00fcz\u00fcyle sahada do\u011frudan ta\u015f\u0131nabilir bilgisayarlara g\u00f6nderilebilmekte ve kullan\u0131lan programlarda i\u015flenebilmektedir. \u0130stedi\u011finiz kadar \u00f6l\u00e7\u00fcm noktas\u0131n\u0131 foto\u011frafl\u0131 veya foto\u011frafs\u0131z transfer edebilebilir dok\u00fcman olu\u015fturabilir yada ger\u00e7ek zamanl\u0131 plan olu\u015fturulabilir.<\/div>\n<div>\n\t<strong>X-Range Power Teknolojisiyle <\/strong><\/div>\n<div>\n\t300 m menzil Yenilik\u00e7i X-Range Power Teknolojisi sayesinde, Leica DISTO\u2122 S910 gelece\u011fin \u00f6l\u00e7\u00fcm teknolojisini sunuyor. 300 m \u00f6l\u00e7\u00fcm mesafesinin yan\u0131 s\u0131ra d\u00fc\u015f\u00fck yans\u0131ma \u00f6zelli\u011fine sahip y\u00fczeylerde bile h\u0131zl\u0131, g\u00fcvenilir ve en iyi \u00f6l\u00e7\u00fcm performans\u0131n\u0131 sunuyor.\u00a0<\/div>\n<table>\n<tr>\n<td>Hassasiyet<\/td>\n<td>\u00b1 1mm<\/td>\n<\/tr>\n<tr>\n<td>Menzil<\/td>\n<td>0,05 &#8211; 300m<\/td>\n<\/tr>\n<tr>\n<td>\u00d6l\u00e7\u00fcm Birimleri<\/td>\n<td>m, ft, in<\/td>\n<\/tr>\n<tr>\n<td>E\u011fim Sens\u00f6r\u00fc<\/td>\n<td>360\u00b0<\/td>\n<\/tr>\n<tr>\n<td>Nokta bulucu ve Renkli ekran<\/td>\n<td>4x zoom Geni\u015f a\u00e7\u0131 kameras\u0131<\/td>\n<\/tr>\n<tr>\n<td>CAD data haf\u0131zas\u0131<\/td>\n<td>20 DXF dosya<\/td>\n<\/tr>\n<tr>\n<td>Foto\u011fraf haf\u0131zas\u0131<\/td>\n<td>80 JPG dosya foto\u011frafl\u0131<\/td>\n<\/tr>\n<tr>\n<td>\u00dccretsiz Uygulama ve Yaz\u0131l\u0131m<\/td>\n<td>\u0130OS, Android, Windows<\/td>\n<\/tr>\n<tr>\n<td>Data aray\u00fcz\u00fc*<\/td>\n<td>Bluetooth\u00ae Smarth, WLAN, USB<\/td>\n<\/tr>\n<tr>\n<td>Batarya<\/td>\n<td>Li-Ion sarj edilebilir.<\/td>\n<\/tr>\n<tr>\n<td>\u015earj s\u00fcresi<\/td>\n<td>4s<\/td>\n<\/tr>\n<tr>\n<td>Boyutlar<\/td>\n<td>164x61x32 mm<\/td>\n<\/tr>\n<tr>\n<td>Mesafe \u00d6l\u00e7\u00fcm\u00fc<\/td>\n<td>Alan\/hacim \u00f6l\u00e7\u00fcm\u00fc<\/td>\n<\/tr>\n<tr>\n<td>E\u011fim \u00f6l\u00e7\u00fcm\u00fc<\/td>\n<td>Ak\u0131ll\u0131 Yatay Mod<\/td>\n<\/tr>\n<tr>\n<td>Y\u00fckseklik profil \u00f6l\u00e7\u00fcm\u00fc<\/td>\n<td>Kamera fonksiyonu<\/td>\n<\/tr>\n<tr>\n<td>Foto\u011fraf \u00dczerinden \u00d6l\u00e7\u00fclendirme<\/td>\n<td>Dokunmatik ekran<\/td>\n<\/tr>\n<tr>\n<td>Pusula<\/td>\n<td>Noktadan Noktaya (P2P) 9 \u00f6l\u00e7\u00fcm<\/td>\n<\/tr>\n<tr>\n<td>Ak\u0131ll\u0131 a\u00e7\u0131 \u00f6l\u00e7\u00fcm\u00fc<\/td>\n<td>Ak\u0131ll\u0131 alan \u00f6l\u00e7\u00fcm\u00fc<\/td>\n<\/tr>\n<tr>\n<td>DXF data kay\u0131t<\/td>\n<td>WLAN data transferi<\/td>\n<\/tr>\n<\/table>\n","protected":false},"excerpt":{"rendered":"<div>\n\t<strong>Set \u0130\u00e7eri\u011fi<\/strong><\/div>\n<div>\n\t<strong>1-Leica DISTO\u2122S910<br \/>\n\t<\/strong><\/div>\n<div>\n\tD\u00fcnyan\u0131n ilk P2P noktasal \u00f6l\u00e7\u00fcm teknolojisine sahip dxf veri kaydedebilen ve WLAN veri transferine olanak sa\u011flayan lazer metresi.<\/div>\n<div>\n\t<strong>2-Leica FTA360-S <\/strong><\/div>\n<div>\n\tLeica DISTO S910 i\u00e7in uygundur. TRI100 ve TRI70 tripod \u00fczerine 1\/4\u201d di\u015fli ba\u011flant\u0131s\u0131yla sabitlenir.<\/div>\n<div>\n\t<strong>3-Leica TRI120<\/strong><\/div>\n<div>\n\t<strong>4-Leica GZM3 hedef plakas\u0131 <\/strong><\/div>\n<div>\n\tDISTO S910 ve 3D DISTO ofset \u00f6l\u00e7\u00fcmleri i\u00e7in uygundur.<\/div>\n<div>\n\t<strong>5-Sa\u011flam \u00c7anta IP65<br \/>\n\t<\/strong><\/div>\n<div>\n\tSa\u011flam ta\u015f\u0131ma \u00e7antas\u0131 sayesinde \u00f6l\u00e7\u00fcm ve hizalama cihazlar\u0131 g\u00fcvenli bir bi\u00e7imde ta\u015f\u0131nabilir.<\/div>\n<div>\n\t<strong>6-Taban<br \/>\n\t<\/strong><\/div>\n<div>\n\t<strong>7-\u015earj Cihaz\u0131<\/strong><\/div>\n<div>\n\t<strong>P2P Teknolojisiyle noktadan noktaya \u00f6l\u00e7\u00fcm<\/strong><\/div>\n<div>\n\tDahili ak\u0131ll\u0131 taban sayesinde bulundu\u011funuz noktadan eri\u015filmesi zor iki nokta aras\u0131ndaki geni\u015fli\u011fi kolayca \u00f6l\u00e7ebilirsiniz. Ak\u0131ll\u0131 taban ve dahili e\u011fim sens\u00f6r\u00fc sayesinde bir \u00e7ok yeni \u00f6l\u00e7\u00fcm olas\u0131l\u0131klar\u0131n\u0131n \u00f6n\u00fc a\u00e7\u0131lmaktad\u0131r.<\/div>\n<div>\n\t<strong>CAD format\u0131nda veri kaydetme<\/strong><\/div>\n<div>\n\tThe Leica DISTO\u2122 S910 t\u00fcm \u00f6l\u00e7\u00fcm noktalar\u0131n\u0131 bir DXF dosyas\u0131na plan, duvar veya 3D olarak \u00e7izimi kaydederek daha sonra ofis ortam\u0131nda USB aray\u00fcz\u00fcyle bilgisayara kaydetmeye olanak sa\u011flar.<\/div>\n<div>\n\t<strong>Nokta verisinin ger\u00e7ek zamanl\u0131 transfer<\/strong><strong>i<\/strong><\/div>\n<div>\n\t\u00d6l\u00e7\u00fcm sonu\u00e7lar\u0131 WLAN aray\u00fcz\u00fcyle sahada do\u011frudan ta\u015f\u0131nabilir bilgisayarlara g\u00f6nderilebilmekte ve kullan\u0131lan programlarda i\u015flenebilmektedir. \u0130stedi\u011finiz kadar \u00f6l\u00e7\u00fcm noktas\u0131n\u0131 foto\u011frafl\u0131 veya foto\u011frafs\u0131z transfer edebilebilir dok\u00fcman olu\u015fturabilir yada ger\u00e7ek zamanl\u0131 plan olu\u015fturulabilir.<\/div>\n<div>\n\t<strong>X-Range Power Teknolojisiyle <\/strong><\/div>\n<div>\n\t300 m menzil Yenilik\u00e7i X-Range Power Teknolojisi sayesinde, Leica DISTO\u2122 S910 gelece\u011fin \u00f6l\u00e7\u00fcm teknolojisini sunuyor. 300 m \u00f6l\u00e7\u00fcm mesafesinin yan\u0131 s\u0131ra d\u00fc\u015f\u00fck yans\u0131ma \u00f6zelli\u011fine sahip y\u00fczeylerde bile h\u0131zl\u0131, g\u00fcvenilir ve en iyi \u00f6l\u00e7\u00fcm performans\u0131n\u0131 sunuyor.\u00a0<\/div>\n","protected":false},"featured_media":8073,"comment_status":"open","ping_status":"closed","template":"","meta":{"_acf_changed":false},"product_brand":[1504],"product_cat":[754],"product_tag":[],"class_list":{"0":"post-7299","1":"product","2":"type-product","3":"status-publish","4":"has-post-thumbnail","6":"product_brand-leica","7":"product_cat-lazer-metreler","9":"first","10":"outofstock","11":"taxable","12":"shipping-taxable","13":"purchasable","14":"product-type-simple","15":"add-to-wishlist-after_add_to_cart"},"acf":[],"_links":{"self":[{"href":"https:\/\/www.makitamarket.com.tr\/site\/wp-json\/wp\/v2\/product\/7299","targetHints":{"allow":["GET"]}}],"collection":[{"href":"https:\/\/www.makitamarket.com.tr\/site\/wp-json\/wp\/v2\/product"}],"about":[{"href":"https:\/\/www.makitamarket.com.tr\/site\/wp-json\/wp\/v2\/types\/product"}],"replies":[{"embeddable":true,"href":"https:\/\/www.makitamarket.com.tr\/site\/wp-json\/wp\/v2\/comments?post=7299"}],"wp:featuredmedia":[{"embeddable":true,"href":"https:\/\/www.makitamarket.com.tr\/site\/wp-json\/wp\/v2\/media\/8073"}],"wp:attachment":[{"href":"https:\/\/www.makitamarket.com.tr\/site\/wp-json\/wp\/v2\/media?parent=7299"}],"wp:term":[{"taxonomy":"product_brand","embeddable":true,"href":"https:\/\/www.makitamarket.com.tr\/site\/wp-json\/wp\/v2\/product_brand?post=7299"},{"taxonomy":"product_cat","embeddable":true,"href":"https:\/\/www.makitamarket.com.tr\/site\/wp-json\/wp\/v2\/product_cat?post=7299"},{"taxonomy":"product_tag","embeddable":true,"href":"https:\/\/www.makitamarket.com.tr\/site\/wp-json\/wp\/v2\/product_tag?post=7299"}],"curies":[{"name":"wp","href":"https:\/\/api.w.org\/{rel}","templated":true}]}}