{"id":7301,"date":"2024-09-11T20:59:06","date_gmt":"2024-09-11T17:59:06","guid":{"rendered":"https:\/\/www.makitamarket.com.tr\/site\/urun\/makita-celik-cubuk-kesme-makinasi-18v\/"},"modified":"2025-11-16T04:13:56","modified_gmt":"2025-11-16T01:13:56","slug":"makita-celik-cubuk-kesme-makinasi-18v","status":"publish","type":"product","link":"https:\/\/www.makitamarket.com.tr\/site\/urun\/makita-celik-cubuk-kesme-makinasi-18v\/","title":{"rendered":"Makita DSC250RT \u00c7EL\u0130K \u00c7UBUK KESME MAK\u0130NASI 18V"},"content":{"rendered":"<p><span style=\"color: rgb(33, 37, 41); background-color: white;\">Model DSC250RT<\/span><\/p>\n<p><span style=\"color: rgb(33, 37, 41); background-color: white;\">Ak\u00fcl\u00fc \u00c7elik \u00c7ubuk Kesme<\/span><\/p>\n<p>Tij Kesme<\/p>\n<p><span style=\"color: rgb(33, 37, 41); background-color: white;\">18V \u2022 10 &#8211; 25 mm \u2022 2 200 dak\u207b\u00b9<\/span><\/p>\n<p><span style=\"color: rgb(0, 112, 192); background-color: white;\">\u00c7elik \u00e7ubuklar\u0131n ve demirleri h\u0131zl\u0131, neredeyse k\u0131v\u0131lc\u0131ms\u0131z kesimi i\u00e7in ideal ak\u00fcl\u00fc \u00e7elik \u00e7ubuk kesme modeli <\/span><\/p>\n<p><span style=\"color: rgb(33, 37, 41); background-color: white;\">\u00c7elik \u00e7ubuklar\u0131 ve demirleri kesmek i\u00e7in tasarlanm\u0131\u015f bir kesici. Maksimum 25 mm kesme kapasitesine sahiptir. Dakikada 2.200 bo\u015fta devire sahiptir.<\/span><\/p>\n<p><u style=\"color: black; background-color: white;\">\u00d6zellikleri:<\/u><\/p>\n<p><span style=\"color: rgb(33, 37, 41); background-color: white;\">18V max Lithium-ion,BL MOTOR,ADT,Tek Ak\u00fcl\u00fc<\/span><\/p>\n<p>Ak\u00fcl\u00fc yap\u0131s\u0131 kullan\u0131c\u0131ya kablosuz kullan\u0131m imkan\u0131 sunar ve bu sayede kullan\u0131c\u0131lar geni\u015f alanlarda kablo s\u0131n\u0131rlamalar\u0131 olmadan rahat\u00e7a \u00e7al\u0131\u015fabilirler.<\/p>\n<p>Li-ion;Bataryan\u0131n daha verimli \u00e7al\u0131\u015fmas\u0131n\u0131 sa\u011flayan teknolojidir.<\/p>\n<p>BL Motor\/K\u00f6m\u00fcrs\u00fcz Motor mevcuttur. K\u00f6m\u00fcrs\u00fcz motor sayesinde \u00e7al\u0131\u015fma esnas\u0131nda olu\u015fan \u0131s\u0131 enerjisi kaybolmaz ve makinenin g\u00fcc\u00fcne iletilir.<\/p>\n<p>ADT(Otomatik Tork Ayar Teknolojisi);\u00e7al\u0131\u015fma \u015fartlar\u0131na g\u00f6re kesme h\u0131z\u0131 otomatik olarak ayarlan\u0131r.<\/p>\n<ol>\n<li data-list=\"bullet\"><span class=\"ql-ui\" contenteditable=\"false\"><\/span>Plastik ta\u015f\u0131ma \u00e7antal\u0131d\u0131r.<\/li>\n<\/ol>\n<p><span style=\"color: rgb(33, 37, 41); background-color: white;\">Ambalaj i\u00e7eri\u011fi: Testere, toz torbas\u0131 , yan sap, anahtar<\/span><\/p>\n<table>\n<tr>\n<td>B\u0131\u00e7ak \u00e7ap\u0131<\/td>\n<td>100 mm<\/td>\n<\/tr>\n<tr>\n<td>Kesme Kapasitesi<\/td>\n<td>\u00c7ap:10-25 mm<\/td>\n<\/tr>\n<tr>\n<td>Bo\u015fta Devir<\/td>\n<td>2200devir\/dk<\/td>\n<\/tr>\n<tr>\n<td>Net A\u011f\u0131rl\u0131k<\/td>\n<td>3.9 kg<\/td>\n<\/tr>\n<tr>\n<td>G\u00fc\u00e7-Kapasite<\/td>\n<td>18V\/5.0Ah\/Li-ion<\/td>\n<\/tr>\n<tr>\n<td>Ak\u00fc \/ \u015earj Cihaz\u0131<\/td>\n<td>BL1850B-DC18RC<\/td>\n<\/tr>\n<\/table>\n","protected":false},"excerpt":{"rendered":"<p><span style=\"color: rgb(33, 37, 41); background-color: white;\">Model DSC250RT<\/span><\/p>\n<p><span style=\"color: rgb(33, 37, 41); background-color: white;\">Ak\u00fcl\u00fc \u00c7elik \u00c7ubuk Kesme<\/span><\/p>\n<p>Tij Kesme<\/p>\n<p><span style=\"color: rgb(33, 37, 41); background-color: white;\">18V \u2022 10 &#8211; 25 mm \u2022 2 200 dak\u207b\u00b9<\/span><\/p>\n<p><span style=\"color: rgb(0, 112, 192); background-color: white;\">\u00c7elik \u00e7ubuklar\u0131n ve demirleri h\u0131zl\u0131, neredeyse k\u0131v\u0131lc\u0131ms\u0131z kesimi i\u00e7in ideal ak\u00fcl\u00fc \u00e7elik \u00e7ubuk kesme modeli <\/span><\/p>\n<p><span style=\"color: rgb(33, 37, 41); background-color: white;\">\u00c7elik \u00e7ubuklar\u0131 ve demirleri kesmek i\u00e7in tasarlanm\u0131\u015f bir kesici. Maksimum 25 mm kesme kapasitesine sahiptir. Dakikada 2.200 bo\u015fta devire sahiptir.<\/span><\/p>\n<p><u style=\"color: black; background-color: white;\">\u00d6zellikleri:<\/u><\/p>\n<p><span style=\"color: rgb(33, 37, 41); background-color: white;\">18V max Lithium-ion,BL MOTOR,ADT,Tek Ak\u00fcl\u00fc<\/span><\/p>\n<p>Ak\u00fcl\u00fc yap\u0131s\u0131 kullan\u0131c\u0131ya kablosuz kullan\u0131m imkan\u0131 sunar ve bu sayede kullan\u0131c\u0131lar geni\u015f alanlarda kablo s\u0131n\u0131rlamalar\u0131 olmadan rahat\u00e7a \u00e7al\u0131\u015fabilirler.<\/p>\n<p>Li-ion;Bataryan\u0131n daha verimli \u00e7al\u0131\u015fmas\u0131n\u0131 sa\u011flayan teknolojidir.<\/p>\n<p>BL Motor\/K\u00f6m\u00fcrs\u00fcz Motor mevcuttur. K\u00f6m\u00fcrs\u00fcz motor sayesinde \u00e7al\u0131\u015fma esnas\u0131nda olu\u015fan \u0131s\u0131 enerjisi kaybolmaz ve makinenin g\u00fcc\u00fcne iletilir.<\/p>\n<p>ADT(Otomatik Tork Ayar Teknolojisi);\u00e7al\u0131\u015fma \u015fartlar\u0131na g\u00f6re kesme h\u0131z\u0131 otomatik olarak ayarlan\u0131r.<\/p>\n<ol>\n<li data-list=\"bullet\"><span class=\"ql-ui\" contenteditable=\"false\"><\/span>Plastik ta\u015f\u0131ma \u00e7antal\u0131d\u0131r.<\/li>\n<\/ol>\n<p><span style=\"color: rgb(33, 37, 41); background-color: white;\">Ambalaj i\u00e7eri\u011fi: Testere, toz torbas\u0131 , yan sap, anahtar<\/span><\/p>\n","protected":false},"featured_media":8074,"comment_status":"open","ping_status":"closed","template":"","meta":{"_acf_changed":false},"product_brand":[1485],"product_cat":[755],"product_tag":[],"class_list":{"0":"post-7301","1":"product","2":"type-product","3":"status-publish","4":"has-post-thumbnail","6":"product_brand-makita","7":"product_cat-18-volt","9":"first","10":"outofstock","11":"taxable","12":"shipping-taxable","13":"purchasable","14":"product-type-simple","15":"add-to-wishlist-after_add_to_cart"},"acf":[],"_links":{"self":[{"href":"https:\/\/www.makitamarket.com.tr\/site\/wp-json\/wp\/v2\/product\/7301","targetHints":{"allow":["GET"]}}],"collection":[{"href":"https:\/\/www.makitamarket.com.tr\/site\/wp-json\/wp\/v2\/product"}],"about":[{"href":"https:\/\/www.makitamarket.com.tr\/site\/wp-json\/wp\/v2\/types\/product"}],"replies":[{"embeddable":true,"href":"https:\/\/www.makitamarket.com.tr\/site\/wp-json\/wp\/v2\/comments?post=7301"}],"wp:featuredmedia":[{"embeddable":true,"href":"https:\/\/www.makitamarket.com.tr\/site\/wp-json\/wp\/v2\/media\/8074"}],"wp:attachment":[{"href":"https:\/\/www.makitamarket.com.tr\/site\/wp-json\/wp\/v2\/media?parent=7301"}],"wp:term":[{"taxonomy":"product_brand","embeddable":true,"href":"https:\/\/www.makitamarket.com.tr\/site\/wp-json\/wp\/v2\/product_brand?post=7301"},{"taxonomy":"product_cat","embeddable":true,"href":"https:\/\/www.makitamarket.com.tr\/site\/wp-json\/wp\/v2\/product_cat?post=7301"},{"taxonomy":"product_tag","embeddable":true,"href":"https:\/\/www.makitamarket.com.tr\/site\/wp-json\/wp\/v2\/product_tag?post=7301"}],"curies":[{"name":"wp","href":"https:\/\/api.w.org\/{rel}","templated":true}]}}