{"id":7326,"date":"2024-09-11T21:29:29","date_gmt":"2024-09-11T18:29:29","guid":{"rendered":"https:\/\/www.makitamarket.com.tr\/site\/urun\/full-kup-organizer-30\/"},"modified":"2026-03-15T08:09:57","modified_gmt":"2026-03-15T05:09:57","slug":"full-kup-organizer-30","status":"publish","type":"product","link":"https:\/\/www.makitamarket.com.tr\/site\/urun\/full-kup-organizer-30\/","title":{"rendered":"Full FULLKUP300 KUP ORGAN\u0130ZER 30&#8243;"},"content":{"rendered":"<p>\n\t15 adet k\u00fcp ile kullan\u0131m\u0131za g\u00f6re d\u00fczenlenebilir organizer \u00e7anta<\/p>\n<table>\n<tr>\n<td>A\u00e7\u0131klama<\/td>\n<td>Plastil Kilit &#8211; 30&#8221; &#8211; 31.3&#215;27.3x62h cm<\/td>\n<\/tr>\n<tr>\n<td>Koli Adedi<\/td>\n<td>16<\/td>\n<\/tr>\n<\/table>\n","protected":false},"excerpt":{"rendered":"<p>\n\t15 adet k\u00fcp ile kullan\u0131m\u0131za g\u00f6re d\u00fczenlenebilir organizer \u00e7anta<\/p>\n","protected":false},"featured_media":8087,"comment_status":"open","ping_status":"closed","template":"","meta":{"_acf_changed":false},"product_brand":[1502],"product_cat":[757],"product_tag":[],"class_list":{"0":"post-7326","1":"product","2":"type-product","3":"status-publish","4":"has-post-thumbnail","6":"product_brand-full","7":"product_cat-organizer-kutular","9":"first","10":"outofstock","11":"taxable","12":"shipping-taxable","13":"purchasable","14":"product-type-simple","15":"add-to-wishlist-after_add_to_cart"},"acf":[],"_links":{"self":[{"href":"https:\/\/www.makitamarket.com.tr\/site\/wp-json\/wp\/v2\/product\/7326","targetHints":{"allow":["GET"]}}],"collection":[{"href":"https:\/\/www.makitamarket.com.tr\/site\/wp-json\/wp\/v2\/product"}],"about":[{"href":"https:\/\/www.makitamarket.com.tr\/site\/wp-json\/wp\/v2\/types\/product"}],"replies":[{"embeddable":true,"href":"https:\/\/www.makitamarket.com.tr\/site\/wp-json\/wp\/v2\/comments?post=7326"}],"wp:featuredmedia":[{"embeddable":true,"href":"https:\/\/www.makitamarket.com.tr\/site\/wp-json\/wp\/v2\/media\/8087"}],"wp:attachment":[{"href":"https:\/\/www.makitamarket.com.tr\/site\/wp-json\/wp\/v2\/media?parent=7326"}],"wp:term":[{"taxonomy":"product_brand","embeddable":true,"href":"https:\/\/www.makitamarket.com.tr\/site\/wp-json\/wp\/v2\/product_brand?post=7326"},{"taxonomy":"product_cat","embeddable":true,"href":"https:\/\/www.makitamarket.com.tr\/site\/wp-json\/wp\/v2\/product_cat?post=7326"},{"taxonomy":"product_tag","embeddable":true,"href":"https:\/\/www.makitamarket.com.tr\/site\/wp-json\/wp\/v2\/product_tag?post=7326"}],"curies":[{"name":"wp","href":"https:\/\/api.w.org\/{rel}","templated":true}]}}