{"id":7355,"date":"2024-09-11T22:11:48","date_gmt":"2024-09-11T19:11:48","guid":{"rendered":"https:\/\/www.makitamarket.com.tr\/site\/urun\/rapid-elektrikli-civi-cakma-tabancasi\/"},"modified":"2026-04-06T12:11:42","modified_gmt":"2026-04-06T09:11:42","slug":"rapid-elektrikli-civi-cakma-tabancasi","status":"publish","type":"product","link":"https:\/\/www.makitamarket.com.tr\/site\/urun\/rapid-elektrikli-civi-cakma-tabancasi\/","title":{"rendered":"Rapid EN330 ELEKTR\u0130KL\u0130 \u00c7\u0130V\u0130 \u00c7AKMA TABANCASI"},"content":{"rendered":"<div>\n\tHer t\u00fcrl\u00fc ah\u015fap s\u00fcp\u00fcrgelik, kap\u0131 ve pencere pervazlar\u0131, ah\u015fap ar\u015fitrav birle\u015ftirme ve dolap arkal\u0131klar\u0131 montajlar\u0131n\u0131 kendiniz yapabilmeniz i\u00e7in y\u00fcksek kaliteli \u00e7ivi \u00e7akma tabancas\u0131.<\/div>\n<div>\n\t\u2022 Verimli \u00e7al\u0131\u015fabilmeniz i\u00e7in an\u0131nda tepki veren tetik mekanizmas\u0131<\/div>\n<div>\n\t\u2022 Ayarlanabilir g\u00fc\u00e7 mekanizmas\u0131<\/div>\n<div>\n\t\u2022 H\u0131zl\u0131 \u00e7ivi y\u00fcklemesi veya de\u011fi\u015fim i\u00e7in \u00e7abuk a\u00e7\u0131labilen k\u0131zak mekanizmas\u0131<\/div>\n<div>\n\t\u2022 G\u00fcvenlik i\u00e7in iki a\u015famal\u0131 tetik mekanizmas\u0131<\/div>\n<div>\n\t\u2022 \u00c7al\u0131\u015fan y\u00fczeyi \u00e7izilmeye kar\u015f\u0131 koruyan lastik kaplamal\u0131 \u00fcst k\u0131s\u0131m<\/div>\n<div>\n\t\u2022 2 y\u0131l garanti\u00a0<\/div>\n<div>\n\tBa\u015fs\u0131z \u00c7ivi (8) 15-30mm<\/div>\n<div>\n\t18 Ga<\/div>\n<table><\/table>\n","protected":false},"excerpt":{"rendered":"<div>\n\tHer t\u00fcrl\u00fc ah\u015fap s\u00fcp\u00fcrgelik, kap\u0131 ve pencere pervazlar\u0131, ah\u015fap ar\u015fitrav birle\u015ftirme ve dolap arkal\u0131klar\u0131 montajlar\u0131n\u0131 kendiniz yapabilmeniz i\u00e7in y\u00fcksek kaliteli \u00e7ivi \u00e7akma tabancas\u0131.<\/div>\n<div>\n\t\u2022 Verimli \u00e7al\u0131\u015fabilmeniz i\u00e7in an\u0131nda tepki veren tetik mekanizmas\u0131<\/div>\n<div>\n\t\u2022 Ayarlanabilir g\u00fc\u00e7 mekanizmas\u0131<\/div>\n<div>\n\t\u2022 H\u0131zl\u0131 \u00e7ivi y\u00fcklemesi veya de\u011fi\u015fim i\u00e7in \u00e7abuk a\u00e7\u0131labilen k\u0131zak mekanizmas\u0131<\/div>\n<div>\n\t\u2022 G\u00fcvenlik i\u00e7in iki a\u015famal\u0131 tetik mekanizmas\u0131<\/div>\n<div>\n\t\u2022 \u00c7al\u0131\u015fan y\u00fczeyi \u00e7izilmeye kar\u015f\u0131 koruyan lastik kaplamal\u0131 \u00fcst k\u0131s\u0131m<\/div>\n<div>\n\t\u2022 2 y\u0131l garanti\u00a0<\/div>\n<div>\n\tBa\u015fs\u0131z \u00c7ivi (8) 15-30mm<\/div>\n<div>\n\t18 Ga<\/div>\n","protected":false},"featured_media":8102,"comment_status":"open","ping_status":"closed","template":"","meta":{"_acf_changed":false},"product_brand":[1491],"product_cat":[712],"product_tag":[],"class_list":{"0":"post-7355","1":"product","2":"type-product","3":"status-publish","4":"has-post-thumbnail","6":"product_brand-rapid","7":"product_cat-zimba-tabancalari","9":"first","10":"instock","11":"taxable","12":"shipping-taxable","13":"purchasable","14":"product-type-simple","15":"add-to-wishlist-after_add_to_cart"},"acf":[],"_links":{"self":[{"href":"https:\/\/www.makitamarket.com.tr\/site\/wp-json\/wp\/v2\/product\/7355","targetHints":{"allow":["GET"]}}],"collection":[{"href":"https:\/\/www.makitamarket.com.tr\/site\/wp-json\/wp\/v2\/product"}],"about":[{"href":"https:\/\/www.makitamarket.com.tr\/site\/wp-json\/wp\/v2\/types\/product"}],"replies":[{"embeddable":true,"href":"https:\/\/www.makitamarket.com.tr\/site\/wp-json\/wp\/v2\/comments?post=7355"}],"wp:featuredmedia":[{"embeddable":true,"href":"https:\/\/www.makitamarket.com.tr\/site\/wp-json\/wp\/v2\/media\/8102"}],"wp:attachment":[{"href":"https:\/\/www.makitamarket.com.tr\/site\/wp-json\/wp\/v2\/media?parent=7355"}],"wp:term":[{"taxonomy":"product_brand","embeddable":true,"href":"https:\/\/www.makitamarket.com.tr\/site\/wp-json\/wp\/v2\/product_brand?post=7355"},{"taxonomy":"product_cat","embeddable":true,"href":"https:\/\/www.makitamarket.com.tr\/site\/wp-json\/wp\/v2\/product_cat?post=7355"},{"taxonomy":"product_tag","embeddable":true,"href":"https:\/\/www.makitamarket.com.tr\/site\/wp-json\/wp\/v2\/product_tag?post=7355"}],"curies":[{"name":"wp","href":"https:\/\/api.w.org\/{rel}","templated":true}]}}