{"id":7365,"date":"2024-09-11T22:17:40","date_gmt":"2024-09-11T19:17:40","guid":{"rendered":"https:\/\/www.makitamarket.com.tr\/site\/urun\/turcoboor-manyetik-kilavuz-cekme-matkabi\/"},"modified":"2026-03-30T07:07:51","modified_gmt":"2026-03-30T04:07:51","slug":"turcoboor-manyetik-kilavuz-cekme-matkabi","status":"publish","type":"product","link":"https:\/\/www.makitamarket.com.tr\/site\/urun\/turcoboor-manyetik-kilavuz-cekme-matkabi\/","title":{"rendered":"Turcoboor 50TAK MANYET\u0130K KILAVUZ \u00c7EKME MATKABI"},"content":{"rendered":"<table>\n<tr>\n<td>Kesici U\u00e7 ile Delme \u00c7ap\u0131<\/td>\n<td>\u00d8 12-50<\/td>\n<\/tr>\n<tr>\n<td>Matkap Ucuyla Delme<\/td>\n<td>\u00d8 1-23 mm<\/td>\n<\/tr>\n<tr>\n<td>K\u0131lavuz \u00c7ekme<\/td>\n<td>M3-M20<\/td>\n<\/tr>\n<tr>\n<td>Sap Kal\u0131nl\u0131\u011f\u0131<\/td>\n<td>MK2-19 mm Weldon<\/td>\n<\/tr>\n<tr>\n<td>Mil Hareketi<\/td>\n<td>170 mm<\/td>\n<\/tr>\n<tr>\n<td>H\u0131z<\/td>\n<td>250-450 dev\/dak<\/td>\n<\/tr>\n<tr>\n<td>Motor G\u00fcc\u00fc<\/td>\n<td>1150 W<\/td>\n<\/tr>\n<tr>\n<td>Manyetik Kuvvet<\/td>\n<td>1850 kg<\/td>\n<\/tr>\n<tr>\n<td>Manyetik Taban (U x G)<\/td>\n<td>170 x 85<\/td>\n<\/tr>\n<tr>\n<td>A\u011f\u0131rl\u0131k<\/td>\n<td>13<\/td>\n<\/tr>\n<tr>\n<td>Hav\u015fa A\u00e7ma<\/td>\n<td>\u00d8 10-40mm<\/td>\n<\/tr>\n<tr>\n<td>Uzunluk<\/td>\n<td>230<\/td>\n<\/tr>\n<tr>\n<td>Geni\u015flik<\/td>\n<td>160<\/td>\n<\/tr>\n<tr>\n<td>Y\u00fckseklik<\/td>\n<td>420<\/td>\n<\/tr>\n<\/table>\n","protected":false},"excerpt":{"rendered":"<p>Kesici U\u00e7 ile Delme \u00c7ap\u0131 \u00d8 12-50 Matkap Ucuyla Delme \u00d8 1-23 mm K\u0131lavuz \u00c7ekme M3-M20 Sap Kal\u0131nl\u0131\u011f\u0131 MK2-19 mm Weldon Mil Hareketi 170 mm H\u0131z 250-450 dev\/dak Motor G\u00fcc\u00fc<\/p>\n","protected":false},"featured_media":8257,"comment_status":"open","ping_status":"closed","template":"","meta":{"_acf_changed":false},"product_brand":[1506],"product_cat":[765],"product_tag":[],"class_list":{"0":"post-7365","1":"product","2":"type-product","3":"status-publish","4":"has-post-thumbnail","6":"product_brand-turcoboor","7":"product_cat-manyetik-matkaplar","9":"first","10":"outofstock","11":"taxable","12":"shipping-taxable","13":"purchasable","14":"product-type-simple","15":"add-to-wishlist-after_add_to_cart"},"acf":[],"_links":{"self":[{"href":"https:\/\/www.makitamarket.com.tr\/site\/wp-json\/wp\/v2\/product\/7365","targetHints":{"allow":["GET"]}}],"collection":[{"href":"https:\/\/www.makitamarket.com.tr\/site\/wp-json\/wp\/v2\/product"}],"about":[{"href":"https:\/\/www.makitamarket.com.tr\/site\/wp-json\/wp\/v2\/types\/product"}],"replies":[{"embeddable":true,"href":"https:\/\/www.makitamarket.com.tr\/site\/wp-json\/wp\/v2\/comments?post=7365"}],"wp:featuredmedia":[{"embeddable":true,"href":"https:\/\/www.makitamarket.com.tr\/site\/wp-json\/wp\/v2\/media\/8257"}],"wp:attachment":[{"href":"https:\/\/www.makitamarket.com.tr\/site\/wp-json\/wp\/v2\/media?parent=7365"}],"wp:term":[{"taxonomy":"product_brand","embeddable":true,"href":"https:\/\/www.makitamarket.com.tr\/site\/wp-json\/wp\/v2\/product_brand?post=7365"},{"taxonomy":"product_cat","embeddable":true,"href":"https:\/\/www.makitamarket.com.tr\/site\/wp-json\/wp\/v2\/product_cat?post=7365"},{"taxonomy":"product_tag","embeddable":true,"href":"https:\/\/www.makitamarket.com.tr\/site\/wp-json\/wp\/v2\/product_tag?post=7365"}],"curies":[{"name":"wp","href":"https:\/\/api.w.org\/{rel}","templated":true}]}}