{"id":7371,"date":"2024-09-11T22:17:46","date_gmt":"2024-09-11T19:17:46","guid":{"rendered":"https:\/\/www.makitamarket.com.tr\/site\/urun\/topshop-tokmak-50-mm\/"},"modified":"2025-11-16T04:15:38","modified_gmt":"2025-11-16T01:15:38","slug":"topshop-tokmak-50-mm","status":"publish","type":"product","link":"https:\/\/www.makitamarket.com.tr\/site\/urun\/topshop-tokmak-50-mm\/","title":{"rendered":"Topshop TH09465 TOKMAK 50 mm"},"content":{"rendered":"<p>\n\t<strong style=\"color: rgb(255, 0, 0);\">Yerli \u00dcretim<\/strong><\/p>\n<p>\n\tPlastik Ba\u015fl\u0131k, Ah\u015fap Sapl\u0131<\/p>\n<table>\n<tr>\n<td>\u00d6l\u00e7\u00fc<\/td>\n<td>50mm.<\/td>\n<\/tr>\n<tr>\n<td>Koli \u0130\u00e7i Adedi<\/td>\n<td>10<\/td>\n<\/tr>\n<\/table>\n","protected":false},"excerpt":{"rendered":"<p>\n\t<strong style=\"color: rgb(255, 0, 0);\">Yerli \u00dcretim<\/strong><\/p>\n<p>\n\tPlastik Ba\u015fl\u0131k, Ah\u015fap Sapl\u0131<\/p>\n","protected":false},"featured_media":8108,"comment_status":"open","ping_status":"closed","template":"","meta":{"_acf_changed":false},"product_brand":[1496],"product_cat":[758],"product_tag":[],"class_list":{"0":"post-7371","1":"product","2":"type-product","3":"status-publish","4":"has-post-thumbnail","6":"product_brand-topshop","7":"product_cat-cekicler-ve-tokmaklar","9":"first","10":"outofstock","11":"taxable","12":"shipping-taxable","13":"purchasable","14":"product-type-simple","15":"add-to-wishlist-after_add_to_cart"},"acf":[],"_links":{"self":[{"href":"https:\/\/www.makitamarket.com.tr\/site\/wp-json\/wp\/v2\/product\/7371","targetHints":{"allow":["GET"]}}],"collection":[{"href":"https:\/\/www.makitamarket.com.tr\/site\/wp-json\/wp\/v2\/product"}],"about":[{"href":"https:\/\/www.makitamarket.com.tr\/site\/wp-json\/wp\/v2\/types\/product"}],"replies":[{"embeddable":true,"href":"https:\/\/www.makitamarket.com.tr\/site\/wp-json\/wp\/v2\/comments?post=7371"}],"wp:featuredmedia":[{"embeddable":true,"href":"https:\/\/www.makitamarket.com.tr\/site\/wp-json\/wp\/v2\/media\/8108"}],"wp:attachment":[{"href":"https:\/\/www.makitamarket.com.tr\/site\/wp-json\/wp\/v2\/media?parent=7371"}],"wp:term":[{"taxonomy":"product_brand","embeddable":true,"href":"https:\/\/www.makitamarket.com.tr\/site\/wp-json\/wp\/v2\/product_brand?post=7371"},{"taxonomy":"product_cat","embeddable":true,"href":"https:\/\/www.makitamarket.com.tr\/site\/wp-json\/wp\/v2\/product_cat?post=7371"},{"taxonomy":"product_tag","embeddable":true,"href":"https:\/\/www.makitamarket.com.tr\/site\/wp-json\/wp\/v2\/product_tag?post=7371"}],"curies":[{"name":"wp","href":"https:\/\/api.w.org\/{rel}","templated":true}]}}