{"id":7382,"date":"2024-09-11T22:18:07","date_gmt":"2024-09-11T19:18:07","guid":{"rendered":"https:\/\/www.makitamarket.com.tr\/site\/urun\/factor-factor-pt46-benzinli-perdah-makinasi\/"},"modified":"2025-11-16T04:15:39","modified_gmt":"2025-11-16T01:15:39","slug":"factor-factor-pt46-benzinli-perdah-makinasi","status":"publish","type":"product","link":"https:\/\/www.makitamarket.com.tr\/site\/urun\/factor-factor-pt46-benzinli-perdah-makinasi\/","title":{"rendered":"Factor PT 46 FACTOR PT46 BENZ\u0130NL\u0130 PERDAH MAK\u0130NASI"},"content":{"rendered":"<ul>\n<li>\n\t\tHava so\u011futmal\u0131, tek silindirli 4 zamanl\u0131 motora sahiptir.<\/li>\n<li>\n\t\tMala \u00e7ap\u0131 1200mm&#8217;dir.<\/li>\n<\/ul>\n<table>\n<tr>\n<td>Motor<\/td>\n<td>Honda GX270<\/td>\n<\/tr>\n<tr>\n<td>Motor tipi<\/td>\n<td>Hava So\u011futmal\u0131, Tek Silindirli, 4 Zamanl\u0131<\/td>\n<\/tr>\n<tr>\n<td>G\u00fc\u00e7<\/td>\n<td>6.0 kW (8.0) hp<\/td>\n<\/tr>\n<tr>\n<td>A\u011f\u0131rl\u0131k<\/td>\n<td>100 kg<\/td>\n<\/tr>\n<tr>\n<td>Mala \u00c7ap\u0131<\/td>\n<td>1200 mm<\/td>\n<\/tr>\n<tr>\n<td>B\u0131\u00e7ak say\u0131s\u0131<\/td>\n<td>4<\/td>\n<\/tr>\n<tr>\n<td>Perdah B\u0131\u00e7aklar\u0131<\/td>\n<td>35&#215;15 cm<\/td>\n<\/tr>\n<tr>\n<td>Kombine B\u0131\u00e7aklar<\/td>\n<td>35x20cm<\/td>\n<\/tr>\n<tr>\n<td>\u00d6l\u00e7\u00fcler<\/td>\n<td>100x100x37<\/td>\n<\/tr>\n<tr>\n<td>H\u0131z<\/td>\n<td>60-125 d\/dak<\/td>\n<\/tr>\n<tr>\n<td>Mala e\u011fimi<\/td>\n<td>0-15\u00b0<\/td>\n<\/tr>\n<tr>\n<td>Yak\u0131t T\u00fcketimi (L\/H)<\/td>\n<td>2.36<\/td>\n<\/tr>\n<\/table>\n","protected":false},"excerpt":{"rendered":"<ul>\n<li>\n\t\tHava so\u011futmal\u0131, tek silindirli 4 zamanl\u0131 motora sahiptir.<\/li>\n<li>\n\t\tMala \u00e7ap\u0131 1200mm&#8217;dir.<\/li>\n<\/ul>\n","protected":false},"featured_media":8115,"comment_status":"open","ping_status":"closed","template":"","meta":{"_acf_changed":false},"product_brand":[1494],"product_cat":[1565],"product_tag":[],"class_list":{"0":"post-7382","1":"product","2":"type-product","3":"status-publish","4":"has-post-thumbnail","6":"product_brand-factor","7":"product_cat-yok-yok","9":"first","10":"outofstock","11":"taxable","12":"shipping-taxable","13":"purchasable","14":"product-type-simple","15":"add-to-wishlist-after_add_to_cart"},"acf":[],"_links":{"self":[{"href":"https:\/\/www.makitamarket.com.tr\/site\/wp-json\/wp\/v2\/product\/7382","targetHints":{"allow":["GET"]}}],"collection":[{"href":"https:\/\/www.makitamarket.com.tr\/site\/wp-json\/wp\/v2\/product"}],"about":[{"href":"https:\/\/www.makitamarket.com.tr\/site\/wp-json\/wp\/v2\/types\/product"}],"replies":[{"embeddable":true,"href":"https:\/\/www.makitamarket.com.tr\/site\/wp-json\/wp\/v2\/comments?post=7382"}],"wp:featuredmedia":[{"embeddable":true,"href":"https:\/\/www.makitamarket.com.tr\/site\/wp-json\/wp\/v2\/media\/8115"}],"wp:attachment":[{"href":"https:\/\/www.makitamarket.com.tr\/site\/wp-json\/wp\/v2\/media?parent=7382"}],"wp:term":[{"taxonomy":"product_brand","embeddable":true,"href":"https:\/\/www.makitamarket.com.tr\/site\/wp-json\/wp\/v2\/product_brand?post=7382"},{"taxonomy":"product_cat","embeddable":true,"href":"https:\/\/www.makitamarket.com.tr\/site\/wp-json\/wp\/v2\/product_cat?post=7382"},{"taxonomy":"product_tag","embeddable":true,"href":"https:\/\/www.makitamarket.com.tr\/site\/wp-json\/wp\/v2\/product_tag?post=7382"}],"curies":[{"name":"wp","href":"https:\/\/api.w.org\/{rel}","templated":true}]}}