{"id":7383,"date":"2024-09-11T22:18:07","date_gmt":"2024-09-11T19:18:07","guid":{"rendered":"https:\/\/www.makitamarket.com.tr\/site\/urun\/craft-fm20v-masa-ustu-freze-tezgahi\/"},"modified":"2026-03-30T07:03:50","modified_gmt":"2026-03-30T04:03:50","slug":"craft-fm20v-masa-ustu-freze-tezgahi","status":"publish","type":"product","link":"https:\/\/www.makitamarket.com.tr\/site\/urun\/craft-fm20v-masa-ustu-freze-tezgahi\/","title":{"rendered":"Ozco FM20V FM20V Masa \u00dcst\u00fc Freze Tezg\u00e2h\u0131"},"content":{"rendered":"<ul>\n<li>Sa\u011f\/Sol d\u00f6n\u00fc\u015f \u00f6zelli\u011fi<\/li>\n<li>Vario h\u0131z ayar\u0131(kademesiz), dijital h\u0131z g\u00f6stergesi<\/li>\n<li>Y\u00fcksekli\u011fi ayarlanabilir emniyet<\/li>\n<li>Sivi\u00e7li siperlik<\/li>\n<li>Dijital derinlik g\u00f6stergesi<\/li>\n<li>\u00b145\u02da kadar kafa a\u00e7\u0131s\u0131<\/li>\n<li>CE normlar\u0131na uyguna<\/li>\n<\/ul>\n<table>\n<tr>\n<td>Motor G\u00fcc\u00fc<\/td>\n<td>750 W, 230 V<\/td>\n<\/tr>\n<tr>\n<td>Mil-S\u00fctun Aras\u0131 Mesafe<\/td>\n<td>185<\/td>\n<\/tr>\n<tr>\n<td>Kafa D\u00f6n\u00fc\u015f A\u00e7\u0131s\u0131<\/td>\n<td>\u00b145\u00b0<\/td>\n<\/tr>\n<tr>\n<td>Pinol Hareketi<\/td>\n<td>50<\/td>\n<\/tr>\n<tr>\n<td>Kademe<\/td>\n<td>2 \/ Varyat\u00f6rl\u00fc<\/td>\n<\/tr>\n<tr>\n<td>Mil H\u0131z\u0131<\/td>\n<td>50-2550<\/td>\n<\/tr>\n<tr>\n<td>Mil Koni\u011fi<\/td>\n<td>MK2<\/td>\n<\/tr>\n<tr>\n<td>Makina \u00d6l\u00e7\u00fcleri (UxGxY)<\/td>\n<td>750x560x930<\/td>\n<\/tr>\n<tr>\n<td>T Slot \u00d6l\u00e7\u00fcs\u00fc<\/td>\n<td>3&#215;12<\/td>\n<\/tr>\n<tr>\n<td>Y Eksen Hareketi<\/td>\n<td>175<\/td>\n<\/tr>\n<tr>\n<td>X Eksen Hareketi<\/td>\n<td>280<\/td>\n<\/tr>\n<tr>\n<td>Tabla \u00d6l\u00e7\u00fcleri<\/td>\n<td>500&#215;180<\/td>\n<\/tr>\n<tr>\n<td>Y\u00fczey Freze Kapasitesi<\/td>\n<td>63<\/td>\n<\/tr>\n<tr>\n<td>Parmak Freze Kapasitesi<\/td>\n<td>20<\/td>\n<\/tr>\n<tr>\n<td>Delme Kapasitesi<\/td>\n<td>16<\/td>\n<\/tr>\n<tr>\n<td>Z Eksen Hareketi<\/td>\n<td>270<\/td>\n<\/tr>\n<tr>\n<td>Net A\u011f\u0131rl\u0131k<\/td>\n<td>105<\/td>\n<\/tr>\n<\/table>\n","protected":false},"excerpt":{"rendered":"<ul>\n<li>Sa\u011f\/Sol d\u00f6n\u00fc\u015f \u00f6zelli\u011fi<\/li>\n<li>Vario h\u0131z ayar\u0131(kademesiz), dijital h\u0131z g\u00f6stergesi<\/li>\n<li>Y\u00fcksekli\u011fi ayarlanabilir emniyet<\/li>\n<li>Sivi\u00e7li siperlik<\/li>\n<li>Dijital derinlik g\u00f6stergesi<\/li>\n<li>\u00b145\u02da kadar kafa a\u00e7\u0131s\u0131<\/li>\n<li>CE normlar\u0131na uyguna<\/li>\n<\/ul>\n","protected":false},"featured_media":0,"comment_status":"open","ping_status":"closed","template":"","meta":{"_acf_changed":false},"product_brand":[1532],"product_cat":[1565],"product_tag":[],"class_list":{"0":"post-7383","1":"product","2":"type-product","3":"status-publish","5":"product_brand-ozco","6":"product_cat-yok-yok","8":"first","9":"outofstock","10":"taxable","11":"shipping-taxable","12":"purchasable","13":"product-type-simple","14":"add-to-wishlist-after_add_to_cart"},"acf":[],"_links":{"self":[{"href":"https:\/\/www.makitamarket.com.tr\/site\/wp-json\/wp\/v2\/product\/7383","targetHints":{"allow":["GET"]}}],"collection":[{"href":"https:\/\/www.makitamarket.com.tr\/site\/wp-json\/wp\/v2\/product"}],"about":[{"href":"https:\/\/www.makitamarket.com.tr\/site\/wp-json\/wp\/v2\/types\/product"}],"replies":[{"embeddable":true,"href":"https:\/\/www.makitamarket.com.tr\/site\/wp-json\/wp\/v2\/comments?post=7383"}],"wp:attachment":[{"href":"https:\/\/www.makitamarket.com.tr\/site\/wp-json\/wp\/v2\/media?parent=7383"}],"wp:term":[{"taxonomy":"product_brand","embeddable":true,"href":"https:\/\/www.makitamarket.com.tr\/site\/wp-json\/wp\/v2\/product_brand?post=7383"},{"taxonomy":"product_cat","embeddable":true,"href":"https:\/\/www.makitamarket.com.tr\/site\/wp-json\/wp\/v2\/product_cat?post=7383"},{"taxonomy":"product_tag","embeddable":true,"href":"https:\/\/www.makitamarket.com.tr\/site\/wp-json\/wp\/v2\/product_tag?post=7383"}],"curies":[{"name":"wp","href":"https:\/\/api.w.org\/{rel}","templated":true}]}}