{"id":7387,"date":"2024-09-11T22:18:38","date_gmt":"2024-09-11T19:18:38","guid":{"rendered":"https:\/\/www.makitamarket.com.tr\/site\/urun\/max-safety-delinator-baglanti-aparati-80-mm\/"},"modified":"2026-04-06T12:11:45","modified_gmt":"2026-04-06T09:11:45","slug":"max-safety-delinator-baglanti-aparati-80-mm","status":"publish","type":"product","link":"https:\/\/www.makitamarket.com.tr\/site\/urun\/max-safety-delinator-baglanti-aparati-80-mm\/","title":{"rendered":"Max Safety MS1-3103 DEL\u0130NAT\u00d6R BA\u011eLANTI APARATI 80 mm"},"content":{"rendered":"<div>\n\tProduced according to customer\u2019s requirements<\/div>\n<div>\n\tFixing kits included<\/div>\n<div>\n\t\u00a0<\/div>\n<div>\n\t<span style=\"font-size:14px;\"><strong>General Application<br \/>\n\t<\/strong><\/span><\/div>\n<div>\n\tAccessories<\/div>\n<table>\n<tr>\n<td>Material<\/td>\n<td>PP<\/td>\n<\/tr>\n<tr>\n<td>Size<\/td>\n<td>\u00d880mm<\/td>\n<\/tr>\n<\/table>\n","protected":false},"excerpt":{"rendered":"<div>\n\tProduced according to customer\u2019s requirements<\/div>\n<div>\n\tFixing kits included<\/div>\n<div>\n\t\u00a0<\/div>\n<div>\n\t<span style=\"font-size:14px;\"><strong>General Application<br \/>\n\t<\/strong><\/span><\/div>\n<div>\n\tAccessories<\/div>\n","protected":false},"featured_media":8117,"comment_status":"open","ping_status":"closed","template":"","meta":{"_acf_changed":false},"product_brand":[1492],"product_cat":[694],"product_tag":[],"class_list":{"0":"post-7387","1":"product","2":"type-product","3":"status-publish","4":"has-post-thumbnail","6":"product_brand-max-safety","7":"product_cat-trafik-ekipmanlari","9":"first","10":"instock","11":"taxable","12":"shipping-taxable","13":"purchasable","14":"product-type-simple","15":"add-to-wishlist-after_add_to_cart"},"acf":[],"_links":{"self":[{"href":"https:\/\/www.makitamarket.com.tr\/site\/wp-json\/wp\/v2\/product\/7387","targetHints":{"allow":["GET"]}}],"collection":[{"href":"https:\/\/www.makitamarket.com.tr\/site\/wp-json\/wp\/v2\/product"}],"about":[{"href":"https:\/\/www.makitamarket.com.tr\/site\/wp-json\/wp\/v2\/types\/product"}],"replies":[{"embeddable":true,"href":"https:\/\/www.makitamarket.com.tr\/site\/wp-json\/wp\/v2\/comments?post=7387"}],"wp:featuredmedia":[{"embeddable":true,"href":"https:\/\/www.makitamarket.com.tr\/site\/wp-json\/wp\/v2\/media\/8117"}],"wp:attachment":[{"href":"https:\/\/www.makitamarket.com.tr\/site\/wp-json\/wp\/v2\/media?parent=7387"}],"wp:term":[{"taxonomy":"product_brand","embeddable":true,"href":"https:\/\/www.makitamarket.com.tr\/site\/wp-json\/wp\/v2\/product_brand?post=7387"},{"taxonomy":"product_cat","embeddable":true,"href":"https:\/\/www.makitamarket.com.tr\/site\/wp-json\/wp\/v2\/product_cat?post=7387"},{"taxonomy":"product_tag","embeddable":true,"href":"https:\/\/www.makitamarket.com.tr\/site\/wp-json\/wp\/v2\/product_tag?post=7387"}],"curies":[{"name":"wp","href":"https:\/\/api.w.org\/{rel}","templated":true}]}}