{"id":7404,"date":"2024-09-11T22:19:23","date_gmt":"2024-09-11T19:19:23","guid":{"rendered":"https:\/\/www.makitamarket.com.tr\/site\/urun\/powerwash-yikama-makinasi-550w\/"},"modified":"2026-04-13T18:58:53","modified_gmt":"2026-04-13T15:58:53","slug":"powerwash-yikama-makinasi-550w","status":"publish","type":"product","link":"https:\/\/www.makitamarket.com.tr\/site\/urun\/powerwash-yikama-makinasi-550w\/","title":{"rendered":"Powerwash HY45C-2 YIKAMA MAK\u0130NASI 550W"},"content":{"rendered":"<table>\n<tr>\n<td>Teorik Temizleme Kapasitesi<\/td>\n<td>1820m2\/h<\/td>\n<\/tr>\n<tr>\n<td>S\u0131y\u0131r\u0131c\u0131 lastik geni\u015fli\u011fi<\/td>\n<td>760mm<\/td>\n<\/tr>\n<tr>\n<td>Kirli\/Temiz Su<\/td>\n<td>35 Lt<\/td>\n<\/tr>\n<tr>\n<td>Voltaj<\/td>\n<td>220-230V\/50Hz<\/td>\n<\/tr>\n<tr>\n<td>A\u011f\u0131rl\u0131k<\/td>\n<td>88 kg<\/td>\n<\/tr>\n<tr>\n<td>F\u0131r\u00e7a \u00e7ap\u0131<\/td>\n<td>455mm<\/td>\n<\/tr>\n<tr>\n<td>\u00d6l\u00e7\u00fcler<\/td>\n<td>1050x610x1190<\/td>\n<\/tr>\n<tr>\n<td>F\u0131r\u00e7a Motor G\u00fcc\u00fc<\/td>\n<td>550Watt<\/td>\n<\/tr>\n<\/table>\n","protected":false},"excerpt":{"rendered":"<p>Teorik Temizleme Kapasitesi 1820m2\/h S\u0131y\u0131r\u0131c\u0131 lastik geni\u015fli\u011fi 760mm Kirli\/Temiz Su 35 Lt Voltaj 220-230V\/50Hz A\u011f\u0131rl\u0131k 88 kg F\u0131r\u00e7a \u00e7ap\u0131 455mm \u00d6l\u00e7\u00fcler 1050x610x1190 F\u0131r\u00e7a Motor G\u00fcc\u00fc 550Watt<\/p>\n","protected":false},"featured_media":8240,"comment_status":"open","ping_status":"closed","template":"","meta":{"_acf_changed":false},"product_brand":[1489],"product_cat":[1565],"product_tag":[],"class_list":{"0":"post-7404","1":"product","2":"type-product","3":"status-publish","4":"has-post-thumbnail","6":"product_brand-powerwash","7":"product_cat-yok-yok","9":"first","10":"outofstock","11":"taxable","12":"shipping-taxable","13":"purchasable","14":"product-type-simple","15":"add-to-wishlist-after_add_to_cart"},"acf":[],"_links":{"self":[{"href":"https:\/\/www.makitamarket.com.tr\/site\/wp-json\/wp\/v2\/product\/7404","targetHints":{"allow":["GET"]}}],"collection":[{"href":"https:\/\/www.makitamarket.com.tr\/site\/wp-json\/wp\/v2\/product"}],"about":[{"href":"https:\/\/www.makitamarket.com.tr\/site\/wp-json\/wp\/v2\/types\/product"}],"replies":[{"embeddable":true,"href":"https:\/\/www.makitamarket.com.tr\/site\/wp-json\/wp\/v2\/comments?post=7404"}],"wp:featuredmedia":[{"embeddable":true,"href":"https:\/\/www.makitamarket.com.tr\/site\/wp-json\/wp\/v2\/media\/8240"}],"wp:attachment":[{"href":"https:\/\/www.makitamarket.com.tr\/site\/wp-json\/wp\/v2\/media?parent=7404"}],"wp:term":[{"taxonomy":"product_brand","embeddable":true,"href":"https:\/\/www.makitamarket.com.tr\/site\/wp-json\/wp\/v2\/product_brand?post=7404"},{"taxonomy":"product_cat","embeddable":true,"href":"https:\/\/www.makitamarket.com.tr\/site\/wp-json\/wp\/v2\/product_cat?post=7404"},{"taxonomy":"product_tag","embeddable":true,"href":"https:\/\/www.makitamarket.com.tr\/site\/wp-json\/wp\/v2\/product_tag?post=7404"}],"curies":[{"name":"wp","href":"https:\/\/api.w.org\/{rel}","templated":true}]}}