{"id":7416,"date":"2024-09-11T22:21:24","date_gmt":"2024-09-11T19:21:24","guid":{"rendered":"https:\/\/www.makitamarket.com.tr\/site\/urun\/craft-gd30t-plus-matkap-ucu-bileme-makinasi\/"},"modified":"2026-04-06T18:29:45","modified_gmt":"2026-04-06T15:29:45","slug":"craft-gd30t-plus-matkap-ucu-bileme-makinasi","status":"publish","type":"product","link":"https:\/\/www.makitamarket.com.tr\/site\/urun\/craft-gd30t-plus-matkap-ucu-bileme-makinasi\/","title":{"rendered":"Ozco GD30T PLUS GD30T Plus Matkap Ucu Bileme Makinas\u0131"},"content":{"rendered":"<table>\n<tr>\n<td>Motor G\u00fcc\u00fc<\/td>\n<td>250<\/td>\n<\/tr>\n<tr>\n<td>Voltaj<\/td>\n<td>230<\/td>\n<\/tr>\n<tr>\n<td>H\u0131z<\/td>\n<td>4400<\/td>\n<\/tr>\n<tr>\n<td>Matkap Ucu A\u00e7\u0131s\u0131<\/td>\n<td>85\u00b0-140\u00b0<\/td>\n<\/tr>\n<tr>\n<td>Bileme Kapasitesi<\/td>\n<td>\u00d83-\u00d830 mm (standart), \u00d83-\u00d832 mm (opsiyonel)<\/td>\n<\/tr>\n<tr>\n<td>\u00d6l\u00e7\u00fcler (UxGxY)<\/td>\n<td>400x260x300<\/td>\n<\/tr>\n<tr>\n<td>Net A\u011f\u0131rl\u0131k<\/td>\n<td>36<\/td>\n<\/tr>\n<\/table>\n","protected":false},"excerpt":{"rendered":"<p>Motor G\u00fcc\u00fc 250 Voltaj 230 H\u0131z 4400 Matkap Ucu A\u00e7\u0131s\u0131 85\u00b0-140\u00b0 Bileme Kapasitesi \u00d83-\u00d830 mm (standart), \u00d83-\u00d832 mm (opsiyonel) \u00d6l\u00e7\u00fcler (UxGxY) 400x260x300 Net A\u011f\u0131rl\u0131k 36<\/p>\n","protected":false},"featured_media":24318,"comment_status":"open","ping_status":"closed","template":"","meta":{"_acf_changed":false},"product_brand":[1532],"product_cat":[1565],"product_tag":[],"class_list":{"0":"post-7416","1":"product","2":"type-product","3":"status-publish","4":"has-post-thumbnail","6":"product_brand-ozco","7":"product_cat-yok-yok","9":"first","10":"outofstock","11":"taxable","12":"shipping-taxable","13":"purchasable","14":"product-type-simple","15":"add-to-wishlist-after_add_to_cart"},"acf":[],"_links":{"self":[{"href":"https:\/\/www.makitamarket.com.tr\/site\/wp-json\/wp\/v2\/product\/7416","targetHints":{"allow":["GET"]}}],"collection":[{"href":"https:\/\/www.makitamarket.com.tr\/site\/wp-json\/wp\/v2\/product"}],"about":[{"href":"https:\/\/www.makitamarket.com.tr\/site\/wp-json\/wp\/v2\/types\/product"}],"replies":[{"embeddable":true,"href":"https:\/\/www.makitamarket.com.tr\/site\/wp-json\/wp\/v2\/comments?post=7416"}],"wp:featuredmedia":[{"embeddable":true,"href":"https:\/\/www.makitamarket.com.tr\/site\/wp-json\/wp\/v2\/media\/24318"}],"wp:attachment":[{"href":"https:\/\/www.makitamarket.com.tr\/site\/wp-json\/wp\/v2\/media?parent=7416"}],"wp:term":[{"taxonomy":"product_brand","embeddable":true,"href":"https:\/\/www.makitamarket.com.tr\/site\/wp-json\/wp\/v2\/product_brand?post=7416"},{"taxonomy":"product_cat","embeddable":true,"href":"https:\/\/www.makitamarket.com.tr\/site\/wp-json\/wp\/v2\/product_cat?post=7416"},{"taxonomy":"product_tag","embeddable":true,"href":"https:\/\/www.makitamarket.com.tr\/site\/wp-json\/wp\/v2\/product_tag?post=7416"}],"curies":[{"name":"wp","href":"https:\/\/api.w.org\/{rel}","templated":true}]}}