{"id":7428,"date":"2024-09-11T22:23:49","date_gmt":"2024-09-11T19:23:49","guid":{"rendered":"https:\/\/www.makitamarket.com.tr\/site\/urun\/414-iskele-kelepcesi-gijon-seti\/"},"modified":"2026-01-23T11:57:37","modified_gmt":"2026-01-23T08:57:37","slug":"414-iskele-kelepcesi-gijon-seti","status":"publish","type":"product","link":"https:\/\/www.makitamarket.com.tr\/site\/urun\/414-iskele-kelepcesi-gijon-seti\/","title":{"rendered":"414 TB41383 \u0130SKELE KELEP\u00c7ES\u0130 (G\u0130JON SET\u0130)"},"content":{"rendered":"<div>\n\tSET \u0130\u00c7ER\u0130\u011e\u0130:<\/div>\n<div>\n\tM12 \u00c7akmal\u0131 D\u00fcbel + Kelep\u00e7e + Gijon + Somun + Pul<\/div>\n<table>\n<tr>\n<td>Koli \u0130\u00e7i Adedi<\/td>\n<td>25<\/td>\n<\/tr>\n<tr>\n<td>Kelep\u00e7e \u00d6zelli\u011fi<\/td>\n<td>\u00c7elik<\/td>\n<\/tr>\n<\/table>\n","protected":false},"excerpt":{"rendered":"<div>\n\tSET \u0130\u00c7ER\u0130\u011e\u0130:<\/div>\n<div>\n\tM12 \u00c7akmal\u0131 D\u00fcbel + Kelep\u00e7e + Gijon + Somun + Pul<\/div>\n","protected":false},"featured_media":8134,"comment_status":"open","ping_status":"closed","template":"","meta":{"_acf_changed":false},"product_brand":[1498],"product_cat":[721],"product_tag":[],"class_list":{"0":"post-7428","1":"product","2":"type-product","3":"status-publish","4":"has-post-thumbnail","6":"product_brand-1498","7":"product_cat-dubeller","9":"first","10":"outofstock","11":"taxable","12":"shipping-taxable","13":"purchasable","14":"product-type-simple","15":"add-to-wishlist-after_add_to_cart"},"acf":[],"_links":{"self":[{"href":"https:\/\/www.makitamarket.com.tr\/site\/wp-json\/wp\/v2\/product\/7428","targetHints":{"allow":["GET"]}}],"collection":[{"href":"https:\/\/www.makitamarket.com.tr\/site\/wp-json\/wp\/v2\/product"}],"about":[{"href":"https:\/\/www.makitamarket.com.tr\/site\/wp-json\/wp\/v2\/types\/product"}],"replies":[{"embeddable":true,"href":"https:\/\/www.makitamarket.com.tr\/site\/wp-json\/wp\/v2\/comments?post=7428"}],"wp:featuredmedia":[{"embeddable":true,"href":"https:\/\/www.makitamarket.com.tr\/site\/wp-json\/wp\/v2\/media\/8134"}],"wp:attachment":[{"href":"https:\/\/www.makitamarket.com.tr\/site\/wp-json\/wp\/v2\/media?parent=7428"}],"wp:term":[{"taxonomy":"product_brand","embeddable":true,"href":"https:\/\/www.makitamarket.com.tr\/site\/wp-json\/wp\/v2\/product_brand?post=7428"},{"taxonomy":"product_cat","embeddable":true,"href":"https:\/\/www.makitamarket.com.tr\/site\/wp-json\/wp\/v2\/product_cat?post=7428"},{"taxonomy":"product_tag","embeddable":true,"href":"https:\/\/www.makitamarket.com.tr\/site\/wp-json\/wp\/v2\/product_tag?post=7428"}],"curies":[{"name":"wp","href":"https:\/\/api.w.org\/{rel}","templated":true}]}}