{"id":7429,"date":"2024-09-11T22:23:49","date_gmt":"2024-09-11T19:23:49","guid":{"rendered":"https:\/\/www.makitamarket.com.tr\/site\/urun\/lavor-zemin-yikama-otomati-230v\/"},"modified":"2026-03-30T07:19:39","modified_gmt":"2026-03-30T04:19:39","slug":"lavor-zemin-yikama-otomati-230v","status":"publish","type":"product","link":"https:\/\/www.makitamarket.com.tr\/site\/urun\/lavor-zemin-yikama-otomati-230v\/","title":{"rendered":"Lavor LAVORSPRINTER ZEM\u0130N YIKAMA OTOMATI 230V"},"content":{"rendered":"<table>\n<tr>\n<td>Teorik Temizleme Kapasitesi<\/td>\n<td>1015 m2\/h<\/td>\n<\/tr>\n<tr>\n<td>Kirli Su Tank\u0131<\/td>\n<td>5,6 Lt.<\/td>\n<\/tr>\n<tr>\n<td>Ses<\/td>\n<td>68 dB<\/td>\n<\/tr>\n<tr>\n<td>A\u011f\u0131rl\u0131k<\/td>\n<td>13 kg.<\/td>\n<\/tr>\n<tr>\n<td>G\u00fc\u00e7 Kayna\u011f\u0131<\/td>\n<td>230 V<\/td>\n<\/tr>\n<tr>\n<td>Y\u0131kama \/ Vakum Geni\u015fli\u011fi<\/td>\n<td>290\/320 mm<\/td>\n<\/tr>\n<tr>\n<td>Temiz Su Tank\u0131<\/td>\n<td>2,8 Lt<\/td>\n<\/tr>\n<tr>\n<td>\u00d6l\u00e7\u00fcler<\/td>\n<td>37x35x113<\/td>\n<\/tr>\n<tr>\n<td>F\u0131r\u00e7a Devri Rpm \/ F\u0131r\u00e7a bas.<\/td>\n<td>1000 \/ 7 kg<\/td>\n<\/tr>\n<\/table>\n","protected":false},"excerpt":{"rendered":"<p>Teorik Temizleme Kapasitesi 1015 m2\/h Kirli Su Tank\u0131 5,6 Lt. Ses 68 dB A\u011f\u0131rl\u0131k 13 kg. G\u00fc\u00e7 Kayna\u011f\u0131 230 V Y\u0131kama \/ Vakum Geni\u015fli\u011fi 290\/320 mm Temiz Su Tank\u0131 2,8<\/p>\n","protected":false},"featured_media":8889,"comment_status":"open","ping_status":"closed","template":"","meta":{"_acf_changed":false},"product_brand":[1493],"product_cat":[767],"product_tag":[],"class_list":{"0":"post-7429","1":"product","2":"type-product","3":"status-publish","4":"has-post-thumbnail","6":"product_brand-lavor","7":"product_cat-zemin-yikama-otomatlari","9":"first","10":"instock","11":"taxable","12":"shipping-taxable","13":"purchasable","14":"product-type-simple","15":"add-to-wishlist-after_add_to_cart"},"acf":[],"_links":{"self":[{"href":"https:\/\/www.makitamarket.com.tr\/site\/wp-json\/wp\/v2\/product\/7429","targetHints":{"allow":["GET"]}}],"collection":[{"href":"https:\/\/www.makitamarket.com.tr\/site\/wp-json\/wp\/v2\/product"}],"about":[{"href":"https:\/\/www.makitamarket.com.tr\/site\/wp-json\/wp\/v2\/types\/product"}],"replies":[{"embeddable":true,"href":"https:\/\/www.makitamarket.com.tr\/site\/wp-json\/wp\/v2\/comments?post=7429"}],"wp:featuredmedia":[{"embeddable":true,"href":"https:\/\/www.makitamarket.com.tr\/site\/wp-json\/wp\/v2\/media\/8889"}],"wp:attachment":[{"href":"https:\/\/www.makitamarket.com.tr\/site\/wp-json\/wp\/v2\/media?parent=7429"}],"wp:term":[{"taxonomy":"product_brand","embeddable":true,"href":"https:\/\/www.makitamarket.com.tr\/site\/wp-json\/wp\/v2\/product_brand?post=7429"},{"taxonomy":"product_cat","embeddable":true,"href":"https:\/\/www.makitamarket.com.tr\/site\/wp-json\/wp\/v2\/product_cat?post=7429"},{"taxonomy":"product_tag","embeddable":true,"href":"https:\/\/www.makitamarket.com.tr\/site\/wp-json\/wp\/v2\/product_tag?post=7429"}],"curies":[{"name":"wp","href":"https:\/\/api.w.org\/{rel}","templated":true}]}}