{"id":7432,"date":"2024-09-11T22:23:52","date_gmt":"2024-09-11T19:23:52","guid":{"rendered":"https:\/\/www.makitamarket.com.tr\/site\/urun\/full-tekerlekli-takim-cantasi-26\/"},"modified":"2026-01-23T11:57:38","modified_gmt":"2026-01-23T08:57:38","slug":"full-tekerlekli-takim-cantasi-26","status":"publish","type":"product","link":"https:\/\/www.makitamarket.com.tr\/site\/urun\/full-tekerlekli-takim-cantasi-26\/","title":{"rendered":"Full FULLMKT TEKERLEKL\u0130 TAKIM \u00c7ANTASI 26&#8243;"},"content":{"rendered":"<table>\n<tr>\n<td>A\u00e7\u0131klama<\/td>\n<td>Metal Kilit &#8211; Tekerlekli Tak\u0131m \u00c7antas\u0131 &#8211; 26&#8221;<\/td>\n<\/tr>\n<tr>\n<td>\u00d6zellik<\/td>\n<td>Organizerli<\/td>\n<\/tr>\n<tr>\n<td>Koli Adedi<\/td>\n<td>2<\/td>\n<\/tr>\n<tr>\n<td>\u00d6l\u00e7\u00fc<\/td>\n<td>60x40x42cm<\/td>\n<\/tr>\n<\/table>\n","protected":false},"excerpt":{"rendered":"<p>A\u00e7\u0131klama Metal Kilit &#8211; Tekerlekli Tak\u0131m \u00c7antas\u0131 &#8211; 26&#8221; \u00d6zellik Organizerli Koli Adedi 2 \u00d6l\u00e7\u00fc 60x40x42cm<\/p>\n","protected":false},"featured_media":8136,"comment_status":"open","ping_status":"closed","template":"","meta":{"_acf_changed":false},"product_brand":[1502],"product_cat":[734],"product_tag":[],"class_list":{"0":"post-7432","1":"product","2":"type-product","3":"status-publish","4":"has-post-thumbnail","6":"product_brand-full","7":"product_cat-plastik-takim-cantalari","9":"first","10":"outofstock","11":"taxable","12":"shipping-taxable","13":"purchasable","14":"product-type-simple","15":"add-to-wishlist-after_add_to_cart"},"acf":[],"_links":{"self":[{"href":"https:\/\/www.makitamarket.com.tr\/site\/wp-json\/wp\/v2\/product\/7432","targetHints":{"allow":["GET"]}}],"collection":[{"href":"https:\/\/www.makitamarket.com.tr\/site\/wp-json\/wp\/v2\/product"}],"about":[{"href":"https:\/\/www.makitamarket.com.tr\/site\/wp-json\/wp\/v2\/types\/product"}],"replies":[{"embeddable":true,"href":"https:\/\/www.makitamarket.com.tr\/site\/wp-json\/wp\/v2\/comments?post=7432"}],"wp:featuredmedia":[{"embeddable":true,"href":"https:\/\/www.makitamarket.com.tr\/site\/wp-json\/wp\/v2\/media\/8136"}],"wp:attachment":[{"href":"https:\/\/www.makitamarket.com.tr\/site\/wp-json\/wp\/v2\/media?parent=7432"}],"wp:term":[{"taxonomy":"product_brand","embeddable":true,"href":"https:\/\/www.makitamarket.com.tr\/site\/wp-json\/wp\/v2\/product_brand?post=7432"},{"taxonomy":"product_cat","embeddable":true,"href":"https:\/\/www.makitamarket.com.tr\/site\/wp-json\/wp\/v2\/product_cat?post=7432"},{"taxonomy":"product_tag","embeddable":true,"href":"https:\/\/www.makitamarket.com.tr\/site\/wp-json\/wp\/v2\/product_tag?post=7432"}],"curies":[{"name":"wp","href":"https:\/\/api.w.org\/{rel}","templated":true}]}}