{"id":7449,"date":"2024-09-11T22:24:31","date_gmt":"2024-09-11T19:24:31","guid":{"rendered":"https:\/\/www.makitamarket.com.tr\/site\/urun\/lavor-lavor-dynamic-45e-elektrikli-zemin-yikama-otomati\/"},"modified":"2026-04-06T12:11:52","modified_gmt":"2026-04-06T09:11:52","slug":"lavor-lavor-dynamic-45e-elektrikli-zemin-yikama-otomati","status":"publish","type":"product","link":"https:\/\/www.makitamarket.com.tr\/site\/urun\/lavor-lavor-dynamic-45e-elektrikli-zemin-yikama-otomati\/","title":{"rendered":"Lavor DYNAMIC 45E LAVOR DYNAMIC 45E ELEKTR\u0130KL\u0130 ZEM\u0130N YIKAMA OTOMATI"},"content":{"rendered":"<table>\n<tr>\n<td>Teorik Temizleme Kapasitesi<\/td>\n<td>1600 m2\/h<\/td>\n<\/tr>\n<tr>\n<td>G\u00fc\u00e7 Kayna\u011f\u0131<\/td>\n<td>230 V &#8211; 50 hz<\/td>\n<\/tr>\n<tr>\n<td>F\u0131r\u00e7a Geni\u015fli\u011fi<\/td>\n<td>450 mm<\/td>\n<\/tr>\n<tr>\n<td>Vakum Geni\u015fli\u011fi<\/td>\n<td>540 mm<\/td>\n<\/tr>\n<tr>\n<td>Temiz Su Tank\u0131<\/td>\n<td>35 Lt<\/td>\n<\/tr>\n<tr>\n<td>Kirli Su Tank\u0131<\/td>\n<td>35 Lt<\/td>\n<\/tr>\n<tr>\n<td>F\u0131r\u00e7a Devri<\/td>\n<td>140 rpm<\/td>\n<\/tr>\n<tr>\n<td>F\u0131r\u00e7a Motor G\u00fcc\u00fc<\/td>\n<td>400 W<\/td>\n<\/tr>\n<tr>\n<td>Vakum Motor G\u00fcc\u00fc<\/td>\n<td>400 W<\/td>\n<\/tr>\n<tr>\n<td>Rpm\/F\u0131r\u00e7a Bask\u0131s\u0131<\/td>\n<td>150\/18 kg<\/td>\n<\/tr>\n<tr>\n<td>\u00d6l\u00e7\u00fcler<\/td>\n<td>117x58x78<\/td>\n<\/tr>\n<tr>\n<td>A\u011f\u0131rl\u0131k<\/td>\n<td>65 kg<\/td>\n<\/tr>\n<\/table>\n","protected":false},"excerpt":{"rendered":"<p>Teorik Temizleme Kapasitesi 1600 m2\/h G\u00fc\u00e7 Kayna\u011f\u0131 230 V &#8211; 50 hz F\u0131r\u00e7a Geni\u015fli\u011fi 450 mm Vakum Geni\u015fli\u011fi 540 mm Temiz Su Tank\u0131 35 Lt Kirli Su Tank\u0131 35 Lt<\/p>\n","protected":false},"featured_media":8144,"comment_status":"open","ping_status":"closed","template":"","meta":{"_acf_changed":false},"product_brand":[1493],"product_cat":[767],"product_tag":[],"class_list":{"0":"post-7449","1":"product","2":"type-product","3":"status-publish","4":"has-post-thumbnail","6":"product_brand-lavor","7":"product_cat-zemin-yikama-otomatlari","9":"first","10":"outofstock","11":"taxable","12":"shipping-taxable","13":"purchasable","14":"product-type-simple","15":"add-to-wishlist-after_add_to_cart"},"acf":[],"_links":{"self":[{"href":"https:\/\/www.makitamarket.com.tr\/site\/wp-json\/wp\/v2\/product\/7449","targetHints":{"allow":["GET"]}}],"collection":[{"href":"https:\/\/www.makitamarket.com.tr\/site\/wp-json\/wp\/v2\/product"}],"about":[{"href":"https:\/\/www.makitamarket.com.tr\/site\/wp-json\/wp\/v2\/types\/product"}],"replies":[{"embeddable":true,"href":"https:\/\/www.makitamarket.com.tr\/site\/wp-json\/wp\/v2\/comments?post=7449"}],"wp:featuredmedia":[{"embeddable":true,"href":"https:\/\/www.makitamarket.com.tr\/site\/wp-json\/wp\/v2\/media\/8144"}],"wp:attachment":[{"href":"https:\/\/www.makitamarket.com.tr\/site\/wp-json\/wp\/v2\/media?parent=7449"}],"wp:term":[{"taxonomy":"product_brand","embeddable":true,"href":"https:\/\/www.makitamarket.com.tr\/site\/wp-json\/wp\/v2\/product_brand?post=7449"},{"taxonomy":"product_cat","embeddable":true,"href":"https:\/\/www.makitamarket.com.tr\/site\/wp-json\/wp\/v2\/product_cat?post=7449"},{"taxonomy":"product_tag","embeddable":true,"href":"https:\/\/www.makitamarket.com.tr\/site\/wp-json\/wp\/v2\/product_tag?post=7449"}],"curies":[{"name":"wp","href":"https:\/\/api.w.org\/{rel}","templated":true}]}}