{"id":7460,"date":"2024-09-11T22:25:03","date_gmt":"2024-09-11T19:25:03","guid":{"rendered":"https:\/\/www.makitamarket.com.tr\/site\/urun\/full-full-13-seffaf-organizer-takim-cantasi\/"},"modified":"2026-01-23T11:59:23","modified_gmt":"2026-01-23T08:59:23","slug":"full-full-13-seffaf-organizer-takim-cantasi","status":"publish","type":"product","link":"https:\/\/www.makitamarket.com.tr\/site\/urun\/full-full-13-seffaf-organizer-takim-cantasi\/","title":{"rendered":"Full FULLSEFFAF13 FULL 13 \u015eEFFAF ORGAN\u0130ZER TAKIM \u00c7ANTASI"},"content":{"rendered":"<p>\n\tPlastik kilitli 13&#8243; \u00f6l\u00e7\u00fcs\u00fcne sahip, \u015feffaf organizerdir.<\/p>\n<p>\n\tHer t\u00fcrl\u00fc ufak malzeme ve ince i\u015f\u00e7iliklerde kullan\u0131l\u0131r.<\/p>\n<table>\n<tr>\n<td>A\u00e7\u0131klama<\/td>\n<td>Plastik Kilit &#8211; 13 &#8211; 39x19x6h cm.<\/td>\n<\/tr>\n<tr>\n<td>Koli Adedi<\/td>\n<td>24<\/td>\n<\/tr>\n<\/table>\n","protected":false},"excerpt":{"rendered":"<p>\n\tPlastik kilitli 13&#8243; \u00f6l\u00e7\u00fcs\u00fcne sahip, \u015feffaf organizerdir.<\/p>\n<p>\n\tHer t\u00fcrl\u00fc ufak malzeme ve ince i\u015f\u00e7iliklerde kullan\u0131l\u0131r.<\/p>\n","protected":false},"featured_media":8150,"comment_status":"open","ping_status":"closed","template":"","meta":{"_acf_changed":false},"product_brand":[1502],"product_cat":[757],"product_tag":[],"class_list":{"0":"post-7460","1":"product","2":"type-product","3":"status-publish","4":"has-post-thumbnail","6":"product_brand-full","7":"product_cat-organizer-kutular","9":"first","10":"outofstock","11":"taxable","12":"shipping-taxable","13":"purchasable","14":"product-type-simple","15":"add-to-wishlist-after_add_to_cart"},"acf":[],"_links":{"self":[{"href":"https:\/\/www.makitamarket.com.tr\/site\/wp-json\/wp\/v2\/product\/7460","targetHints":{"allow":["GET"]}}],"collection":[{"href":"https:\/\/www.makitamarket.com.tr\/site\/wp-json\/wp\/v2\/product"}],"about":[{"href":"https:\/\/www.makitamarket.com.tr\/site\/wp-json\/wp\/v2\/types\/product"}],"replies":[{"embeddable":true,"href":"https:\/\/www.makitamarket.com.tr\/site\/wp-json\/wp\/v2\/comments?post=7460"}],"wp:featuredmedia":[{"embeddable":true,"href":"https:\/\/www.makitamarket.com.tr\/site\/wp-json\/wp\/v2\/media\/8150"}],"wp:attachment":[{"href":"https:\/\/www.makitamarket.com.tr\/site\/wp-json\/wp\/v2\/media?parent=7460"}],"wp:term":[{"taxonomy":"product_brand","embeddable":true,"href":"https:\/\/www.makitamarket.com.tr\/site\/wp-json\/wp\/v2\/product_brand?post=7460"},{"taxonomy":"product_cat","embeddable":true,"href":"https:\/\/www.makitamarket.com.tr\/site\/wp-json\/wp\/v2\/product_cat?post=7460"},{"taxonomy":"product_tag","embeddable":true,"href":"https:\/\/www.makitamarket.com.tr\/site\/wp-json\/wp\/v2\/product_tag?post=7460"}],"curies":[{"name":"wp","href":"https:\/\/api.w.org\/{rel}","templated":true}]}}